{"id":24314,"date":"2025-11-26T17:54:08","date_gmt":"2025-11-26T22:54:08","guid":{"rendered":"https:\/\/perfectmass.net\/uncategorized\/hard-blends-yohimbine\/"},"modified":"2026-04-23T13:05:29","modified_gmt":"2026-04-23T18:05:29","slug":"hard-blends-yohimbine","status":"publish","type":"product","link":"https:\/\/perfectmass.net\/latam\/nutricion\/suplementos\/hard-blends-yohimbine\/","title":{"rendered":"Yohimbine &#8211; Quemador de Grasa Hard Blends"},"content":{"rendered":"<p><strong>Yohimbine &#8211; Quemador de Grasa Hard Blends<\/strong><\/p>\n<p>Yohimbine &#8211; Quemador de Grasa Hard Blends<\/p>\n<p>F\u00f3rmula termog\u00e9nica dise\u00f1ada para apoyar los procesos de definici\u00f3n corporal y el control del peso en combinaci\u00f3n con dieta y ejercicio.<\/p>\n","protected":false},"excerpt":{"rendered":"<p>Termog\u00e9nico para apoyar la definici\u00f3n y el control del peso.<\/p>\n","protected":false},"featured_media":24315,"comment_status":"open","ping_status":"closed","template":"","meta":[],"etheme_brands":[{"term_id":2562,"name":"Hard Blends","slug":"hard-blends","term_group":0,"term_taxonomy_id":2562,"taxonomy":"brand","description":"","parent":0,"count":6,"filter":"raw"}],"product_brand":[2791],"product_cat":[1501,1605],"product_tag":[1606],"class_list":{"0":"post-24314","1":"product","2":"type-product","3":"status-publish","4":"has-post-thumbnail","6":"brand-hard-blends","7":"product_brand-hard-blends","8":"product_cat-nutricion","9":"product_cat-suplementos","10":"product_tag-suplemento","12":"first","13":"instock","14":"sale","15":"taxable","16":"shipping-taxable","17":"purchasable","18":"product-type-variable","19":"has-default-attributes"},"_links":{"self":[{"href":"https:\/\/perfectmass.net\/latam\/wp-json\/wp\/v2\/product\/24314","targetHints":{"allow":["GET"]}}],"collection":[{"href":"https:\/\/perfectmass.net\/latam\/wp-json\/wp\/v2\/product"}],"about":[{"href":"https:\/\/perfectmass.net\/latam\/wp-json\/wp\/v2\/types\/product"}],"replies":[{"embeddable":true,"href":"https:\/\/perfectmass.net\/latam\/wp-json\/wp\/v2\/comments?post=24314"}],"version-history":[{"count":1,"href":"https:\/\/perfectmass.net\/latam\/wp-json\/wp\/v2\/product\/24314\/revisions"}],"predecessor-version":[{"id":29103,"href":"https:\/\/perfectmass.net\/latam\/wp-json\/wp\/v2\/product\/24314\/revisions\/29103"}],"wp:featuredmedia":[{"embeddable":true,"href":"https:\/\/perfectmass.net\/latam\/wp-json\/wp\/v2\/media\/24315"}],"wp:attachment":[{"href":"https:\/\/perfectmass.net\/latam\/wp-json\/wp\/v2\/media?parent=24314"}],"wp:term":[{"taxonomy":"brand","embeddable":true,"href":"https:\/\/perfectmass.net\/latam\/wp-json\/wp\/v2\/etheme_brands?post=24314"},{"taxonomy":"product_brand","embeddable":true,"href":"https:\/\/perfectmass.net\/latam\/wp-json\/wp\/v2\/product_brand?post=24314"},{"taxonomy":"product_cat","embeddable":true,"href":"https:\/\/perfectmass.net\/latam\/wp-json\/wp\/v2\/product_cat?post=24314"},{"taxonomy":"product_tag","embeddable":true,"href":"https:\/\/perfectmass.net\/latam\/wp-json\/wp\/v2\/product_tag?post=24314"}],"curies":[{"name":"wp","href":"https:\/\/api.w.org\/{rel}","templated":true}]}}