{"id":24307,"date":"2025-11-26T17:54:09","date_gmt":"2025-11-26T22:54:09","guid":{"rendered":"https:\/\/perfectmass.net\/uncategorized\/musclemeds-liver-detox\/"},"modified":"2026-04-23T13:05:27","modified_gmt":"2026-04-23T18:05:27","slug":"musclemeds-liver-detox","status":"publish","type":"product","link":"https:\/\/perfectmass.net\/latam\/nutricion\/suplementos\/musclemeds-liver-detox\/","title":{"rendered":"Liver Detox &#8211; MuscleMeds"},"content":{"rendered":"<p><strong>Liver Detox &#8211; MuscleMeds<\/strong><\/p>\n<p>Liver Detox<\/p>\n<p>F\u00f3rmula de soporte hep\u00e1tico y protecci\u00f3n de \u00f3rganos dise\u00f1ada para deportistas que someten su cuerpo a entrenamientos intensos o ciclos de suplementaci\u00f3n.<\/p>\n","protected":false},"excerpt":{"rendered":"<p>Protector hep\u00e1tico y soporte de \u00f3rganos para deportistas.<\/p>\n","protected":false},"featured_media":24309,"comment_status":"open","ping_status":"closed","template":"","meta":[],"etheme_brands":[{"term_id":2597,"name":"MuscleMeds","slug":"musclemeds","term_group":0,"term_taxonomy_id":2597,"taxonomy":"brand","description":"<strong data-start=\"235\" data-end=\"260\">MuscleMeds:<\/strong> es una marca reconocida por su compromiso con la calidad, la innovaci\u00f3n y el rendimiento dentro del mundo de la nutrici\u00f3n deportiva. Sus productos est\u00e1n desarrollados para ayudar a deportistas y personas activas a mejorar su recuperaci\u00f3n, aumentar su energ\u00eda y alcanzar sus objetivos de forma segura y efectiva. En PerfectMassNutrition\u00ae seleccionamos lo mejor de MuscleMeds para ofrecerte suplementos confiables, con excelentes ingredientes y resultados comprobados, disponibles para toda Colombia y Latinoam\u00e9rica.","parent":0,"count":11,"filter":"raw"}],"product_brand":[2698],"product_cat":[1501,1605],"product_tag":[1606],"class_list":{"0":"post-24307","1":"product","2":"type-product","3":"status-publish","4":"has-post-thumbnail","6":"brand-musclemeds","7":"product_brand-musclemeds","8":"product_cat-nutricion","9":"product_cat-suplementos","10":"product_tag-suplemento","12":"first","13":"instock","14":"sale","15":"taxable","16":"shipping-taxable","17":"purchasable","18":"product-type-variable","19":"has-default-attributes"},"_links":{"self":[{"href":"https:\/\/perfectmass.net\/latam\/wp-json\/wp\/v2\/product\/24307","targetHints":{"allow":["GET"]}}],"collection":[{"href":"https:\/\/perfectmass.net\/latam\/wp-json\/wp\/v2\/product"}],"about":[{"href":"https:\/\/perfectmass.net\/latam\/wp-json\/wp\/v2\/types\/product"}],"replies":[{"embeddable":true,"href":"https:\/\/perfectmass.net\/latam\/wp-json\/wp\/v2\/comments?post=24307"}],"version-history":[{"count":1,"href":"https:\/\/perfectmass.net\/latam\/wp-json\/wp\/v2\/product\/24307\/revisions"}],"predecessor-version":[{"id":29099,"href":"https:\/\/perfectmass.net\/latam\/wp-json\/wp\/v2\/product\/24307\/revisions\/29099"}],"wp:featuredmedia":[{"embeddable":true,"href":"https:\/\/perfectmass.net\/latam\/wp-json\/wp\/v2\/media\/24309"}],"wp:attachment":[{"href":"https:\/\/perfectmass.net\/latam\/wp-json\/wp\/v2\/media?parent=24307"}],"wp:term":[{"taxonomy":"brand","embeddable":true,"href":"https:\/\/perfectmass.net\/latam\/wp-json\/wp\/v2\/etheme_brands?post=24307"},{"taxonomy":"product_brand","embeddable":true,"href":"https:\/\/perfectmass.net\/latam\/wp-json\/wp\/v2\/product_brand?post=24307"},{"taxonomy":"product_cat","embeddable":true,"href":"https:\/\/perfectmass.net\/latam\/wp-json\/wp\/v2\/product_cat?post=24307"},{"taxonomy":"product_tag","embeddable":true,"href":"https:\/\/perfectmass.net\/latam\/wp-json\/wp\/v2\/product_tag?post=24307"}],"curies":[{"name":"wp","href":"https:\/\/api.w.org\/{rel}","templated":true}]}}