{"id":24271,"date":"2025-11-26T17:54:09","date_gmt":"2025-11-26T22:54:09","guid":{"rendered":"https:\/\/perfectmass.net\/uncategorized\/macroblends-cr2-creatine\/"},"modified":"2026-04-23T13:05:20","modified_gmt":"2026-04-23T18:05:20","slug":"macroblends-cr2-creatine","status":"publish","type":"product","link":"https:\/\/perfectmass.net\/latam\/nutricion\/creatina\/monohidratada\/macroblends-cr2-creatine\/","title":{"rendered":"CR2 Creatine &#8211; Macroblends"},"content":{"rendered":"<p>UNIVERSAL CREATINE es creatina monohidrato pura para aumentar fuerza y masa muscular. La creatina es el suplemento m\u00e1s estudiado y efectivo para mejorar el rendimiento f\u00edsico. Presentaci\u00f3n: 200 SERVICIOS.<\/p>\n","protected":false},"excerpt":{"rendered":"<p>Creatina monohidrato<\/p>\n","protected":false},"featured_media":24272,"comment_status":"open","ping_status":"closed","template":"","meta":[],"etheme_brands":[{"term_id":2590,"name":"Macroblends","slug":"macroblends","term_group":0,"term_taxonomy_id":2590,"taxonomy":"brand","description":"<strong data-start=\"235\" data-end=\"260\">MacroBlends:<\/strong> es una marca reconocida por su compromiso con la calidad, la innovaci\u00f3n y el rendimiento dentro del mundo de la nutrici\u00f3n deportiva. Sus productos est\u00e1n desarrollados para ayudar a deportistas y personas activas a mejorar su recuperaci\u00f3n, aumentar su energ\u00eda y alcanzar sus objetivos de forma segura y efectiva. En PerfectMassNutrition\u00ae seleccionamos lo mejor de MacroBlends para ofrecerte suplementos confiables, con excelentes ingredientes y resultados comprobados, disponibles para toda Colombia y Latinoam\u00e9rica.","parent":0,"count":8,"filter":"raw"}],"product_brand":[2773],"product_cat":[1603,1604],"product_tag":[1620],"class_list":{"0":"post-24271","1":"product","2":"type-product","3":"status-publish","4":"has-post-thumbnail","6":"brand-macroblends","7":"product_brand-macroblends","8":"product_cat-creatina","9":"product_cat-monohidratada","10":"product_tag-fuerza","12":"first","13":"instock","14":"sale","15":"taxable","16":"shipping-taxable","17":"purchasable","18":"product-type-variable","19":"has-default-attributes"},"_links":{"self":[{"href":"https:\/\/perfectmass.net\/latam\/wp-json\/wp\/v2\/product\/24271","targetHints":{"allow":["GET"]}}],"collection":[{"href":"https:\/\/perfectmass.net\/latam\/wp-json\/wp\/v2\/product"}],"about":[{"href":"https:\/\/perfectmass.net\/latam\/wp-json\/wp\/v2\/types\/product"}],"replies":[{"embeddable":true,"href":"https:\/\/perfectmass.net\/latam\/wp-json\/wp\/v2\/comments?post=24271"}],"version-history":[{"count":1,"href":"https:\/\/perfectmass.net\/latam\/wp-json\/wp\/v2\/product\/24271\/revisions"}],"predecessor-version":[{"id":29077,"href":"https:\/\/perfectmass.net\/latam\/wp-json\/wp\/v2\/product\/24271\/revisions\/29077"}],"wp:featuredmedia":[{"embeddable":true,"href":"https:\/\/perfectmass.net\/latam\/wp-json\/wp\/v2\/media\/24272"}],"wp:attachment":[{"href":"https:\/\/perfectmass.net\/latam\/wp-json\/wp\/v2\/media?parent=24271"}],"wp:term":[{"taxonomy":"brand","embeddable":true,"href":"https:\/\/perfectmass.net\/latam\/wp-json\/wp\/v2\/etheme_brands?post=24271"},{"taxonomy":"product_brand","embeddable":true,"href":"https:\/\/perfectmass.net\/latam\/wp-json\/wp\/v2\/product_brand?post=24271"},{"taxonomy":"product_cat","embeddable":true,"href":"https:\/\/perfectmass.net\/latam\/wp-json\/wp\/v2\/product_cat?post=24271"},{"taxonomy":"product_tag","embeddable":true,"href":"https:\/\/perfectmass.net\/latam\/wp-json\/wp\/v2\/product_tag?post=24271"}],"curies":[{"name":"wp","href":"https:\/\/api.w.org\/{rel}","templated":true}]}}