{"id":24060,"date":"2025-11-26T17:54:12","date_gmt":"2025-11-26T22:54:12","guid":{"rendered":"https:\/\/perfectmass.net\/uncategorized\/smart-ganador-de-masa-proscience\/"},"modified":"2026-04-23T13:04:43","modified_gmt":"2026-04-23T18:04:43","slug":"smart-ganador-de-masa-proscience","status":"publish","type":"product","link":"https:\/\/perfectmass.net\/latam\/uncategorized\/smart-ganador-de-masa-proscience\/","title":{"rendered":"Smart &#8211; Ganador de masa Proscience"},"content":{"rendered":"<h2>Smart &#8211; Ganador de masa Proscience<\/h2>\n<p><strong>SMART\u00a0<\/strong>es un producto alimenticio a base de Harina de Avena y Amilopectina, los cuales son dos fuentes ideales de carbohidratos complejos, mezclados con Prote\u00edna de Suero de Leche y Case\u00edna.<\/p>\n<p>\u00c9ste es un producto considerado hipercal\u00f3rico ya que\u00a0<strong>SMART<\/strong>\u00a0aporta por servicio 910 calor\u00edas y es excelente para aquellas personas que necesitan m\u00e1s calor\u00edas para obtener resultados y no logran su requerimiento cal\u00f3rico a partir de la alimentaci\u00f3n.<\/p>\n<p>En diferentes procesos en los cuales se requiera ganar masa muscular, lo ideal es lograr un super\u00e1vit cal\u00f3rico a base de la alimentaci\u00f3n, unido a un entrenamiento de fuerza para lograr el objetivo, lamentablemente en muchas ocasiones las personas no logran este requerimiento cal\u00f3rico. En dichas personas\u00a0<strong>SMART\u00a0<\/strong>ayuda a lograr alcanzar las calor\u00edas suficientes para llegar a dicho super\u00e1vit cal\u00f3rico y obtener los resultados que se requiere.<\/p>\n<p><strong>SMART<\/strong>\u00a0puedes consumirla a cualquier hora del d\u00eda como un complemento a tu alimentaci\u00f3n y\/o para lograr el super\u00e1vit cal\u00f3rico deseado. Si realizas actividad f\u00edsica puedes utilizarla posterior al entrenamiento, mezcl\u00e1ndola con agua o si deseas aumentar su contenido cal\u00f3rico la puedes preparar en leche.<\/p>\n<div id=\"attachment_22116\" style=\"width: 310px\" class=\"wp-caption alignnone\"><img fetchpriority=\"high\" decoding=\"async\" aria-describedby=\"caption-attachment-22116\" class=\"size-medium wp-image-22116\" src=\"https:\/\/perfectmass.net\/wp-content\/uploads\/2025\/11\/smart-6lb-chocolate-1-300x300.webp\" alt=\"Smart - Ganador de masa Proscience\" width=\"300\" height=\"300\" title=\"\" srcset=\"https:\/\/perfectmass.net\/wp-content\/uploads\/2025\/11\/smart-6lb-chocolate-1-300x300.webp 300w, https:\/\/perfectmass.net\/wp-content\/uploads\/2025\/11\/smart-6lb-chocolate-1-150x150.webp 150w, https:\/\/perfectmass.net\/wp-content\/uploads\/2025\/11\/smart-6lb-chocolate-1-445x445.webp 445w, https:\/\/perfectmass.net\/wp-content\/uploads\/2025\/11\/smart-6lb-chocolate-1-100x100.webp 100w, https:\/\/perfectmass.net\/wp-content\/uploads\/2025\/11\/smart-6lb-chocolate-1-1x1.webp 1w, https:\/\/perfectmass.net\/wp-content\/uploads\/2025\/11\/smart-6lb-chocolate-1-10x10.webp 10w, https:\/\/perfectmass.net\/wp-content\/uploads\/2025\/11\/smart-6lb-chocolate-1.webp 600w\" sizes=\"(max-width: 300px) 100vw, 300px\" \/><p id=\"caption-attachment-22116\" class=\"wp-caption-text\">Smart &#8211; Ganador de masa <a href=\"https:\/\/proscience.com.co\/\" target=\"_blank\" rel=\"noopener\">Proscience<\/a><\/p><\/div>\n<p>Visitar <a href=\"http:\/\/PerfectMass.net\" target=\"_blank\" rel=\"noopener\">PerfectMass.net<\/a><\/p>\n","protected":false},"excerpt":{"rendered":"<p>Prote\u00edna de alta calidad para apoyar tus objetivos diarios.<\/p>\n","protected":false},"featured_media":24062,"comment_status":"open","ping_status":"closed","template":"","meta":[],"etheme_brands":[{"term_id":2616,"name":"Proscience","slug":"proscience","term_group":0,"term_taxonomy_id":2616,"taxonomy":"brand","description":"<strong data-start=\"235\" data-end=\"260\">Proscience:<\/strong> es una marca reconocida por su compromiso con la calidad, la innovaci\u00f3n y el rendimiento dentro del mundo de la nutrici\u00f3n deportiva. Sus productos est\u00e1n desarrollados para ayudar a deportistas y personas activas a mejorar su recuperaci\u00f3n, aumentar su energ\u00eda y alcanzar sus objetivos de forma segura y efectiva. En PerfectMassNutrition\u00ae seleccionamos lo mejor de Proscience para ofrecerte suplementos confiables, con excelentes ingredientes y resultados comprobados, disponibles para toda Colombia y Latinoam\u00e9rica.","parent":0,"count":25,"filter":"raw"}],"product_brand":[2719],"product_cat":[],"product_tag":[1608],"class_list":{"0":"post-24060","1":"product","2":"type-product","3":"status-publish","4":"has-post-thumbnail","6":"brand-proscience","7":"product_brand-proscience","8":"product_tag-ganar-masa","10":"first","11":"instock","12":"sale","13":"taxable","14":"shipping-taxable","15":"purchasable","16":"product-type-variable","17":"has-default-attributes"},"_links":{"self":[{"href":"https:\/\/perfectmass.net\/latam\/wp-json\/wp\/v2\/product\/24060","targetHints":{"allow":["GET"]}}],"collection":[{"href":"https:\/\/perfectmass.net\/latam\/wp-json\/wp\/v2\/product"}],"about":[{"href":"https:\/\/perfectmass.net\/latam\/wp-json\/wp\/v2\/types\/product"}],"replies":[{"embeddable":true,"href":"https:\/\/perfectmass.net\/latam\/wp-json\/wp\/v2\/comments?post=24060"}],"version-history":[{"count":1,"href":"https:\/\/perfectmass.net\/latam\/wp-json\/wp\/v2\/product\/24060\/revisions"}],"predecessor-version":[{"id":28941,"href":"https:\/\/perfectmass.net\/latam\/wp-json\/wp\/v2\/product\/24060\/revisions\/28941"}],"wp:featuredmedia":[{"embeddable":true,"href":"https:\/\/perfectmass.net\/latam\/wp-json\/wp\/v2\/media\/24062"}],"wp:attachment":[{"href":"https:\/\/perfectmass.net\/latam\/wp-json\/wp\/v2\/media?parent=24060"}],"wp:term":[{"taxonomy":"brand","embeddable":true,"href":"https:\/\/perfectmass.net\/latam\/wp-json\/wp\/v2\/etheme_brands?post=24060"},{"taxonomy":"product_brand","embeddable":true,"href":"https:\/\/perfectmass.net\/latam\/wp-json\/wp\/v2\/product_brand?post=24060"},{"taxonomy":"product_cat","embeddable":true,"href":"https:\/\/perfectmass.net\/latam\/wp-json\/wp\/v2\/product_cat?post=24060"},{"taxonomy":"product_tag","embeddable":true,"href":"https:\/\/perfectmass.net\/latam\/wp-json\/wp\/v2\/product_tag?post=24060"}],"curies":[{"name":"wp","href":"https:\/\/api.w.org\/{rel}","templated":true}]}}