{"id":24028,"date":"2025-11-26T17:54:13","date_gmt":"2025-11-26T22:54:13","guid":{"rendered":"https:\/\/perfectmass.net\/uncategorized\/sascha-fitness-fit-9-generico\/"},"modified":"2026-05-02T04:34:04","modified_gmt":"2026-05-02T09:34:04","slug":"sascha-fitness-fit-9-generico","status":"publish","type":"product","link":"https:\/\/perfectmass.net\/latam\/nutricion\/suplementos\/sascha-fitness-fit-9-generico\/","title":{"rendered":"Fit 9 Generico &#8211; Adapt\u00f3genos Sascha Fitness"},"content":{"rendered":"<p><strong>Fit 9 Generico &#8211; Adapt\u00f3genos Sascha Fitness<\/strong><\/p>\n<p>Fit 9 Generico &#8211; Adapt\u00f3genos Sascha Fitness<\/p>\n<p>Extracto adaptog\u00e9nico de alta calidad para apoyar la respuesta al estr\u00e9s, el rendimiento f\u00edsico y el bienestar general.<\/p>\n","protected":false},"excerpt":{"rendered":"<p>Adapt\u00f3geno natural para reducir el estr\u00e9s y mejorar el rendimiento.<\/p>\n","protected":false},"featured_media":24029,"comment_status":"open","ping_status":"closed","template":"","meta":[],"etheme_brands":[{"term_id":2630,"name":"Sascha Fitness","slug":"sascha-fitness","term_group":0,"term_taxonomy_id":2630,"taxonomy":"brand","description":"","parent":0,"count":5,"filter":"raw"}],"product_brand":[2732],"product_cat":[3677],"product_tag":[1606],"class_list":{"0":"post-24028","1":"product","2":"type-product","3":"status-publish","4":"has-post-thumbnail","6":"brand-sascha-fitness","7":"product_brand-sascha-fitness","8":"product_cat-suplementos","9":"product_tag-suplemento","11":"first","12":"instock","13":"sale","14":"taxable","15":"shipping-taxable","16":"purchasable","17":"product-type-variable","18":"has-default-attributes"},"_links":{"self":[{"href":"https:\/\/perfectmass.net\/latam\/wp-json\/wp\/v2\/product\/24028","targetHints":{"allow":["GET"]}}],"collection":[{"href":"https:\/\/perfectmass.net\/latam\/wp-json\/wp\/v2\/product"}],"about":[{"href":"https:\/\/perfectmass.net\/latam\/wp-json\/wp\/v2\/types\/product"}],"replies":[{"embeddable":true,"href":"https:\/\/perfectmass.net\/latam\/wp-json\/wp\/v2\/comments?post=24028"}],"version-history":[{"count":1,"href":"https:\/\/perfectmass.net\/latam\/wp-json\/wp\/v2\/product\/24028\/revisions"}],"predecessor-version":[{"id":28903,"href":"https:\/\/perfectmass.net\/latam\/wp-json\/wp\/v2\/product\/24028\/revisions\/28903"}],"wp:featuredmedia":[{"embeddable":true,"href":"https:\/\/perfectmass.net\/latam\/wp-json\/wp\/v2\/media\/24029"}],"wp:attachment":[{"href":"https:\/\/perfectmass.net\/latam\/wp-json\/wp\/v2\/media?parent=24028"}],"wp:term":[{"taxonomy":"brand","embeddable":true,"href":"https:\/\/perfectmass.net\/latam\/wp-json\/wp\/v2\/etheme_brands?post=24028"},{"taxonomy":"product_brand","embeddable":true,"href":"https:\/\/perfectmass.net\/latam\/wp-json\/wp\/v2\/product_brand?post=24028"},{"taxonomy":"product_cat","embeddable":true,"href":"https:\/\/perfectmass.net\/latam\/wp-json\/wp\/v2\/product_cat?post=24028"},{"taxonomy":"product_tag","embeddable":true,"href":"https:\/\/perfectmass.net\/latam\/wp-json\/wp\/v2\/product_tag?post=24028"}],"curies":[{"name":"wp","href":"https:\/\/api.w.org\/{rel}","templated":true}]}}