{"id":23968,"date":"2025-11-26T17:54:25","date_gmt":"2025-11-26T22:54:25","guid":{"rendered":"https:\/\/perfectmass.net\/uncategorized\/nutramerican-pharma-upn-gluta-stack\/"},"modified":"2026-04-23T13:04:32","modified_gmt":"2026-04-23T18:04:32","slug":"nutramerican-pharma-upn-gluta-stack","status":"publish","type":"product","link":"https:\/\/perfectmass.net\/latam\/nutricion\/mas-vendidos\/nutramerican-pharma-upn-gluta-stack\/","title":{"rendered":"Upn Gluta Stack &#8211; Glutamina Nutramerican Pharma"},"content":{"rendered":"<p><strong>Upn Gluta Stack &#8211; Nutramerican Pharma<\/strong><\/p>\n<p>Complemento ideal para apoyar recuperaci\u00f3n y desempe\u00f1o f\u00edsico diario.<\/p>\n","protected":false},"excerpt":{"rendered":"<p>Recuperaci\u00f3n y soporte muscular para tu rutina deportiva.<\/p>\n","protected":false},"featured_media":23969,"comment_status":"open","ping_status":"closed","template":"","meta":[],"etheme_brands":[{"term_id":2607,"name":"Nutramerican Pharma","slug":"nutramerican-pharma","term_group":0,"term_taxonomy_id":2607,"taxonomy":"brand","description":"<strong data-start=\"235\" data-end=\"260\">Nutramerican Pharma:<\/strong> es una marca reconocida por su compromiso con la calidad, la innovaci\u00f3n y el rendimiento dentro del mundo de la nutrici\u00f3n deportiva. Sus productos est\u00e1n desarrollados para ayudar a deportistas y personas activas a mejorar su recuperaci\u00f3n, aumentar su energ\u00eda y alcanzar sus objetivos de forma segura y efectiva. En PerfectMassNutrition\u00ae seleccionamos lo mejor de Nutramerican Pharma para ofrecerte suplementos confiables, con excelentes ingredientes y resultados comprobados, disponibles para toda Colombia y Latinoam\u00e9rica.","parent":0,"count":24,"filter":"raw"}],"product_brand":[2708],"product_cat":[1594,1595,1501,1596,1605],"product_tag":[1606],"class_list":{"0":"post-23968","1":"product","2":"type-product","3":"status-publish","4":"has-post-thumbnail","6":"brand-nutramerican-pharma","7":"product_brand-nutramerican-pharma","8":"product_cat-mas-vendidos","9":"product_cat-novedades","10":"product_cat-nutricion","11":"product_cat-ofertas","12":"product_cat-suplementos","13":"product_tag-suplemento","15":"first","16":"instock","17":"sale","18":"taxable","19":"shipping-taxable","20":"purchasable","21":"product-type-variable","22":"has-default-attributes"},"_links":{"self":[{"href":"https:\/\/perfectmass.net\/latam\/wp-json\/wp\/v2\/product\/23968","targetHints":{"allow":["GET"]}}],"collection":[{"href":"https:\/\/perfectmass.net\/latam\/wp-json\/wp\/v2\/product"}],"about":[{"href":"https:\/\/perfectmass.net\/latam\/wp-json\/wp\/v2\/types\/product"}],"replies":[{"embeddable":true,"href":"https:\/\/perfectmass.net\/latam\/wp-json\/wp\/v2\/comments?post=23968"}],"version-history":[{"count":1,"href":"https:\/\/perfectmass.net\/latam\/wp-json\/wp\/v2\/product\/23968\/revisions"}],"predecessor-version":[{"id":28855,"href":"https:\/\/perfectmass.net\/latam\/wp-json\/wp\/v2\/product\/23968\/revisions\/28855"}],"wp:featuredmedia":[{"embeddable":true,"href":"https:\/\/perfectmass.net\/latam\/wp-json\/wp\/v2\/media\/23969"}],"wp:attachment":[{"href":"https:\/\/perfectmass.net\/latam\/wp-json\/wp\/v2\/media?parent=23968"}],"wp:term":[{"taxonomy":"brand","embeddable":true,"href":"https:\/\/perfectmass.net\/latam\/wp-json\/wp\/v2\/etheme_brands?post=23968"},{"taxonomy":"product_brand","embeddable":true,"href":"https:\/\/perfectmass.net\/latam\/wp-json\/wp\/v2\/product_brand?post=23968"},{"taxonomy":"product_cat","embeddable":true,"href":"https:\/\/perfectmass.net\/latam\/wp-json\/wp\/v2\/product_cat?post=23968"},{"taxonomy":"product_tag","embeddable":true,"href":"https:\/\/perfectmass.net\/latam\/wp-json\/wp\/v2\/product_tag?post=23968"}],"curies":[{"name":"wp","href":"https:\/\/api.w.org\/{rel}","templated":true}]}}