{"id":23879,"date":"2025-11-26T17:54:26","date_gmt":"2025-11-26T22:54:26","guid":{"rendered":"https:\/\/perfectmass.net\/uncategorized\/musclemeds-carnivor-isolate\/"},"modified":"2026-05-02T04:33:35","modified_gmt":"2026-05-02T09:33:35","slug":"musclemeds-carnivor-isolate","status":"publish","type":"product","link":"https:\/\/perfectmass.net\/latam\/nutricion\/proteina\/aislada\/musclemeds-carnivor-isolate\/","title":{"rendered":"Carnivor Isolate &#8211; MuscleMeds"},"content":{"rendered":"<p><strong>Carnivor Isolate &#8211; MuscleMeds<\/strong><\/p>\n<p>Carnivor Isolate<\/p>\n<p>Prote\u00edna de alta calidad dise\u00f1ada para apoyar la recuperaci\u00f3n y el desarrollo muscular. Aporta amino\u00e1cidos esenciales de r\u00e1pida absorci\u00f3n, ideales para despu\u00e9s del entrenamiento.<\/p>\n","protected":false},"excerpt":{"rendered":"<p>Prote\u00edna de suero para favorecer la recuperaci\u00f3n y el crecimiento muscular.<\/p>\n","protected":false},"featured_media":23880,"comment_status":"open","ping_status":"closed","template":"","meta":[],"etheme_brands":[{"term_id":2597,"name":"MuscleMeds","slug":"musclemeds","term_group":0,"term_taxonomy_id":2597,"taxonomy":"brand","description":"<strong data-start=\"235\" data-end=\"260\">MuscleMeds:<\/strong> es una marca reconocida por su compromiso con la calidad, la innovaci\u00f3n y el rendimiento dentro del mundo de la nutrici\u00f3n deportiva. Sus productos est\u00e1n desarrollados para ayudar a deportistas y personas activas a mejorar su recuperaci\u00f3n, aumentar su energ\u00eda y alcanzar sus objetivos de forma segura y efectiva. En PerfectMassNutrition\u00ae seleccionamos lo mejor de MuscleMeds para ofrecerte suplementos confiables, con excelentes ingredientes y resultados comprobados, disponibles para toda Colombia y Latinoam\u00e9rica.","parent":0,"count":11,"filter":"raw"}],"product_brand":[2698],"product_cat":[3695],"product_tag":[1606],"class_list":{"0":"post-23879","1":"product","2":"type-product","3":"status-publish","4":"has-post-thumbnail","6":"brand-musclemeds","7":"product_brand-musclemeds","8":"product_cat-aislada","9":"product_tag-suplemento","11":"first","12":"instock","13":"sale","14":"taxable","15":"shipping-taxable","16":"purchasable","17":"product-type-variable","18":"has-default-attributes"},"_links":{"self":[{"href":"https:\/\/perfectmass.net\/latam\/wp-json\/wp\/v2\/product\/23879","targetHints":{"allow":["GET"]}}],"collection":[{"href":"https:\/\/perfectmass.net\/latam\/wp-json\/wp\/v2\/product"}],"about":[{"href":"https:\/\/perfectmass.net\/latam\/wp-json\/wp\/v2\/types\/product"}],"replies":[{"embeddable":true,"href":"https:\/\/perfectmass.net\/latam\/wp-json\/wp\/v2\/comments?post=23879"}],"version-history":[{"count":1,"href":"https:\/\/perfectmass.net\/latam\/wp-json\/wp\/v2\/product\/23879\/revisions"}],"predecessor-version":[{"id":28797,"href":"https:\/\/perfectmass.net\/latam\/wp-json\/wp\/v2\/product\/23879\/revisions\/28797"}],"wp:featuredmedia":[{"embeddable":true,"href":"https:\/\/perfectmass.net\/latam\/wp-json\/wp\/v2\/media\/23880"}],"wp:attachment":[{"href":"https:\/\/perfectmass.net\/latam\/wp-json\/wp\/v2\/media?parent=23879"}],"wp:term":[{"taxonomy":"brand","embeddable":true,"href":"https:\/\/perfectmass.net\/latam\/wp-json\/wp\/v2\/etheme_brands?post=23879"},{"taxonomy":"product_brand","embeddable":true,"href":"https:\/\/perfectmass.net\/latam\/wp-json\/wp\/v2\/product_brand?post=23879"},{"taxonomy":"product_cat","embeddable":true,"href":"https:\/\/perfectmass.net\/latam\/wp-json\/wp\/v2\/product_cat?post=23879"},{"taxonomy":"product_tag","embeddable":true,"href":"https:\/\/perfectmass.net\/latam\/wp-json\/wp\/v2\/product_tag?post=23879"}],"curies":[{"name":"wp","href":"https:\/\/api.w.org\/{rel}","templated":true}]}}