{"id":23782,"date":"2025-11-26T17:54:39","date_gmt":"2025-11-26T22:54:39","guid":{"rendered":"https:\/\/perfectmass.net\/uncategorized\/imn-nutrition-omega-3\/"},"modified":"2026-04-23T13:03:54","modified_gmt":"2026-04-23T18:03:54","slug":"imn-nutrition-omega-3","status":"publish","type":"product","link":"https:\/\/perfectmass.net\/latam\/nutricion\/suplementos\/vitaminas-minerales\/imn-nutrition-omega-3\/","title":{"rendered":"Omega-3 &#8211; Vitaminas y Minerales IMN Nutrition"},"content":{"rendered":"<p>IMN NUTRITION OMEGA-3 proporciona \u00e1cidos grasos esenciales omega-3 para la salud cardiovascular y articular. Beneficioso para deportistas y personas activas. Presentaci\u00f3n: 120 CAPSULAS.<\/p>\n","protected":false},"excerpt":{"rendered":"<p>\u00c1cidos grasos esenciales<\/p>\n","protected":false},"featured_media":23783,"comment_status":"open","ping_status":"closed","template":"","meta":[],"etheme_brands":[{"term_id":2575,"name":"IMN Nutrition","slug":"imn-nutrition","term_group":0,"term_taxonomy_id":2575,"taxonomy":"brand","description":"<strong data-start=\"235\" data-end=\"260\">IMN Nutrition:<\/strong> es una marca reconocida por su compromiso con la calidad, la innovaci\u00f3n y el rendimiento dentro del mundo de la nutrici\u00f3n deportiva. Sus productos est\u00e1n desarrollados para ayudar a deportistas y personas activas a mejorar su recuperaci\u00f3n, aumentar su energ\u00eda y alcanzar sus objetivos de forma segura y efectiva. En PerfectMassNutrition\u00ae seleccionamos lo mejor de IMN Nutrition para ofrecerte suplementos confiables, con excelentes ingredientes y resultados comprobados, disponibles para toda Colombia y Latinoam\u00e9rica.","parent":0,"count":11,"filter":"raw"}],"product_brand":[2781],"product_cat":[1610,1601],"product_tag":[1606],"class_list":{"0":"post-23782","1":"product","2":"type-product","3":"status-publish","4":"has-post-thumbnail","6":"brand-imn-nutrition","7":"product_brand-imn-nutrition","8":"product_cat-salud","9":"product_cat-vitaminas-minerales","10":"product_tag-suplemento","12":"first","13":"outofstock","14":"sale","15":"taxable","16":"shipping-taxable","17":"purchasable","18":"product-type-variable","19":"has-default-attributes"},"_links":{"self":[{"href":"https:\/\/perfectmass.net\/latam\/wp-json\/wp\/v2\/product\/23782","targetHints":{"allow":["GET"]}}],"collection":[{"href":"https:\/\/perfectmass.net\/latam\/wp-json\/wp\/v2\/product"}],"about":[{"href":"https:\/\/perfectmass.net\/latam\/wp-json\/wp\/v2\/types\/product"}],"replies":[{"embeddable":true,"href":"https:\/\/perfectmass.net\/latam\/wp-json\/wp\/v2\/comments?post=23782"}],"version-history":[{"count":1,"href":"https:\/\/perfectmass.net\/latam\/wp-json\/wp\/v2\/product\/23782\/revisions"}],"predecessor-version":[{"id":28751,"href":"https:\/\/perfectmass.net\/latam\/wp-json\/wp\/v2\/product\/23782\/revisions\/28751"}],"wp:featuredmedia":[{"embeddable":true,"href":"https:\/\/perfectmass.net\/latam\/wp-json\/wp\/v2\/media\/23783"}],"wp:attachment":[{"href":"https:\/\/perfectmass.net\/latam\/wp-json\/wp\/v2\/media?parent=23782"}],"wp:term":[{"taxonomy":"brand","embeddable":true,"href":"https:\/\/perfectmass.net\/latam\/wp-json\/wp\/v2\/etheme_brands?post=23782"},{"taxonomy":"product_brand","embeddable":true,"href":"https:\/\/perfectmass.net\/latam\/wp-json\/wp\/v2\/product_brand?post=23782"},{"taxonomy":"product_cat","embeddable":true,"href":"https:\/\/perfectmass.net\/latam\/wp-json\/wp\/v2\/product_cat?post=23782"},{"taxonomy":"product_tag","embeddable":true,"href":"https:\/\/perfectmass.net\/latam\/wp-json\/wp\/v2\/product_tag?post=23782"}],"curies":[{"name":"wp","href":"https:\/\/api.w.org\/{rel}","templated":true}]}}