{"id":23751,"date":"2025-11-26T17:54:40","date_gmt":"2025-11-26T22:54:40","guid":{"rendered":"https:\/\/perfectmass.net\/uncategorized\/vitanas-whey-army\/"},"modified":"2026-04-23T13:03:16","modified_gmt":"2026-04-23T18:03:16","slug":"vitanas-whey-army","status":"publish","type":"product","link":"https:\/\/perfectmass.net\/latam\/nutricion\/proteina\/whey\/vitanas-whey-army\/","title":{"rendered":"Whey Army &#8211; Vitanas"},"content":{"rendered":"<p><strong>Whey Army &#8211; Vitanas<\/strong><\/p>\n<p>Whey Army<\/p>\n<p>Prote\u00edna de alta calidad dise\u00f1ada para apoyar la recuperaci\u00f3n y el desarrollo muscular. Aporta amino\u00e1cidos esenciales de r\u00e1pida absorci\u00f3n, ideales para despu\u00e9s del entrenamiento.<\/p>\n","protected":false},"excerpt":{"rendered":"<p>Prote\u00edna de suero para favorecer la recuperaci\u00f3n y el crecimiento muscular.<\/p>\n","protected":false},"featured_media":23752,"comment_status":"open","ping_status":"closed","template":"","meta":[],"etheme_brands":[{"term_id":2640,"name":"Vitanas","slug":"vitanas","term_group":0,"term_taxonomy_id":2640,"taxonomy":"brand","description":"","parent":0,"count":10,"filter":"raw"}],"product_brand":[2753],"product_cat":[1607,1628],"product_tag":[1608],"class_list":{"0":"post-23751","1":"product","2":"type-product","3":"status-publish","4":"has-post-thumbnail","6":"brand-vitanas","7":"product_brand-vitanas","8":"product_cat-proteina","9":"product_cat-whey","10":"product_tag-ganar-masa","12":"first","13":"instock","14":"sale","15":"taxable","16":"shipping-taxable","17":"purchasable","18":"product-type-variable","19":"has-default-attributes"},"_links":{"self":[{"href":"https:\/\/perfectmass.net\/latam\/wp-json\/wp\/v2\/product\/23751","targetHints":{"allow":["GET"]}}],"collection":[{"href":"https:\/\/perfectmass.net\/latam\/wp-json\/wp\/v2\/product"}],"about":[{"href":"https:\/\/perfectmass.net\/latam\/wp-json\/wp\/v2\/types\/product"}],"replies":[{"embeddable":true,"href":"https:\/\/perfectmass.net\/latam\/wp-json\/wp\/v2\/comments?post=23751"}],"version-history":[{"count":1,"href":"https:\/\/perfectmass.net\/latam\/wp-json\/wp\/v2\/product\/23751\/revisions"}],"predecessor-version":[{"id":28735,"href":"https:\/\/perfectmass.net\/latam\/wp-json\/wp\/v2\/product\/23751\/revisions\/28735"}],"wp:featuredmedia":[{"embeddable":true,"href":"https:\/\/perfectmass.net\/latam\/wp-json\/wp\/v2\/media\/23752"}],"wp:attachment":[{"href":"https:\/\/perfectmass.net\/latam\/wp-json\/wp\/v2\/media?parent=23751"}],"wp:term":[{"taxonomy":"brand","embeddable":true,"href":"https:\/\/perfectmass.net\/latam\/wp-json\/wp\/v2\/etheme_brands?post=23751"},{"taxonomy":"product_brand","embeddable":true,"href":"https:\/\/perfectmass.net\/latam\/wp-json\/wp\/v2\/product_brand?post=23751"},{"taxonomy":"product_cat","embeddable":true,"href":"https:\/\/perfectmass.net\/latam\/wp-json\/wp\/v2\/product_cat?post=23751"},{"taxonomy":"product_tag","embeddable":true,"href":"https:\/\/perfectmass.net\/latam\/wp-json\/wp\/v2\/product_tag?post=23751"}],"curies":[{"name":"wp","href":"https:\/\/api.w.org\/{rel}","templated":true}]}}