{"id":23669,"date":"2025-11-26T17:54:41","date_gmt":"2025-11-26T22:54:41","guid":{"rendered":"https:\/\/perfectmass.net\/uncategorized\/saw-bloodbath-pre-entreno-insane-labz\/"},"modified":"2026-04-23T13:03:05","modified_gmt":"2026-04-23T18:03:05","slug":"saw-bloodbath-pre-entreno-insane-labz","status":"publish","type":"product","link":"https:\/\/perfectmass.net\/latam\/nutricion\/entreno\/pre\/saw-bloodbath-pre-entreno-insane-labz\/","title":{"rendered":"SAW BloodBath &#8211; Pre-Entreno Insane Labz"},"content":{"rendered":"<h2>SAW BloodBath &#8211; Pre-Entreno Insane Labz<\/h2>\n<p><strong>SAW Bloodbath &#8211; Pre-entreno Insane Labz<\/strong> es el nuevo preentrenamiento para bombear sangre de Insane Labz\u00ae. Al inundar tus venas con sangre, proporcionas el ox\u00edgeno adicional necesario para maximizar el rendimiento y eliminas los subproductos metab\u00f3licos y el exceso de calor. Contiene dosis cl\u00ednicas (para usuarios avanzados, 20 dosis) de ingredientes de eficacia comprobada, como sulfato de agmatina, malato de L-citrulina y beta\u00edna anhidra, que favorecen la producci\u00f3n de \u00f3xido n\u00edtrico, aumentan la resistencia y ayudan a la s\u00edntesis de creatina. Ingredientes patentados como Nitrosigine\u00ae, que inunda las venas, y OxyGold\u00ae, que mejora la biodisponibilidad, aseguran que BLOODBATH\u2122 sea un producto para bombear sangre \u00fanico en el mercado.<\/p>\n<h3><strong>SAW Bloodbath &#8211; Pre-entreno Insane Labz<\/strong><\/h3>\n<p><strong>Nitrosigine<\/strong>\u00ae potencia los factores que aumentan el flujo sangu\u00edneo, incrementa los niveles de \u00f3xido n\u00edtrico y de arginina en sangre. Nitrosigine\u00ae aumenta la congesti\u00f3n muscular, lo que a su vez se traduce en un aumento del volumen muscular. Adem\u00e1s, Nitrosigine\u00ae mejora la funci\u00f3n cognitiva, la agudeza mental y la concentraci\u00f3n.<\/p>\n<p><strong>Blood SAWce\u2122<\/strong><br \/>\nExtracto de fruta de granada (Punica Granatum) (c\u00e1scara): El extracto de granada est\u00e1 repleto de potentes polifenoles. Estos favorecen una circulaci\u00f3n sangu\u00ednea saludable y la salud cardiovascular, inhiben el estr\u00e9s oxidativo y estimulan el metabolismo.<\/p>\n<p>Extracto de remolacha blanca (Beta Vulgaris Var. Altissima): Mejora el flujo sangu\u00edneo, reduce la presi\u00f3n arterial y aumenta el rendimiento deportivo. Debido a su alto contenido en nitratos inorg\u00e1nicos, algunos estudios sugieren que el extracto de remolacha puede mejorar el rendimiento f\u00edsico, especialmente durante el ejercicio de resistencia de alta intensidad.<\/p>\n<p><strong>OxyGold<\/strong>\u00ae (\u00c1cido f\u00falvico): El \u00e1cido f\u00falvico se considera un potenciador nutricional excepcional, con beneficios para la resistencia, la adaptaci\u00f3n muscular, la absorci\u00f3n de nutrientes, el equilibrio hormonal y la producci\u00f3n saludable de testosterona. Incorporar \u00e1cido f\u00falvico a tu programa de nutrici\u00f3n y entrenamiento puede ser beneficioso. El \u00e1cido f\u00falvico puede suministrar ox\u00edgeno directamente a los m\u00fasculos. Ayuda a reducir la acumulaci\u00f3n de CO2 y \u00e1cido l\u00e1ctico, lo que resulta en un per\u00edodo de recuperaci\u00f3n m\u00e1s corto y una mayor resistencia. Esto lo hace ideal para el entrenamiento y las actividades deportivas de alto nivel.<\/p>\n<p><strong>Malato de L-citrulina<\/strong><br \/>\nEl malato de citrulina es una combinaci\u00f3n de L-citrulina con \u00e1cido m\u00e1lico, que se cree que aumenta la absorci\u00f3n y la biodisponibilidad. El malato de L-citrulina es un amino\u00e1cido fundamental para la funci\u00f3n circulatoria y potencia la producci\u00f3n de \u00f3xido n\u00edtrico en el organismo, el cual mejora el flujo sangu\u00edneo. El malato de citrulina es un precursor directo del \u00f3xido n\u00edtrico, y algunos estudios indican que esta forma de citrulina podr\u00eda tener mayores efectos, ya que podr\u00eda aumentar la producci\u00f3n y disponibilidad de ATP. Algunas investigaciones sugieren que el malato de citrulina podr\u00eda ser beneficioso para la resistencia muscular y el rendimiento f\u00edsico.<\/p>\n<p><strong>Beta\u00edna anhidra<\/strong><br \/>\nSe observan numerosas mejoras con los suplementos de beta\u00edna, incluyendo menor fatiga y mayor rendimiento, as\u00ed como una mejor funci\u00f3n card\u00edaca en general. La beta\u00edna puede mejorar la potencia anaer\u00f3bica y tambi\u00e9n se cree que influye en la fuerza y \u200b\u200bla resistencia muscular, lo que la convierte en un excelente suplemento para mejorar el rendimiento deportivo.<\/p>\n<p><strong>Taurina<\/strong><br \/>\nUn amino\u00e1cido natural que desempe\u00f1a un papel importante en diversas funciones del organismo, como el mantenimiento del equilibrio electrol\u00edtico, la formaci\u00f3n de sales biliares, la digesti\u00f3n de grasas y el equilibrio de los neurotransmisores cerebrales. La taurina puede mejorar el rendimiento deportivo, aumentar los niveles de energ\u00eda y combatir la fatiga relacionada con el ejercicio. Tambi\u00e9n puede favorecer la recuperaci\u00f3n muscular tras el ejercicio.<\/p>\n<p><strong>Sulfato de agmatina<\/strong><br \/>\nMetabolito del amino\u00e1cido arginina, el sulfato de agmatina participa en procesos importantes como la regulaci\u00f3n de la presi\u00f3n arterial y la producci\u00f3n de \u00f3xido n\u00edtrico, esencial para la vasodilataci\u00f3n y el crecimiento muscular. Este compuesto tambi\u00e9n interviene en la regulaci\u00f3n de los eurotransmisores, lo que puede beneficiar la salud mental. El sulfato de agmatina puede mejorar la resistencia, aumentar la congesti\u00f3n muscular, reducir la fatiga durante el ejercicio, potenciar el crecimiento muscular, mejorar el tiempo de recuperaci\u00f3n y optimizar el flujo sangu\u00edneo a los m\u00fasculos, lo que puede mejorar el aporte de nutrientes; en resumen, favorece el crecimiento muscular.<\/p>\n<p><strong>Electrolitos<\/strong><br \/>\nA diferencia de la sal de mesa, la sal de roca del Himalaya contiene un amplio espectro de oligoelementos que aportan diversos beneficios al organismo. La sal rosa contiene alrededor de 84 oligoelementos que regulan las funciones del cuerpo y mantienen el equilibrio electrol\u00edtico. El cloruro, el sodio y el potasio son electrolitos responsables de transmitir impulsos el\u00e9ctricos entre las c\u00e9lulas, lo que facilita la transmisi\u00f3n de impulsos nerviosos para la relajaci\u00f3n y contracci\u00f3n muscular.<\/p>\n<div id=\"attachment_15502\" style=\"width: 310px\" class=\"wp-caption alignnone\"><img fetchpriority=\"high\" decoding=\"async\" aria-describedby=\"caption-attachment-15502\" class=\"size-medium wp-image-15502\" src=\"https:\/\/perfectmass.net\/wp-content\/uploads\/2025\/11\/BLOODBATH_WebsiteRendercopy-300x300.jpg\" alt=\"SAW BloodBath - Pre-Entreno Insane Labz\" width=\"300\" height=\"300\" title=\"\" srcset=\"https:\/\/perfectmass.net\/wp-content\/uploads\/2025\/11\/BLOODBATH_WebsiteRendercopy-300x300.jpg 300w, https:\/\/perfectmass.net\/wp-content\/uploads\/2025\/11\/BLOODBATH_WebsiteRendercopy-150x150.jpg 150w, https:\/\/perfectmass.net\/wp-content\/uploads\/2025\/11\/BLOODBATH_WebsiteRendercopy-445x445.jpg 445w, https:\/\/perfectmass.net\/wp-content\/uploads\/2025\/11\/BLOODBATH_WebsiteRendercopy-100x100.jpg 100w, https:\/\/perfectmass.net\/wp-content\/uploads\/2025\/11\/BLOODBATH_WebsiteRendercopy-1x1.jpg 1w, https:\/\/perfectmass.net\/wp-content\/uploads\/2025\/11\/BLOODBATH_WebsiteRendercopy-10x10.jpg 10w, https:\/\/perfectmass.net\/wp-content\/uploads\/2025\/11\/BLOODBATH_WebsiteRendercopy.jpg 650w\" sizes=\"(max-width: 300px) 100vw, 300px\" \/><p id=\"caption-attachment-15502\" class=\"wp-caption-text\">SAW BloodBath &#8211; Pre-Entreno <a href=\"https:\/\/insanelabz.com\/\" target=\"_blank\" rel=\"noopener\">Insane Labz<\/a><\/p><\/div>\n<p>Visitar <a href=\"http:\/\/PerfectMass.net\" target=\"_blank\" rel=\"noopener\">PerfectMass.net<\/a><\/p>\n","protected":false},"excerpt":{"rendered":"<p>Pre-entreno de la mejor calidad<\/p>\n","protected":false},"featured_media":23670,"comment_status":"open","ping_status":"closed","template":"","meta":[],"etheme_brands":[{"term_id":2577,"name":"Insane Labz","slug":"insane-labz","term_group":0,"term_taxonomy_id":2577,"taxonomy":"brand","description":"<strong data-start=\"235\" data-end=\"260\">Insane Labz:<\/strong> es una marca reconocida por su compromiso con la calidad, la innovaci\u00f3n y el rendimiento dentro del mundo de la nutrici\u00f3n deportiva. Sus productos est\u00e1n desarrollados para ayudar a deportistas y personas activas a mejorar su recuperaci\u00f3n, aumentar su energ\u00eda y alcanzar sus objetivos de forma segura y efectiva. En PerfectMassNutrition\u00ae seleccionamos lo mejor de Insane Labz para ofrecerte suplementos confiables, con excelentes ingredientes y resultados comprobados, disponibles para toda Colombia y Latinoam\u00e9rica.","parent":0,"count":32,"filter":"raw"}],"product_brand":[2761],"product_cat":[1594,1595,1596,1597,1605],"product_tag":[1606],"class_list":{"0":"post-23669","1":"product","2":"type-product","3":"status-publish","4":"has-post-thumbnail","6":"brand-insane-labz","7":"product_brand-insane-labz","8":"product_cat-mas-vendidos","9":"product_cat-novedades","10":"product_cat-ofertas","11":"product_cat-pre","12":"product_cat-suplementos","13":"product_tag-suplemento","15":"first","16":"instock","17":"sale","18":"taxable","19":"shipping-taxable","20":"purchasable","21":"product-type-variable","22":"has-default-attributes"},"_links":{"self":[{"href":"https:\/\/perfectmass.net\/latam\/wp-json\/wp\/v2\/product\/23669","targetHints":{"allow":["GET"]}}],"collection":[{"href":"https:\/\/perfectmass.net\/latam\/wp-json\/wp\/v2\/product"}],"about":[{"href":"https:\/\/perfectmass.net\/latam\/wp-json\/wp\/v2\/types\/product"}],"replies":[{"embeddable":true,"href":"https:\/\/perfectmass.net\/latam\/wp-json\/wp\/v2\/comments?post=23669"}],"version-history":[{"count":1,"href":"https:\/\/perfectmass.net\/latam\/wp-json\/wp\/v2\/product\/23669\/revisions"}],"predecessor-version":[{"id":28689,"href":"https:\/\/perfectmass.net\/latam\/wp-json\/wp\/v2\/product\/23669\/revisions\/28689"}],"wp:featuredmedia":[{"embeddable":true,"href":"https:\/\/perfectmass.net\/latam\/wp-json\/wp\/v2\/media\/23670"}],"wp:attachment":[{"href":"https:\/\/perfectmass.net\/latam\/wp-json\/wp\/v2\/media?parent=23669"}],"wp:term":[{"taxonomy":"brand","embeddable":true,"href":"https:\/\/perfectmass.net\/latam\/wp-json\/wp\/v2\/etheme_brands?post=23669"},{"taxonomy":"product_brand","embeddable":true,"href":"https:\/\/perfectmass.net\/latam\/wp-json\/wp\/v2\/product_brand?post=23669"},{"taxonomy":"product_cat","embeddable":true,"href":"https:\/\/perfectmass.net\/latam\/wp-json\/wp\/v2\/product_cat?post=23669"},{"taxonomy":"product_tag","embeddable":true,"href":"https:\/\/perfectmass.net\/latam\/wp-json\/wp\/v2\/product_tag?post=23669"}],"curies":[{"name":"wp","href":"https:\/\/api.w.org\/{rel}","templated":true}]}}