{"id":23660,"date":"2025-11-26T17:54:41","date_gmt":"2025-11-26T22:54:41","guid":{"rendered":"https:\/\/perfectmass.net\/uncategorized\/beta-alanina-aminoacidos-insane-labz\/"},"modified":"2026-04-23T13:03:03","modified_gmt":"2026-04-23T18:03:03","slug":"beta-alanina-aminoacidos-insane-labz","status":"publish","type":"product","link":"https:\/\/perfectmass.net\/latam\/nutricion\/aminos\/beta-alanina-aminoacidos-insane-labz\/","title":{"rendered":"Beta-Alanina &#8211; Amino\u00e1cidos Insane Labz"},"content":{"rendered":"<h2>Beta-Alanina &#8211; Amino\u00e1cidos Insane Labz<\/h2>\n<p>La beta-alanina es un amino\u00e1cido esencial que debemos suplementar para convertir las prote\u00ednas en masa muscular magra. La beta-alanina tambi\u00e9n es importante en la producci\u00f3n de carnosina.<\/p>\n<p>La cantidad de carnosina en nuestro cuerpo depende exclusivamente de la cantidad de beta-alanina presente.<\/p>\n<p>\u00bfPor qu\u00e9 es importante la carnosina? Despu\u00e9s de que el ATP se metaboliza durante el ejercicio, los m\u00fasculos comienzan a fatigarse y a quemar. La carnosina ayuda a ralentizar este proceso, lo que permite continuar entrenando.<\/p>\n<div id=\"attachment_15500\" style=\"width: 310px\" class=\"wp-caption alignnone\"><img fetchpriority=\"high\" decoding=\"async\" aria-describedby=\"caption-attachment-15500\" class=\"size-medium wp-image-15500\" src=\"https:\/\/perfectmass.net\/wp-content\/uploads\/2025\/11\/Insane-Labz-Beta-Alanine-Front-Website_1-300x300.jpg\" alt=\"Beta-Alanina - Amino\u00e1cidos Insane Labz\" width=\"300\" height=\"300\" title=\"\" srcset=\"https:\/\/perfectmass.net\/wp-content\/uploads\/2025\/11\/Insane-Labz-Beta-Alanine-Front-Website_1-300x300.jpg 300w, https:\/\/perfectmass.net\/wp-content\/uploads\/2025\/11\/Insane-Labz-Beta-Alanine-Front-Website_1-150x150.jpg 150w, https:\/\/perfectmass.net\/wp-content\/uploads\/2025\/11\/Insane-Labz-Beta-Alanine-Front-Website_1-445x445.jpg 445w, https:\/\/perfectmass.net\/wp-content\/uploads\/2025\/11\/Insane-Labz-Beta-Alanine-Front-Website_1-100x100.jpg 100w, https:\/\/perfectmass.net\/wp-content\/uploads\/2025\/11\/Insane-Labz-Beta-Alanine-Front-Website_1-1x1.jpg 1w, https:\/\/perfectmass.net\/wp-content\/uploads\/2025\/11\/Insane-Labz-Beta-Alanine-Front-Website_1-10x10.jpg 10w, https:\/\/perfectmass.net\/wp-content\/uploads\/2025\/11\/Insane-Labz-Beta-Alanine-Front-Website_1.jpg 650w\" sizes=\"(max-width: 300px) 100vw, 300px\" \/><p id=\"caption-attachment-15500\" class=\"wp-caption-text\">Beta-Alanina &#8211; Amino\u00e1cidos <a href=\"https:\/\/insanelabz.com\/\" target=\"_blank\" rel=\"noopener\">Insane Labz<\/a><\/p><\/div>\n<p>Visitar <a href=\"http:\/\/PerfectMass.net\" target=\"_blank\" rel=\"noopener\">PerfectMass.net<\/a><\/p>\n","protected":false},"excerpt":{"rendered":"<p>Amino\u00e1cidos clave para recuperaci\u00f3n y desempe\u00f1o.<\/p>\n","protected":false},"featured_media":23661,"comment_status":"open","ping_status":"closed","template":"","meta":[],"etheme_brands":[{"term_id":2577,"name":"Insane Labz","slug":"insane-labz","term_group":0,"term_taxonomy_id":2577,"taxonomy":"brand","description":"<strong data-start=\"235\" data-end=\"260\">Insane Labz:<\/strong> es una marca reconocida por su compromiso con la calidad, la innovaci\u00f3n y el rendimiento dentro del mundo de la nutrici\u00f3n deportiva. Sus productos est\u00e1n desarrollados para ayudar a deportistas y personas activas a mejorar su recuperaci\u00f3n, aumentar su energ\u00eda y alcanzar sus objetivos de forma segura y efectiva. En PerfectMassNutrition\u00ae seleccionamos lo mejor de Insane Labz para ofrecerte suplementos confiables, con excelentes ingredientes y resultados comprobados, disponibles para toda Colombia y Latinoam\u00e9rica.","parent":0,"count":32,"filter":"raw"}],"product_brand":[2761],"product_cat":[1611,1594,1595,1501,1596,1605],"product_tag":[1606],"class_list":{"0":"post-23660","1":"product","2":"type-product","3":"status-publish","4":"has-post-thumbnail","6":"brand-insane-labz","7":"product_brand-insane-labz","8":"product_cat-aminos","9":"product_cat-mas-vendidos","10":"product_cat-novedades","11":"product_cat-nutricion","12":"product_cat-ofertas","13":"product_cat-suplementos","14":"product_tag-suplemento","16":"first","17":"instock","18":"sale","19":"taxable","20":"shipping-taxable","21":"purchasable","22":"product-type-variable","23":"has-default-attributes"},"_links":{"self":[{"href":"https:\/\/perfectmass.net\/latam\/wp-json\/wp\/v2\/product\/23660","targetHints":{"allow":["GET"]}}],"collection":[{"href":"https:\/\/perfectmass.net\/latam\/wp-json\/wp\/v2\/product"}],"about":[{"href":"https:\/\/perfectmass.net\/latam\/wp-json\/wp\/v2\/types\/product"}],"replies":[{"embeddable":true,"href":"https:\/\/perfectmass.net\/latam\/wp-json\/wp\/v2\/comments?post=23660"}],"version-history":[{"count":1,"href":"https:\/\/perfectmass.net\/latam\/wp-json\/wp\/v2\/product\/23660\/revisions"}],"predecessor-version":[{"id":28685,"href":"https:\/\/perfectmass.net\/latam\/wp-json\/wp\/v2\/product\/23660\/revisions\/28685"}],"wp:featuredmedia":[{"embeddable":true,"href":"https:\/\/perfectmass.net\/latam\/wp-json\/wp\/v2\/media\/23661"}],"wp:attachment":[{"href":"https:\/\/perfectmass.net\/latam\/wp-json\/wp\/v2\/media?parent=23660"}],"wp:term":[{"taxonomy":"brand","embeddable":true,"href":"https:\/\/perfectmass.net\/latam\/wp-json\/wp\/v2\/etheme_brands?post=23660"},{"taxonomy":"product_brand","embeddable":true,"href":"https:\/\/perfectmass.net\/latam\/wp-json\/wp\/v2\/product_brand?post=23660"},{"taxonomy":"product_cat","embeddable":true,"href":"https:\/\/perfectmass.net\/latam\/wp-json\/wp\/v2\/product_cat?post=23660"},{"taxonomy":"product_tag","embeddable":true,"href":"https:\/\/perfectmass.net\/latam\/wp-json\/wp\/v2\/product_tag?post=23660"}],"curies":[{"name":"wp","href":"https:\/\/api.w.org\/{rel}","templated":true}]}}