{"id":23616,"date":"2025-11-26T17:54:43","date_gmt":"2025-11-26T22:54:43","guid":{"rendered":"https:\/\/perfectmass.net\/uncategorized\/d-aspartic-acid-aminoacidos-insane-labz\/"},"modified":"2026-04-23T13:02:53","modified_gmt":"2026-04-23T18:02:53","slug":"d-aspartic-acid-aminoacidos-insane-labz","status":"publish","type":"product","link":"https:\/\/perfectmass.net\/latam\/nutricion\/aminos\/d-aspartic-acid-aminoacidos-insane-labz\/","title":{"rendered":"D-Aspartic Acid &#8211; Amino\u00e1cidos Insane Labz"},"content":{"rendered":"<h2>D-Aspartic Acid &#8211; Amino\u00e1cidos Insane Labz<\/h2>\n<p>Promueve la producci\u00f3n natural de testosterona<\/p>\n<p>Promueve la salud sexual<br \/>\nApoya la funci\u00f3n cerebral<br \/>\nOtro amino\u00e1cido esencial, el \u00e1cido D-asp\u00e1rtico, ayuda al cuerpo a producir testosterona de forma natural. Esto permite un mayor aumento de masa muscular magra. Incorporar el \u00e1cido D-asp\u00e1rtico a tu rutina de ejercicios aumenta tus posibilidades de definir tu musculatura y mejora tu salud sexual.<\/p>\n<p>Combina el \u00e1cido D-asp\u00e1rtico con 28 Days Later para obtener el suplemento definitivo para aumentar la testosterona.<\/p>\n<div id=\"attachment_15510\" style=\"width: 310px\" class=\"wp-caption alignnone\"><img fetchpriority=\"high\" decoding=\"async\" aria-describedby=\"caption-attachment-15510\" class=\"size-medium wp-image-15510\" src=\"https:\/\/perfectmass.net\/wp-content\/uploads\/2025\/11\/TheAsylumCabinet-D-AsparticAcid_WebsiteRender_1-300x300.jpg\" alt=\"D-Aspartic Acid - Amino\u00e1cidos Insane Labz\" width=\"300\" height=\"300\" title=\"\" srcset=\"https:\/\/perfectmass.net\/wp-content\/uploads\/2025\/11\/TheAsylumCabinet-D-AsparticAcid_WebsiteRender_1-300x300.jpg 300w, https:\/\/perfectmass.net\/wp-content\/uploads\/2025\/11\/TheAsylumCabinet-D-AsparticAcid_WebsiteRender_1-150x150.jpg 150w, https:\/\/perfectmass.net\/wp-content\/uploads\/2025\/11\/TheAsylumCabinet-D-AsparticAcid_WebsiteRender_1-445x445.jpg 445w, https:\/\/perfectmass.net\/wp-content\/uploads\/2025\/11\/TheAsylumCabinet-D-AsparticAcid_WebsiteRender_1-100x100.jpg 100w, https:\/\/perfectmass.net\/wp-content\/uploads\/2025\/11\/TheAsylumCabinet-D-AsparticAcid_WebsiteRender_1-1x1.jpg 1w, https:\/\/perfectmass.net\/wp-content\/uploads\/2025\/11\/TheAsylumCabinet-D-AsparticAcid_WebsiteRender_1-10x10.jpg 10w, https:\/\/perfectmass.net\/wp-content\/uploads\/2025\/11\/TheAsylumCabinet-D-AsparticAcid_WebsiteRender_1.jpg 650w\" sizes=\"(max-width: 300px) 100vw, 300px\" \/><p id=\"caption-attachment-15510\" class=\"wp-caption-text\">D-Aspartic Acid &#8211; Amino\u00e1cidos <a href=\"https:\/\/insanelabz.com\/\" target=\"_blank\" rel=\"noopener\">Insane Labz<\/a><\/p><\/div>\n<p>Visitar <a href=\"http:\/\/PerfectMass.net\" target=\"_blank\" rel=\"noopener\">PerfectMass.net<\/a><\/p>\n","protected":false},"excerpt":{"rendered":"<p>Soporte diario para tus objetivos de rendimiento.<\/p>\n","protected":false},"featured_media":23617,"comment_status":"open","ping_status":"closed","template":"","meta":[],"etheme_brands":[{"term_id":2577,"name":"Insane Labz","slug":"insane-labz","term_group":0,"term_taxonomy_id":2577,"taxonomy":"brand","description":"<strong data-start=\"235\" data-end=\"260\">Insane Labz:<\/strong> es una marca reconocida por su compromiso con la calidad, la innovaci\u00f3n y el rendimiento dentro del mundo de la nutrici\u00f3n deportiva. Sus productos est\u00e1n desarrollados para ayudar a deportistas y personas activas a mejorar su recuperaci\u00f3n, aumentar su energ\u00eda y alcanzar sus objetivos de forma segura y efectiva. En PerfectMassNutrition\u00ae seleccionamos lo mejor de Insane Labz para ofrecerte suplementos confiables, con excelentes ingredientes y resultados comprobados, disponibles para toda Colombia y Latinoam\u00e9rica.","parent":0,"count":32,"filter":"raw"}],"product_brand":[2761],"product_cat":[1611,1594,1595,1596,1605],"product_tag":[1606],"class_list":{"0":"post-23616","1":"product","2":"type-product","3":"status-publish","4":"has-post-thumbnail","6":"brand-insane-labz","7":"product_brand-insane-labz","8":"product_cat-aminos","9":"product_cat-mas-vendidos","10":"product_cat-novedades","11":"product_cat-ofertas","12":"product_cat-suplementos","13":"product_tag-suplemento","15":"first","16":"instock","17":"sale","18":"taxable","19":"shipping-taxable","20":"purchasable","21":"product-type-variable","22":"has-default-attributes"},"_links":{"self":[{"href":"https:\/\/perfectmass.net\/latam\/wp-json\/wp\/v2\/product\/23616","targetHints":{"allow":["GET"]}}],"collection":[{"href":"https:\/\/perfectmass.net\/latam\/wp-json\/wp\/v2\/product"}],"about":[{"href":"https:\/\/perfectmass.net\/latam\/wp-json\/wp\/v2\/types\/product"}],"replies":[{"embeddable":true,"href":"https:\/\/perfectmass.net\/latam\/wp-json\/wp\/v2\/comments?post=23616"}],"version-history":[{"count":1,"href":"https:\/\/perfectmass.net\/latam\/wp-json\/wp\/v2\/product\/23616\/revisions"}],"predecessor-version":[{"id":28651,"href":"https:\/\/perfectmass.net\/latam\/wp-json\/wp\/v2\/product\/23616\/revisions\/28651"}],"wp:featuredmedia":[{"embeddable":true,"href":"https:\/\/perfectmass.net\/latam\/wp-json\/wp\/v2\/media\/23617"}],"wp:attachment":[{"href":"https:\/\/perfectmass.net\/latam\/wp-json\/wp\/v2\/media?parent=23616"}],"wp:term":[{"taxonomy":"brand","embeddable":true,"href":"https:\/\/perfectmass.net\/latam\/wp-json\/wp\/v2\/etheme_brands?post=23616"},{"taxonomy":"product_brand","embeddable":true,"href":"https:\/\/perfectmass.net\/latam\/wp-json\/wp\/v2\/product_brand?post=23616"},{"taxonomy":"product_cat","embeddable":true,"href":"https:\/\/perfectmass.net\/latam\/wp-json\/wp\/v2\/product_cat?post=23616"},{"taxonomy":"product_tag","embeddable":true,"href":"https:\/\/perfectmass.net\/latam\/wp-json\/wp\/v2\/product_tag?post=23616"}],"curies":[{"name":"wp","href":"https:\/\/api.w.org\/{rel}","templated":true}]}}