{"id":23597,"date":"2025-11-26T17:54:54","date_gmt":"2025-11-26T22:54:54","guid":{"rendered":"https:\/\/perfectmass.net\/uncategorized\/met-rx-creatine-monohydrate\/"},"modified":"2026-05-02T04:30:20","modified_gmt":"2026-05-02T09:30:20","slug":"met-rx-creatine-monohydrate","status":"publish","type":"product","link":"https:\/\/perfectmass.net\/latam\/nutricion\/creatina\/monohidratada\/met-rx-creatine-monohydrate\/","title":{"rendered":"Creatine Monohydrate &#8211; Met-Rx"},"content":{"rendered":"<p>Met-Rx Creatine Monohydrate es creatina monohidrato pura para aumentar fuerza y masa muscular. La creatina es el suplemento m\u00e1s estudiado y efectivo para mejorar el rendimiento f\u00edsico. Presentaci\u00f3n: 60 SERVICIOS.<\/p>\n","protected":false},"excerpt":{"rendered":"<p>Creatina monohidrato<\/p>\n","protected":false},"featured_media":23599,"comment_status":"open","ping_status":"closed","template":"","meta":[],"etheme_brands":[{"term_id":2587,"name":"MET-Rx","slug":"met-rx","term_group":0,"term_taxonomy_id":2587,"taxonomy":"brand","description":"","parent":0,"count":1,"filter":"raw"}],"product_brand":[2777],"product_cat":[3691],"product_tag":[1620],"class_list":{"0":"post-23597","1":"product","2":"type-product","3":"status-publish","4":"has-post-thumbnail","6":"brand-met-rx","7":"product_brand-met-rx","8":"product_cat-monohidratada","9":"product_tag-fuerza","11":"first","12":"outofstock","13":"sale","14":"taxable","15":"shipping-taxable","16":"purchasable","17":"product-type-variable","18":"has-default-attributes"},"_links":{"self":[{"href":"https:\/\/perfectmass.net\/latam\/wp-json\/wp\/v2\/product\/23597","targetHints":{"allow":["GET"]}}],"collection":[{"href":"https:\/\/perfectmass.net\/latam\/wp-json\/wp\/v2\/product"}],"about":[{"href":"https:\/\/perfectmass.net\/latam\/wp-json\/wp\/v2\/types\/product"}],"replies":[{"embeddable":true,"href":"https:\/\/perfectmass.net\/latam\/wp-json\/wp\/v2\/comments?post=23597"}],"version-history":[{"count":1,"href":"https:\/\/perfectmass.net\/latam\/wp-json\/wp\/v2\/product\/23597\/revisions"}],"predecessor-version":[{"id":28635,"href":"https:\/\/perfectmass.net\/latam\/wp-json\/wp\/v2\/product\/23597\/revisions\/28635"}],"wp:featuredmedia":[{"embeddable":true,"href":"https:\/\/perfectmass.net\/latam\/wp-json\/wp\/v2\/media\/23599"}],"wp:attachment":[{"href":"https:\/\/perfectmass.net\/latam\/wp-json\/wp\/v2\/media?parent=23597"}],"wp:term":[{"taxonomy":"brand","embeddable":true,"href":"https:\/\/perfectmass.net\/latam\/wp-json\/wp\/v2\/etheme_brands?post=23597"},{"taxonomy":"product_brand","embeddable":true,"href":"https:\/\/perfectmass.net\/latam\/wp-json\/wp\/v2\/product_brand?post=23597"},{"taxonomy":"product_cat","embeddable":true,"href":"https:\/\/perfectmass.net\/latam\/wp-json\/wp\/v2\/product_cat?post=23597"},{"taxonomy":"product_tag","embeddable":true,"href":"https:\/\/perfectmass.net\/latam\/wp-json\/wp\/v2\/product_tag?post=23597"}],"curies":[{"name":"wp","href":"https:\/\/api.w.org\/{rel}","templated":true}]}}