{"id":23590,"date":"2025-11-26T17:54:54","date_gmt":"2025-11-26T22:54:54","guid":{"rendered":"https:\/\/perfectmass.net\/uncategorized\/jbhk-shilajit\/"},"modified":"2026-04-23T13:02:46","modified_gmt":"2026-04-23T18:02:46","slug":"jbhk-shilajit","status":"publish","type":"product","link":"https:\/\/perfectmass.net\/latam\/nutricion\/suplementos\/jbhk-shilajit\/","title":{"rendered":"Shilajit &#8211; JBHK"},"content":{"rendered":"<p><strong>Shilajit &#8211; JBHK<\/strong><\/p>\n<p>Shilajit<\/p>\n<p>Extracto adaptog\u00e9nico de alta calidad para apoyar la respuesta al estr\u00e9s, el rendimiento f\u00edsico y el bienestar general.<\/p>\n","protected":false},"excerpt":{"rendered":"<p>Adapt\u00f3geno natural para reducir el estr\u00e9s y mejorar el rendimiento.<\/p>\n","protected":false},"featured_media":23591,"comment_status":"open","ping_status":"closed","template":"","meta":[],"etheme_brands":[{"term_id":2580,"name":"JBHK","slug":"jbhk","term_group":0,"term_taxonomy_id":2580,"taxonomy":"brand","description":"","parent":0,"count":1,"filter":"raw"}],"product_brand":[2775],"product_cat":[1501,1605],"product_tag":[1606],"class_list":{"0":"post-23590","1":"product","2":"type-product","3":"status-publish","4":"has-post-thumbnail","6":"brand-jbhk","7":"product_brand-jbhk","8":"product_cat-nutricion","9":"product_cat-suplementos","10":"product_tag-suplemento","12":"first","13":"instock","14":"sale","15":"taxable","16":"shipping-taxable","17":"purchasable","18":"product-type-variable","19":"has-default-attributes"},"_links":{"self":[{"href":"https:\/\/perfectmass.net\/latam\/wp-json\/wp\/v2\/product\/23590","targetHints":{"allow":["GET"]}}],"collection":[{"href":"https:\/\/perfectmass.net\/latam\/wp-json\/wp\/v2\/product"}],"about":[{"href":"https:\/\/perfectmass.net\/latam\/wp-json\/wp\/v2\/types\/product"}],"replies":[{"embeddable":true,"href":"https:\/\/perfectmass.net\/latam\/wp-json\/wp\/v2\/comments?post=23590"}],"version-history":[{"count":1,"href":"https:\/\/perfectmass.net\/latam\/wp-json\/wp\/v2\/product\/23590\/revisions"}],"predecessor-version":[{"id":28627,"href":"https:\/\/perfectmass.net\/latam\/wp-json\/wp\/v2\/product\/23590\/revisions\/28627"}],"wp:featuredmedia":[{"embeddable":true,"href":"https:\/\/perfectmass.net\/latam\/wp-json\/wp\/v2\/media\/23591"}],"wp:attachment":[{"href":"https:\/\/perfectmass.net\/latam\/wp-json\/wp\/v2\/media?parent=23590"}],"wp:term":[{"taxonomy":"brand","embeddable":true,"href":"https:\/\/perfectmass.net\/latam\/wp-json\/wp\/v2\/etheme_brands?post=23590"},{"taxonomy":"product_brand","embeddable":true,"href":"https:\/\/perfectmass.net\/latam\/wp-json\/wp\/v2\/product_brand?post=23590"},{"taxonomy":"product_cat","embeddable":true,"href":"https:\/\/perfectmass.net\/latam\/wp-json\/wp\/v2\/product_cat?post=23590"},{"taxonomy":"product_tag","embeddable":true,"href":"https:\/\/perfectmass.net\/latam\/wp-json\/wp\/v2\/product_tag?post=23590"}],"curies":[{"name":"wp","href":"https:\/\/api.w.org\/{rel}","templated":true}]}}