{"id":23527,"date":"2025-11-26T17:54:56","date_gmt":"2025-11-26T22:54:56","guid":{"rendered":"https:\/\/perfectmass.net\/uncategorized\/prosupps-liquid-collagen-amino-23\/"},"modified":"2026-04-23T13:02:31","modified_gmt":"2026-04-23T18:02:31","slug":"prosupps-liquid-collagen-amino-23","status":"publish","type":"product","link":"https:\/\/perfectmass.net\/latam\/uncategorized\/prosupps-liquid-collagen-amino-23\/","title":{"rendered":"Liquid Collagen Amino 23 &#8211; ProSupps"},"content":{"rendered":"<p>PROSUPPS LIQUID COLLAGEN AMINO 23 proporciona amino\u00e1cidos esenciales para prevenir el catabolismo muscular y mejorar la recuperaci\u00f3n. Ideal para tomar durante o despu\u00e9s del entrenamiento. Presentaci\u00f3n: 16 SERVICIOS.<\/p>\n","protected":false},"excerpt":{"rendered":"<p>Amino\u00e1cidos esenciales<\/p>\n","protected":false},"featured_media":23529,"comment_status":"open","ping_status":"closed","template":"","meta":[],"etheme_brands":[{"term_id":2614,"name":"ProSupps","slug":"prosupps","term_group":0,"term_taxonomy_id":2614,"taxonomy":"brand","description":"<strong data-start=\"235\" data-end=\"260\">ProSupps:<\/strong> es una marca reconocida por su compromiso con la calidad, la innovaci\u00f3n y el rendimiento dentro del mundo de la nutrici\u00f3n deportiva. Sus productos est\u00e1n desarrollados para ayudar a deportistas y personas activas a mejorar su recuperaci\u00f3n, aumentar su energ\u00eda y alcanzar sus objetivos de forma segura y efectiva. En PerfectMassNutrition\u00ae seleccionamos lo mejor de ProSupps para ofrecerte suplementos confiables, con excelentes ingredientes y resultados comprobados, disponibles para toda Colombia y Latinoam\u00e9rica.","parent":0,"count":7,"filter":"raw"}],"product_brand":[2717],"product_cat":[],"product_tag":[1606],"class_list":{"0":"post-23527","1":"product","2":"type-product","3":"status-publish","4":"has-post-thumbnail","6":"brand-prosupps","7":"product_brand-prosupps","8":"product_tag-suplemento","10":"first","11":"instock","12":"sale","13":"taxable","14":"shipping-taxable","15":"purchasable","16":"product-type-variable","17":"has-default-attributes"},"_links":{"self":[{"href":"https:\/\/perfectmass.net\/latam\/wp-json\/wp\/v2\/product\/23527","targetHints":{"allow":["GET"]}}],"collection":[{"href":"https:\/\/perfectmass.net\/latam\/wp-json\/wp\/v2\/product"}],"about":[{"href":"https:\/\/perfectmass.net\/latam\/wp-json\/wp\/v2\/types\/product"}],"replies":[{"embeddable":true,"href":"https:\/\/perfectmass.net\/latam\/wp-json\/wp\/v2\/comments?post=23527"}],"version-history":[{"count":1,"href":"https:\/\/perfectmass.net\/latam\/wp-json\/wp\/v2\/product\/23527\/revisions"}],"predecessor-version":[{"id":28585,"href":"https:\/\/perfectmass.net\/latam\/wp-json\/wp\/v2\/product\/23527\/revisions\/28585"}],"wp:featuredmedia":[{"embeddable":true,"href":"https:\/\/perfectmass.net\/latam\/wp-json\/wp\/v2\/media\/23529"}],"wp:attachment":[{"href":"https:\/\/perfectmass.net\/latam\/wp-json\/wp\/v2\/media?parent=23527"}],"wp:term":[{"taxonomy":"brand","embeddable":true,"href":"https:\/\/perfectmass.net\/latam\/wp-json\/wp\/v2\/etheme_brands?post=23527"},{"taxonomy":"product_brand","embeddable":true,"href":"https:\/\/perfectmass.net\/latam\/wp-json\/wp\/v2\/product_brand?post=23527"},{"taxonomy":"product_cat","embeddable":true,"href":"https:\/\/perfectmass.net\/latam\/wp-json\/wp\/v2\/product_cat?post=23527"},{"taxonomy":"product_tag","embeddable":true,"href":"https:\/\/perfectmass.net\/latam\/wp-json\/wp\/v2\/product_tag?post=23527"}],"curies":[{"name":"wp","href":"https:\/\/api.w.org\/{rel}","templated":true}]}}