{"id":23512,"date":"2025-11-26T17:54:56","date_gmt":"2025-11-26T22:54:56","guid":{"rendered":"https:\/\/perfectmass.net\/uncategorized\/psychotic-black-pre-entreno-insane-labz\/"},"modified":"2026-05-02T04:29:54","modified_gmt":"2026-05-02T09:29:54","slug":"psychotic-black-pre-entreno-insane-labz","status":"publish","type":"product","link":"https:\/\/perfectmass.net\/latam\/pre\/psychotic-black-pre-entreno-insane-labz\/","title":{"rendered":"Psychotic Black &#8211; Pre-Entreno Insane Labz"},"content":{"rendered":"<h2>Psychotic Black &#8211; Pre-Entreno Insane Labz<\/h2>\n<p>\u00a1DISPONIBLE EN PAQUETE VARIADO DE 30 SOBRES INDIVIDUALES CON 10 SOBRES DE CADA SABOR A FRAMBUESA AZUL, PONCHE DE FRUTAS Y UVA!<\/p>\n<p>ENERG\u00cdA INCRE\u00cdBLE: Los fieles seguidores de Asylum pidieron un Psychotic con menos cafe\u00edna, pero con un efecto igualmente potente. Nos pusimos manos a la obra y lo conseguimos. Cargado de Infinergy, cafe\u00edna y tirosina, Psychotic BLACK no te decepcionar\u00e1.<br \/>\nF\u00d3RMULA SIN BAJONES: Psychotic est\u00e1 formulado para brindar energ\u00eda, concentraci\u00f3n y resistencia duraderas que te mantienen activo sin nerviosismo.<\/p>\n<p>FUERZA PSYCHOTIC: Psychotic BLACK cuenta con una f\u00f3rmula \u00fanica, desarrollada para aumentar la fuerza y \u200b\u200bdesarrollar m\u00fasculo magro, \u00a1el sello distintivo de Psychotic!<\/p>\n<p>Al igual que el original, Psychotic BLACK te dar\u00e1 mayor concentraci\u00f3n, energ\u00eda incre\u00edble y potenciar\u00e1 tu fuerza en el gimnasio. Con menos cafe\u00edna, Psychotic BLACK es ideal para aquellos que necesitan un impulso extra pero desean un pretratamiento con menor nivel de estimulantes.<\/p>\n<div id=\"attachment_15585\" style=\"width: 310px\" class=\"wp-caption alignnone\"><img fetchpriority=\"high\" decoding=\"async\" aria-describedby=\"caption-attachment-15585\" class=\"size-medium wp-image-15585\" src=\"https:\/\/perfectmass.net\/wp-content\/uploads\/2025\/11\/PsychoticBLACKWatermelon_WebsiteRender-300x300.jpg\" alt=\"Psychotic Black - Pre-Entreno Insane Labz\" width=\"300\" height=\"300\" title=\"\" srcset=\"https:\/\/perfectmass.net\/wp-content\/uploads\/2025\/11\/PsychoticBLACKWatermelon_WebsiteRender-300x300.jpg 300w, https:\/\/perfectmass.net\/wp-content\/uploads\/2025\/11\/PsychoticBLACKWatermelon_WebsiteRender-150x150.jpg 150w, https:\/\/perfectmass.net\/wp-content\/uploads\/2025\/11\/PsychoticBLACKWatermelon_WebsiteRender-445x445.jpg 445w, https:\/\/perfectmass.net\/wp-content\/uploads\/2025\/11\/PsychoticBLACKWatermelon_WebsiteRender-100x100.jpg 100w, https:\/\/perfectmass.net\/wp-content\/uploads\/2025\/11\/PsychoticBLACKWatermelon_WebsiteRender-1x1.jpg 1w, https:\/\/perfectmass.net\/wp-content\/uploads\/2025\/11\/PsychoticBLACKWatermelon_WebsiteRender-10x10.jpg 10w, https:\/\/perfectmass.net\/wp-content\/uploads\/2025\/11\/PsychoticBLACKWatermelon_WebsiteRender.jpg 650w\" sizes=\"(max-width: 300px) 100vw, 300px\" \/><p id=\"caption-attachment-15585\" class=\"wp-caption-text\">Psychotic Black &#8211; Pre-Entreno <a href=\"https:\/\/insanelabz.com\/\" target=\"_blank\" rel=\"noopener\">Insane Labz<\/a><\/p><\/div>\n<p>Visitar <a href=\"http:\/\/PerfectMass.net\" target=\"_blank\" rel=\"noopener\">PerfectMass.net<\/a><\/p>\n","protected":false},"excerpt":{"rendered":"<p>Energ\u00eda y enfoque para entrenar al m\u00e1ximo.<\/p>\n","protected":false},"featured_media":23513,"comment_status":"open","ping_status":"closed","template":"","meta":[],"etheme_brands":[{"term_id":2577,"name":"Insane Labz","slug":"insane-labz","term_group":0,"term_taxonomy_id":2577,"taxonomy":"brand","description":"<strong data-start=\"235\" data-end=\"260\">Insane Labz:<\/strong> es una marca reconocida por su compromiso con la calidad, la innovaci\u00f3n y el rendimiento dentro del mundo de la nutrici\u00f3n deportiva. Sus productos est\u00e1n desarrollados para ayudar a deportistas y personas activas a mejorar su recuperaci\u00f3n, aumentar su energ\u00eda y alcanzar sus objetivos de forma segura y efectiva. En PerfectMassNutrition\u00ae seleccionamos lo mejor de Insane Labz para ofrecerte suplementos confiables, con excelentes ingredientes y resultados comprobados, disponibles para toda Colombia y Latinoam\u00e9rica.","parent":0,"count":32,"filter":"raw"}],"product_brand":[2761],"product_cat":[3742,3743],"product_tag":[1599],"class_list":{"0":"post-23512","1":"product","2":"type-product","3":"status-publish","4":"has-post-thumbnail","6":"brand-insane-labz","7":"product_brand-insane-labz","8":"product_cat-pre","9":"product_cat-pre-entreno","10":"product_tag-pre-entreno","12":"first","13":"instock","14":"sale","15":"taxable","16":"shipping-taxable","17":"purchasable","18":"product-type-variable","19":"has-default-attributes"},"_links":{"self":[{"href":"https:\/\/perfectmass.net\/latam\/wp-json\/wp\/v2\/product\/23512","targetHints":{"allow":["GET"]}}],"collection":[{"href":"https:\/\/perfectmass.net\/latam\/wp-json\/wp\/v2\/product"}],"about":[{"href":"https:\/\/perfectmass.net\/latam\/wp-json\/wp\/v2\/types\/product"}],"replies":[{"embeddable":true,"href":"https:\/\/perfectmass.net\/latam\/wp-json\/wp\/v2\/comments?post=23512"}],"version-history":[{"count":1,"href":"https:\/\/perfectmass.net\/latam\/wp-json\/wp\/v2\/product\/23512\/revisions"}],"predecessor-version":[{"id":28561,"href":"https:\/\/perfectmass.net\/latam\/wp-json\/wp\/v2\/product\/23512\/revisions\/28561"}],"wp:featuredmedia":[{"embeddable":true,"href":"https:\/\/perfectmass.net\/latam\/wp-json\/wp\/v2\/media\/23513"}],"wp:attachment":[{"href":"https:\/\/perfectmass.net\/latam\/wp-json\/wp\/v2\/media?parent=23512"}],"wp:term":[{"taxonomy":"brand","embeddable":true,"href":"https:\/\/perfectmass.net\/latam\/wp-json\/wp\/v2\/etheme_brands?post=23512"},{"taxonomy":"product_brand","embeddable":true,"href":"https:\/\/perfectmass.net\/latam\/wp-json\/wp\/v2\/product_brand?post=23512"},{"taxonomy":"product_cat","embeddable":true,"href":"https:\/\/perfectmass.net\/latam\/wp-json\/wp\/v2\/product_cat?post=23512"},{"taxonomy":"product_tag","embeddable":true,"href":"https:\/\/perfectmass.net\/latam\/wp-json\/wp\/v2\/product_tag?post=23512"}],"curies":[{"name":"wp","href":"https:\/\/api.w.org\/{rel}","templated":true}]}}