{"id":23390,"date":"2025-11-26T17:55:10","date_gmt":"2025-11-26T22:55:10","guid":{"rendered":"https:\/\/perfectmass.net\/uncategorized\/prosupps-creatine-monohydrate\/"},"modified":"2026-04-23T13:02:10","modified_gmt":"2026-04-23T18:02:10","slug":"prosupps-creatine-monohydrate","status":"publish","type":"product","link":"https:\/\/perfectmass.net\/latam\/nutricion\/creatina\/monohidratada\/prosupps-creatine-monohydrate\/","title":{"rendered":"Creatine Monohydrate &#8211; ProSupps"},"content":{"rendered":"<p>PROSUPPS CREATINE MONOHYDRATE es creatina monohidrato pura para aumentar fuerza y masa muscular. La creatina es el suplemento m\u00e1s estudiado y efectivo para mejorar el rendimiento f\u00edsico. Presentaci\u00f3n: 60 SERVICIOS.<\/p>\n","protected":false},"excerpt":{"rendered":"<p>Creatina monohidrato<\/p>\n","protected":false},"featured_media":23391,"comment_status":"open","ping_status":"closed","template":"","meta":[],"etheme_brands":[{"term_id":2614,"name":"ProSupps","slug":"prosupps","term_group":0,"term_taxonomy_id":2614,"taxonomy":"brand","description":"<strong data-start=\"235\" data-end=\"260\">ProSupps:<\/strong> es una marca reconocida por su compromiso con la calidad, la innovaci\u00f3n y el rendimiento dentro del mundo de la nutrici\u00f3n deportiva. Sus productos est\u00e1n desarrollados para ayudar a deportistas y personas activas a mejorar su recuperaci\u00f3n, aumentar su energ\u00eda y alcanzar sus objetivos de forma segura y efectiva. En PerfectMassNutrition\u00ae seleccionamos lo mejor de ProSupps para ofrecerte suplementos confiables, con excelentes ingredientes y resultados comprobados, disponibles para toda Colombia y Latinoam\u00e9rica.","parent":0,"count":7,"filter":"raw"}],"product_brand":[2717],"product_cat":[1603,1604],"product_tag":[1620],"class_list":{"0":"post-23390","1":"product","2":"type-product","3":"status-publish","4":"has-post-thumbnail","6":"brand-prosupps","7":"product_brand-prosupps","8":"product_cat-creatina","9":"product_cat-monohidratada","10":"product_tag-fuerza","12":"first","13":"instock","14":"sale","15":"taxable","16":"shipping-taxable","17":"purchasable","18":"product-type-variable","19":"has-default-attributes"},"_links":{"self":[{"href":"https:\/\/perfectmass.net\/latam\/wp-json\/wp\/v2\/product\/23390","targetHints":{"allow":["GET"]}}],"collection":[{"href":"https:\/\/perfectmass.net\/latam\/wp-json\/wp\/v2\/product"}],"about":[{"href":"https:\/\/perfectmass.net\/latam\/wp-json\/wp\/v2\/types\/product"}],"replies":[{"embeddable":true,"href":"https:\/\/perfectmass.net\/latam\/wp-json\/wp\/v2\/comments?post=23390"}],"version-history":[{"count":1,"href":"https:\/\/perfectmass.net\/latam\/wp-json\/wp\/v2\/product\/23390\/revisions"}],"predecessor-version":[{"id":28499,"href":"https:\/\/perfectmass.net\/latam\/wp-json\/wp\/v2\/product\/23390\/revisions\/28499"}],"wp:featuredmedia":[{"embeddable":true,"href":"https:\/\/perfectmass.net\/latam\/wp-json\/wp\/v2\/media\/23391"}],"wp:attachment":[{"href":"https:\/\/perfectmass.net\/latam\/wp-json\/wp\/v2\/media?parent=23390"}],"wp:term":[{"taxonomy":"brand","embeddable":true,"href":"https:\/\/perfectmass.net\/latam\/wp-json\/wp\/v2\/etheme_brands?post=23390"},{"taxonomy":"product_brand","embeddable":true,"href":"https:\/\/perfectmass.net\/latam\/wp-json\/wp\/v2\/product_brand?post=23390"},{"taxonomy":"product_cat","embeddable":true,"href":"https:\/\/perfectmass.net\/latam\/wp-json\/wp\/v2\/product_cat?post=23390"},{"taxonomy":"product_tag","embeddable":true,"href":"https:\/\/perfectmass.net\/latam\/wp-json\/wp\/v2\/product_tag?post=23390"}],"curies":[{"name":"wp","href":"https:\/\/api.w.org\/{rel}","templated":true}]}}