{"id":23344,"date":"2025-11-26T17:55:11","date_gmt":"2025-11-26T22:55:11","guid":{"rendered":"https:\/\/perfectmass.net\/uncategorized\/shakers-macroblends-rojo\/"},"modified":"2026-05-02T04:29:17","modified_gmt":"2026-05-02T09:29:17","slug":"shakers-macroblends-rojo","status":"publish","type":"product","link":"https:\/\/perfectmass.net\/latam\/nutricion\/accesorios\/shakers\/shakers-macroblends-rojo\/","title":{"rendered":"Shaker Macroblends Rojo &#8211; Accesorios Macroblends"},"content":{"rendered":"<p><strong>Shaker Macroblends Rojo &#8211; Accesorios Macroblends<\/strong><\/p>\n<p>Shaker Macroblends Rojo &#8211; Accesorios Macroblends<\/p>\n<p>Accesorio deportivo de calidad dise\u00f1ado para complementar tu entrenamiento y facilitar el consumo de suplementos.<\/p>\n","protected":false},"excerpt":{"rendered":"<p>Accesorio de calidad para deportistas.<\/p>\n","protected":false},"featured_media":23345,"comment_status":"open","ping_status":"closed","template":"","meta":[],"etheme_brands":[{"term_id":2590,"name":"Macroblends","slug":"macroblends","term_group":0,"term_taxonomy_id":2590,"taxonomy":"brand","description":"<strong data-start=\"235\" data-end=\"260\">MacroBlends:<\/strong> es una marca reconocida por su compromiso con la calidad, la innovaci\u00f3n y el rendimiento dentro del mundo de la nutrici\u00f3n deportiva. Sus productos est\u00e1n desarrollados para ayudar a deportistas y personas activas a mejorar su recuperaci\u00f3n, aumentar su energ\u00eda y alcanzar sus objetivos de forma segura y efectiva. En PerfectMassNutrition\u00ae seleccionamos lo mejor de MacroBlends para ofrecerte suplementos confiables, con excelentes ingredientes y resultados comprobados, disponibles para toda Colombia y Latinoam\u00e9rica.","parent":0,"count":8,"filter":"raw"}],"product_brand":[2773],"product_cat":[3703],"product_tag":[1606],"class_list":{"0":"post-23344","1":"product","2":"type-product","3":"status-publish","4":"has-post-thumbnail","6":"brand-macroblends","7":"product_brand-macroblends","8":"product_cat-shakers","9":"product_tag-suplemento","11":"first","12":"outofstock","13":"sale","14":"taxable","15":"shipping-taxable","16":"purchasable","17":"product-type-variable","18":"has-default-attributes"},"_links":{"self":[{"href":"https:\/\/perfectmass.net\/latam\/wp-json\/wp\/v2\/product\/23344","targetHints":{"allow":["GET"]}}],"collection":[{"href":"https:\/\/perfectmass.net\/latam\/wp-json\/wp\/v2\/product"}],"about":[{"href":"https:\/\/perfectmass.net\/latam\/wp-json\/wp\/v2\/types\/product"}],"replies":[{"embeddable":true,"href":"https:\/\/perfectmass.net\/latam\/wp-json\/wp\/v2\/comments?post=23344"}],"version-history":[{"count":1,"href":"https:\/\/perfectmass.net\/latam\/wp-json\/wp\/v2\/product\/23344\/revisions"}],"predecessor-version":[{"id":28447,"href":"https:\/\/perfectmass.net\/latam\/wp-json\/wp\/v2\/product\/23344\/revisions\/28447"}],"wp:featuredmedia":[{"embeddable":true,"href":"https:\/\/perfectmass.net\/latam\/wp-json\/wp\/v2\/media\/23345"}],"wp:attachment":[{"href":"https:\/\/perfectmass.net\/latam\/wp-json\/wp\/v2\/media?parent=23344"}],"wp:term":[{"taxonomy":"brand","embeddable":true,"href":"https:\/\/perfectmass.net\/latam\/wp-json\/wp\/v2\/etheme_brands?post=23344"},{"taxonomy":"product_brand","embeddable":true,"href":"https:\/\/perfectmass.net\/latam\/wp-json\/wp\/v2\/product_brand?post=23344"},{"taxonomy":"product_cat","embeddable":true,"href":"https:\/\/perfectmass.net\/latam\/wp-json\/wp\/v2\/product_cat?post=23344"},{"taxonomy":"product_tag","embeddable":true,"href":"https:\/\/perfectmass.net\/latam\/wp-json\/wp\/v2\/product_tag?post=23344"}],"curies":[{"name":"wp","href":"https:\/\/api.w.org\/{rel}","templated":true}]}}