{"id":23326,"date":"2025-11-26T17:55:11","date_gmt":"2025-11-26T22:55:11","guid":{"rendered":"https:\/\/perfectmass.net\/uncategorized\/muscletech-nitro-tech\/"},"modified":"2026-04-24T14:11:46","modified_gmt":"2026-04-24T19:11:46","slug":"muscletech-nitro-tech","status":"publish","type":"product","link":"https:\/\/perfectmass.net\/latam\/nutricion\/mas-vendidos\/muscletech-nitro-tech\/","title":{"rendered":"Nitro Tech &#8211; Prote\u00edna Whey MuscleTech"},"content":{"rendered":"<p>MuscleTech Nitro-Tech con varios sabores irresistibly delicioso es prote\u00edna whey con tecnolog\u00eda de p\u00e9ptidos en formato de 4 libras. Cada servicio proporciona 30g de prote\u00edna ultra-filtrada que combina whey concentrate, whey isolate y p\u00e9ptidos hidrolizados. La tecnolog\u00eda Nitro-Tech incluye p\u00e9ptidos pre-digeridos que son amino\u00e1cidos de liberaci\u00f3n ultra-r\u00e1pida, llegando a tus m\u00fasculos extremadamente r\u00e1pido para iniciar la s\u00edntesis de prote\u00edna muscular inmediatamente post-entrenamiento. Esta f\u00f3rmula tambi\u00e9n incluye case\u00edna micelar que libera prote\u00edna gradualmente, proporcionando amino\u00e1cidos constantes durante horas despu\u00e9s de beber. Los p\u00e9ptidos adicionales en la f\u00f3rmula han demostrado mejorar la ganancia muscular hasta en un 68% comparado con prote\u00edna normal. El sabor fresa es absolutamente irresistible &#8211; intenso, natural y delicioso, haciendo que quieras beberla. Con 4 libras, tienes suministro para semanas de entrenamiento intenso. La mezcla es perfecta sin grumos. Tecnolog\u00eda Nitro-Tech para m\u00e1ximo crecimiento muscular. Los estudios demuestran que esta f\u00f3rmula es superior para ganancia muscular y fuerza. Calidad MuscleTech verificada. Importado desde USA. Tecnolog\u00eda para crecer m\u00e1s r\u00e1pido.<\/p>\n","protected":false},"excerpt":{"rendered":"<p>Whey Nitro-Tech fresa<\/p>\n","protected":false},"featured_media":23328,"comment_status":"open","ping_status":"closed","template":"","meta":[],"etheme_brands":[{"term_id":2598,"name":"MuscleTech","slug":"muscletech","term_group":0,"term_taxonomy_id":2598,"taxonomy":"brand","description":"<strong data-start=\"235\" data-end=\"260\">MuscleTech:<\/strong> es una marca reconocida por su compromiso con la calidad, la innovaci\u00f3n y el rendimiento dentro del mundo de la nutrici\u00f3n deportiva. Sus productos est\u00e1n desarrollados para ayudar a deportistas y personas activas a mejorar su recuperaci\u00f3n, aumentar su energ\u00eda y alcanzar sus objetivos de forma segura y efectiva. En PerfectMassNutrition\u00ae seleccionamos lo mejor de MuscleTech para ofrecerte suplementos confiables, con excelentes ingredientes y resultados comprobados, disponibles para toda Colombia y Latinoam\u00e9rica.","parent":0,"count":17,"filter":"raw"}],"product_brand":[2701],"product_cat":[1594,1595,1501,1596,1605],"product_tag":[1606],"class_list":{"0":"post-23326","1":"product","2":"type-product","3":"status-publish","4":"has-post-thumbnail","6":"brand-muscletech","7":"product_brand-muscletech","8":"product_cat-mas-vendidos","9":"product_cat-novedades","10":"product_cat-nutricion","11":"product_cat-ofertas","12":"product_cat-suplementos","13":"product_tag-suplemento","15":"first","16":"instock","17":"sale","18":"taxable","19":"shipping-taxable","20":"purchasable","21":"product-type-variable","22":"has-default-attributes"},"_links":{"self":[{"href":"https:\/\/perfectmass.net\/latam\/wp-json\/wp\/v2\/product\/23326","targetHints":{"allow":["GET"]}}],"collection":[{"href":"https:\/\/perfectmass.net\/latam\/wp-json\/wp\/v2\/product"}],"about":[{"href":"https:\/\/perfectmass.net\/latam\/wp-json\/wp\/v2\/types\/product"}],"replies":[{"embeddable":true,"href":"https:\/\/perfectmass.net\/latam\/wp-json\/wp\/v2\/comments?post=23326"}],"version-history":[{"count":1,"href":"https:\/\/perfectmass.net\/latam\/wp-json\/wp\/v2\/product\/23326\/revisions"}],"predecessor-version":[{"id":28445,"href":"https:\/\/perfectmass.net\/latam\/wp-json\/wp\/v2\/product\/23326\/revisions\/28445"}],"wp:featuredmedia":[{"embeddable":true,"href":"https:\/\/perfectmass.net\/latam\/wp-json\/wp\/v2\/media\/23328"}],"wp:attachment":[{"href":"https:\/\/perfectmass.net\/latam\/wp-json\/wp\/v2\/media?parent=23326"}],"wp:term":[{"taxonomy":"brand","embeddable":true,"href":"https:\/\/perfectmass.net\/latam\/wp-json\/wp\/v2\/etheme_brands?post=23326"},{"taxonomy":"product_brand","embeddable":true,"href":"https:\/\/perfectmass.net\/latam\/wp-json\/wp\/v2\/product_brand?post=23326"},{"taxonomy":"product_cat","embeddable":true,"href":"https:\/\/perfectmass.net\/latam\/wp-json\/wp\/v2\/product_cat?post=23326"},{"taxonomy":"product_tag","embeddable":true,"href":"https:\/\/perfectmass.net\/latam\/wp-json\/wp\/v2\/product_tag?post=23326"}],"curies":[{"name":"wp","href":"https:\/\/api.w.org\/{rel}","templated":true}]}}