{"id":23302,"date":"2025-11-26T17:55:11","date_gmt":"2025-11-26T22:55:11","guid":{"rendered":"https:\/\/perfectmass.net\/uncategorized\/zma-multivitaminico-insane-labz\/"},"modified":"2026-04-24T14:11:45","modified_gmt":"2026-04-24T19:11:45","slug":"zma-multivitaminico-insane-labz","status":"publish","type":"product","link":"https:\/\/perfectmass.net\/latam\/nutricion\/suplementos\/multivitaminicos\/zma-multivitaminico-insane-labz\/","title":{"rendered":"ZMA &#8211; Multivitam\u00ednico Insane Labz"},"content":{"rendered":"<h2>ZMA &#8211; Multivitam\u00ednico Insane Labz<\/h2>\n<ul>\n<li>Refuerza el sistema inmunitario<\/li>\n<li>Mejora la calidad del sue\u00f1o<\/li>\n<li>Aumenta la fuerza muscular<\/li>\n<\/ul>\n<p>Los atletas que entrenan con regularidad suelen tener deficiencia de zinc y magnesio. Esto se debe probablemente a la sudoraci\u00f3n y la s\u00edntesis de prote\u00ednas tras el entrenamiento.<\/p>\n<p>El ZMA ofrece muchos beneficios importantes y es imprescindible en tu rutina diaria de suplementaci\u00f3n. No solo refuerza el sistema inmunitario, sino que tambi\u00e9n mejora la recuperaci\u00f3n muscular, estimula el crecimiento muscular e incluso ayuda a mantener niveles m\u00e1s altos de testosterona.<\/p>\n<p>\u00a1Un peque\u00f1o secreto del Qu\u00edmico Loco! Mejora la absorci\u00f3n de ZMA con BioPerine. Combina ZMA con Insane Cutz o Unicorn ABS.<\/p>\n<div id=\"attachment_15609\" style=\"width: 310px\" class=\"wp-caption alignnone\"><img fetchpriority=\"high\" decoding=\"async\" aria-describedby=\"caption-attachment-15609\" class=\"size-medium wp-image-15609\" src=\"https:\/\/perfectmass.net\/wp-content\/uploads\/2025\/11\/The-Asylum-Cabinet-ZMA-Render-Website_1-300x300.jpg\" alt=\"ZMA - Multivitam\u00ednico Insane Labz\" width=\"300\" height=\"300\" title=\"\" srcset=\"https:\/\/perfectmass.net\/wp-content\/uploads\/2025\/11\/The-Asylum-Cabinet-ZMA-Render-Website_1-300x300.jpg 300w, https:\/\/perfectmass.net\/wp-content\/uploads\/2025\/11\/The-Asylum-Cabinet-ZMA-Render-Website_1-150x150.jpg 150w, https:\/\/perfectmass.net\/wp-content\/uploads\/2025\/11\/The-Asylum-Cabinet-ZMA-Render-Website_1-445x445.jpg 445w, https:\/\/perfectmass.net\/wp-content\/uploads\/2025\/11\/The-Asylum-Cabinet-ZMA-Render-Website_1-100x100.jpg 100w, https:\/\/perfectmass.net\/wp-content\/uploads\/2025\/11\/The-Asylum-Cabinet-ZMA-Render-Website_1-1x1.jpg 1w, https:\/\/perfectmass.net\/wp-content\/uploads\/2025\/11\/The-Asylum-Cabinet-ZMA-Render-Website_1-10x10.jpg 10w, https:\/\/perfectmass.net\/wp-content\/uploads\/2025\/11\/The-Asylum-Cabinet-ZMA-Render-Website_1.jpg 650w\" sizes=\"(max-width: 300px) 100vw, 300px\" \/><p id=\"caption-attachment-15609\" class=\"wp-caption-text\">ZMA &#8211; Multivitam\u00ednico <a href=\"https:\/\/insanelabz.com\/\" target=\"_blank\" rel=\"noopener\">Insane Labz<\/a><\/p><\/div>\n<p>Visitar <a href=\"http:\/\/PerfectMass.net\" target=\"_blank\" rel=\"noopener\">PerfectMass.net<\/a><\/p>\n","protected":false},"excerpt":{"rendered":"<p>Soporte diario para tus objetivos de rendimiento.<\/p>\n","protected":false},"featured_media":23303,"comment_status":"open","ping_status":"closed","template":"","meta":[],"etheme_brands":[{"term_id":2577,"name":"Insane Labz","slug":"insane-labz","term_group":0,"term_taxonomy_id":2577,"taxonomy":"brand","description":"<strong data-start=\"235\" data-end=\"260\">Insane Labz:<\/strong> es una marca reconocida por su compromiso con la calidad, la innovaci\u00f3n y el rendimiento dentro del mundo de la nutrici\u00f3n deportiva. Sus productos est\u00e1n desarrollados para ayudar a deportistas y personas activas a mejorar su recuperaci\u00f3n, aumentar su energ\u00eda y alcanzar sus objetivos de forma segura y efectiva. En PerfectMassNutrition\u00ae seleccionamos lo mejor de Insane Labz para ofrecerte suplementos confiables, con excelentes ingredientes y resultados comprobados, disponibles para toda Colombia y Latinoam\u00e9rica.","parent":0,"count":32,"filter":"raw"}],"product_brand":[2761],"product_cat":[1594,1600,1595,1596,1605,1601],"product_tag":[1606],"class_list":{"0":"post-23302","1":"product","2":"type-product","3":"status-publish","4":"has-post-thumbnail","6":"brand-insane-labz","7":"product_brand-insane-labz","8":"product_cat-mas-vendidos","9":"product_cat-multivitaminicos","10":"product_cat-novedades","11":"product_cat-ofertas","12":"product_cat-suplementos","13":"product_cat-vitaminas-minerales","14":"product_tag-suplemento","16":"first","17":"instock","18":"sale","19":"taxable","20":"shipping-taxable","21":"purchasable","22":"product-type-variable","23":"has-default-attributes"},"_links":{"self":[{"href":"https:\/\/perfectmass.net\/latam\/wp-json\/wp\/v2\/product\/23302","targetHints":{"allow":["GET"]}}],"collection":[{"href":"https:\/\/perfectmass.net\/latam\/wp-json\/wp\/v2\/product"}],"about":[{"href":"https:\/\/perfectmass.net\/latam\/wp-json\/wp\/v2\/types\/product"}],"replies":[{"embeddable":true,"href":"https:\/\/perfectmass.net\/latam\/wp-json\/wp\/v2\/comments?post=23302"}],"version-history":[{"count":1,"href":"https:\/\/perfectmass.net\/latam\/wp-json\/wp\/v2\/product\/23302\/revisions"}],"predecessor-version":[{"id":28427,"href":"https:\/\/perfectmass.net\/latam\/wp-json\/wp\/v2\/product\/23302\/revisions\/28427"}],"wp:featuredmedia":[{"embeddable":true,"href":"https:\/\/perfectmass.net\/latam\/wp-json\/wp\/v2\/media\/23303"}],"wp:attachment":[{"href":"https:\/\/perfectmass.net\/latam\/wp-json\/wp\/v2\/media?parent=23302"}],"wp:term":[{"taxonomy":"brand","embeddable":true,"href":"https:\/\/perfectmass.net\/latam\/wp-json\/wp\/v2\/etheme_brands?post=23302"},{"taxonomy":"product_brand","embeddable":true,"href":"https:\/\/perfectmass.net\/latam\/wp-json\/wp\/v2\/product_brand?post=23302"},{"taxonomy":"product_cat","embeddable":true,"href":"https:\/\/perfectmass.net\/latam\/wp-json\/wp\/v2\/product_cat?post=23302"},{"taxonomy":"product_tag","embeddable":true,"href":"https:\/\/perfectmass.net\/latam\/wp-json\/wp\/v2\/product_tag?post=23302"}],"curies":[{"name":"wp","href":"https:\/\/api.w.org\/{rel}","templated":true}]}}