{"id":23247,"date":"2025-11-26T17:55:23","date_gmt":"2025-11-26T22:55:23","guid":{"rendered":"https:\/\/perfectmass.net\/uncategorized\/ronnie-coleman-creatine-xs\/"},"modified":"2026-05-02T04:28:40","modified_gmt":"2026-05-02T09:28:40","slug":"ronnie-coleman-creatine-xs","status":"publish","type":"product","link":"https:\/\/perfectmass.net\/latam\/nutricion\/creatina\/monohidratada\/ronnie-coleman-creatine-xs\/","title":{"rendered":"Creatine XS &#8211; Ronnie Coleman"},"content":{"rendered":"<p>UNIVERSAL CREATINE es creatina monohidrato pura para aumentar fuerza y masa muscular. La creatina es el suplemento m\u00e1s estudiado y efectivo para mejorar el rendimiento f\u00edsico. Presentaci\u00f3n: 200 SERVICIOS.<\/p>\n","protected":false},"excerpt":{"rendered":"<p>Creatina monohidrato<\/p>\n","protected":false},"featured_media":23249,"comment_status":"open","ping_status":"closed","template":"","meta":[],"etheme_brands":[{"term_id":2625,"name":"Ronnie Coleman","slug":"ronnie-coleman","term_group":0,"term_taxonomy_id":2625,"taxonomy":"brand","description":"","parent":0,"count":4,"filter":"raw"}],"product_brand":[2724],"product_cat":[3691],"product_tag":[1620],"class_list":{"0":"post-23247","1":"product","2":"type-product","3":"status-publish","4":"has-post-thumbnail","6":"brand-ronnie-coleman","7":"product_brand-ronnie-coleman","8":"product_cat-monohidratada","9":"product_tag-fuerza","11":"first","12":"outofstock","13":"sale","14":"taxable","15":"shipping-taxable","16":"purchasable","17":"product-type-variable","18":"has-default-attributes"},"_links":{"self":[{"href":"https:\/\/perfectmass.net\/latam\/wp-json\/wp\/v2\/product\/23247","targetHints":{"allow":["GET"]}}],"collection":[{"href":"https:\/\/perfectmass.net\/latam\/wp-json\/wp\/v2\/product"}],"about":[{"href":"https:\/\/perfectmass.net\/latam\/wp-json\/wp\/v2\/types\/product"}],"replies":[{"embeddable":true,"href":"https:\/\/perfectmass.net\/latam\/wp-json\/wp\/v2\/comments?post=23247"}],"version-history":[{"count":1,"href":"https:\/\/perfectmass.net\/latam\/wp-json\/wp\/v2\/product\/23247\/revisions"}],"predecessor-version":[{"id":28397,"href":"https:\/\/perfectmass.net\/latam\/wp-json\/wp\/v2\/product\/23247\/revisions\/28397"}],"wp:featuredmedia":[{"embeddable":true,"href":"https:\/\/perfectmass.net\/latam\/wp-json\/wp\/v2\/media\/23249"}],"wp:attachment":[{"href":"https:\/\/perfectmass.net\/latam\/wp-json\/wp\/v2\/media?parent=23247"}],"wp:term":[{"taxonomy":"brand","embeddable":true,"href":"https:\/\/perfectmass.net\/latam\/wp-json\/wp\/v2\/etheme_brands?post=23247"},{"taxonomy":"product_brand","embeddable":true,"href":"https:\/\/perfectmass.net\/latam\/wp-json\/wp\/v2\/product_brand?post=23247"},{"taxonomy":"product_cat","embeddable":true,"href":"https:\/\/perfectmass.net\/latam\/wp-json\/wp\/v2\/product_cat?post=23247"},{"taxonomy":"product_tag","embeddable":true,"href":"https:\/\/perfectmass.net\/latam\/wp-json\/wp\/v2\/product_tag?post=23247"}],"curies":[{"name":"wp","href":"https:\/\/api.w.org\/{rel}","templated":true}]}}