{"id":23185,"date":"2025-11-26T17:55:37","date_gmt":"2025-11-26T22:55:37","guid":{"rendered":"https:\/\/perfectmass.net\/uncategorized\/smart-muscle-atomic-creatina-monohidrato\/"},"modified":"2026-04-24T14:11:29","modified_gmt":"2026-04-24T19:11:29","slug":"smart-muscle-atomic-creatina-monohidrato","status":"publish","type":"product","link":"https:\/\/perfectmass.net\/latam\/nutricion\/creatina\/monohidratada\/smart-muscle-atomic-creatina-monohidrato\/","title":{"rendered":"Atomic Creatina Monohidrato &#8211; Smart Muscle"},"content":{"rendered":"<p><strong>Atomic Creatina Monohidrato &#8211; Smart Muscle<\/strong><\/p>\n<p>Atomic Creatina Monohidrato<\/p>\n<p>Creatina de alta pureza formulada para favorecer la fuerza, la potencia y el rendimiento en ejercicios de alta intensidad.<\/p>\n","protected":false},"excerpt":{"rendered":"<p>Creatina pura para fuerza, potencia y rendimiento muscular.<\/p>\n","protected":false},"featured_media":23186,"comment_status":"open","ping_status":"closed","template":"","meta":[],"etheme_brands":[{"term_id":2656,"name":"Smart Muscle","slug":"smart-muscle","term_group":0,"term_taxonomy_id":2656,"taxonomy":"brand","description":"<strong data-start=\"235\" data-end=\"260\">Smart Muscle:<\/strong> es una marca reconocida por su compromiso con la calidad, la innovaci\u00f3n y el rendimiento dentro del mundo de la nutrici\u00f3n deportiva. Sus productos est\u00e1n desarrollados para ayudar a deportistas y personas activas a mejorar su recuperaci\u00f3n, aumentar su energ\u00eda y alcanzar sus objetivos de forma segura y efectiva. En PerfectMassNutrition\u00ae seleccionamos lo mejor de Smart Muscle para ofrecerte suplementos confiables, con excelentes ingredientes y resultados comprobados, disponibles para toda Colombia y Latinoam\u00e9rica.","parent":0,"count":8,"filter":"raw"}],"product_brand":[2739],"product_cat":[1603,1604],"product_tag":[1606],"class_list":{"0":"post-23185","1":"product","2":"type-product","3":"status-publish","4":"has-post-thumbnail","6":"brand-smart-muscle","7":"product_brand-smart-muscle","8":"product_cat-creatina","9":"product_cat-monohidratada","10":"product_tag-suplemento","12":"first","13":"instock","14":"sale","15":"taxable","16":"shipping-taxable","17":"purchasable","18":"product-type-variable","19":"has-default-attributes"},"_links":{"self":[{"href":"https:\/\/perfectmass.net\/latam\/wp-json\/wp\/v2\/product\/23185","targetHints":{"allow":["GET"]}}],"collection":[{"href":"https:\/\/perfectmass.net\/latam\/wp-json\/wp\/v2\/product"}],"about":[{"href":"https:\/\/perfectmass.net\/latam\/wp-json\/wp\/v2\/types\/product"}],"replies":[{"embeddable":true,"href":"https:\/\/perfectmass.net\/latam\/wp-json\/wp\/v2\/comments?post=23185"}],"version-history":[{"count":1,"href":"https:\/\/perfectmass.net\/latam\/wp-json\/wp\/v2\/product\/23185\/revisions"}],"predecessor-version":[{"id":28355,"href":"https:\/\/perfectmass.net\/latam\/wp-json\/wp\/v2\/product\/23185\/revisions\/28355"}],"wp:featuredmedia":[{"embeddable":true,"href":"https:\/\/perfectmass.net\/latam\/wp-json\/wp\/v2\/media\/23186"}],"wp:attachment":[{"href":"https:\/\/perfectmass.net\/latam\/wp-json\/wp\/v2\/media?parent=23185"}],"wp:term":[{"taxonomy":"brand","embeddable":true,"href":"https:\/\/perfectmass.net\/latam\/wp-json\/wp\/v2\/etheme_brands?post=23185"},{"taxonomy":"product_brand","embeddable":true,"href":"https:\/\/perfectmass.net\/latam\/wp-json\/wp\/v2\/product_brand?post=23185"},{"taxonomy":"product_cat","embeddable":true,"href":"https:\/\/perfectmass.net\/latam\/wp-json\/wp\/v2\/product_cat?post=23185"},{"taxonomy":"product_tag","embeddable":true,"href":"https:\/\/perfectmass.net\/latam\/wp-json\/wp\/v2\/product_tag?post=23185"}],"curies":[{"name":"wp","href":"https:\/\/api.w.org\/{rel}","templated":true}]}}