{"id":23171,"date":"2025-11-26T17:55:37","date_gmt":"2025-11-26T22:55:37","guid":{"rendered":"https:\/\/perfectmass.net\/uncategorized\/mhp-anadrox-pump-burn\/"},"modified":"2026-04-24T14:11:30","modified_gmt":"2026-04-24T19:11:30","slug":"mhp-anadrox-pump-burn","status":"publish","type":"product","link":"https:\/\/perfectmass.net\/latam\/nutricion\/entreno\/pre\/mhp-anadrox-pump-burn\/","title":{"rendered":"MHP Anadrox Pump &#038; Burn &#8211; Pre-Entreno MPH"},"content":{"rendered":"<p>Mhp Anadrox Pump &amp; Burn es un quemador de grasa dise\u00f1ado para acelerar el metabolismo y promover la p\u00e9rdida de peso. Contiene ingredientes termog\u00e9nicos de origen natural. Presentaci\u00f3n: 112 CAPSULAS.<\/p>\n","protected":false},"excerpt":{"rendered":"<p>Quemador de grasa<\/p>\n","protected":false},"featured_media":23173,"comment_status":"open","ping_status":"closed","template":"","meta":[],"etheme_brands":[{"term_id":2589,"name":"MHP","slug":"mhp","term_group":0,"term_taxonomy_id":2589,"taxonomy":"brand","description":"","parent":0,"count":1,"filter":"raw"}],"product_brand":[2767],"product_cat":[1597,1598],"product_tag":[1626],"class_list":{"0":"post-23171","1":"product","2":"type-product","3":"status-publish","4":"has-post-thumbnail","6":"brand-mhp","7":"product_brand-mhp","8":"product_cat-pre","9":"product_cat-entreno","10":"product_tag-perder-peso","12":"first","13":"outofstock","14":"sale","15":"taxable","16":"shipping-taxable","17":"purchasable","18":"product-type-variable","19":"has-default-attributes"},"_links":{"self":[{"href":"https:\/\/perfectmass.net\/latam\/wp-json\/wp\/v2\/product\/23171","targetHints":{"allow":["GET"]}}],"collection":[{"href":"https:\/\/perfectmass.net\/latam\/wp-json\/wp\/v2\/product"}],"about":[{"href":"https:\/\/perfectmass.net\/latam\/wp-json\/wp\/v2\/types\/product"}],"replies":[{"embeddable":true,"href":"https:\/\/perfectmass.net\/latam\/wp-json\/wp\/v2\/comments?post=23171"}],"version-history":[{"count":1,"href":"https:\/\/perfectmass.net\/latam\/wp-json\/wp\/v2\/product\/23171\/revisions"}],"predecessor-version":[{"id":28349,"href":"https:\/\/perfectmass.net\/latam\/wp-json\/wp\/v2\/product\/23171\/revisions\/28349"}],"wp:featuredmedia":[{"embeddable":true,"href":"https:\/\/perfectmass.net\/latam\/wp-json\/wp\/v2\/media\/23173"}],"wp:attachment":[{"href":"https:\/\/perfectmass.net\/latam\/wp-json\/wp\/v2\/media?parent=23171"}],"wp:term":[{"taxonomy":"brand","embeddable":true,"href":"https:\/\/perfectmass.net\/latam\/wp-json\/wp\/v2\/etheme_brands?post=23171"},{"taxonomy":"product_brand","embeddable":true,"href":"https:\/\/perfectmass.net\/latam\/wp-json\/wp\/v2\/product_brand?post=23171"},{"taxonomy":"product_cat","embeddable":true,"href":"https:\/\/perfectmass.net\/latam\/wp-json\/wp\/v2\/product_cat?post=23171"},{"taxonomy":"product_tag","embeddable":true,"href":"https:\/\/perfectmass.net\/latam\/wp-json\/wp\/v2\/product_tag?post=23171"}],"curies":[{"name":"wp","href":"https:\/\/api.w.org\/{rel}","templated":true}]}}