{"id":23102,"date":"2025-11-26T17:55:51","date_gmt":"2025-11-26T22:55:51","guid":{"rendered":"https:\/\/perfectmass.net\/uncategorized\/muscletech-hydroxycut-original\/"},"modified":"2026-04-24T14:11:19","modified_gmt":"2026-04-24T19:11:19","slug":"muscletech-hydroxycut-original","status":"publish","type":"product","link":"https:\/\/perfectmass.net\/latam\/nutricion\/suplementos\/control-peso\/perdida\/muscletech-hydroxycut-original\/","title":{"rendered":"Original &#8211; Quemador de Grasa Hydroxycut"},"content":{"rendered":"<p>HYDROXYCUT ORIGINAL es un quemador de grasa dise\u00f1ado para acelerar el metabolismo y promover la p\u00e9rdida de peso. Contiene ingredientes termog\u00e9nicos de origen natural. Presentaci\u00f3n: 72 CAPSULAS.<\/p>\n","protected":false},"excerpt":{"rendered":"<p>Quemador de grasa<\/p>\n","protected":false},"featured_media":23103,"comment_status":"open","ping_status":"closed","template":"","meta":[],"etheme_brands":[{"term_id":2572,"name":"Hydroxycut","slug":"hydroxycut","term_group":0,"term_taxonomy_id":2572,"taxonomy":"brand","description":"","parent":0,"count":2,"filter":"raw"}],"product_brand":[2765],"product_cat":[1594,1595,1596,1627,1623],"product_tag":[1626],"class_list":{"0":"post-23102","1":"product","2":"type-product","3":"status-publish","4":"has-post-thumbnail","6":"brand-hydroxycut","7":"product_brand-hydroxycut","8":"product_cat-mas-vendidos","9":"product_cat-novedades","10":"product_cat-ofertas","11":"product_cat-control-peso","12":"product_cat-perdida","13":"product_tag-perder-peso","15":"first","16":"outofstock","17":"sale","18":"taxable","19":"shipping-taxable","20":"purchasable","21":"product-type-variable","22":"has-default-attributes"},"_links":{"self":[{"href":"https:\/\/perfectmass.net\/latam\/wp-json\/wp\/v2\/product\/23102","targetHints":{"allow":["GET"]}}],"collection":[{"href":"https:\/\/perfectmass.net\/latam\/wp-json\/wp\/v2\/product"}],"about":[{"href":"https:\/\/perfectmass.net\/latam\/wp-json\/wp\/v2\/types\/product"}],"replies":[{"embeddable":true,"href":"https:\/\/perfectmass.net\/latam\/wp-json\/wp\/v2\/comments?post=23102"}],"version-history":[{"count":1,"href":"https:\/\/perfectmass.net\/latam\/wp-json\/wp\/v2\/product\/23102\/revisions"}],"predecessor-version":[{"id":28299,"href":"https:\/\/perfectmass.net\/latam\/wp-json\/wp\/v2\/product\/23102\/revisions\/28299"}],"wp:featuredmedia":[{"embeddable":true,"href":"https:\/\/perfectmass.net\/latam\/wp-json\/wp\/v2\/media\/23103"}],"wp:attachment":[{"href":"https:\/\/perfectmass.net\/latam\/wp-json\/wp\/v2\/media?parent=23102"}],"wp:term":[{"taxonomy":"brand","embeddable":true,"href":"https:\/\/perfectmass.net\/latam\/wp-json\/wp\/v2\/etheme_brands?post=23102"},{"taxonomy":"product_brand","embeddable":true,"href":"https:\/\/perfectmass.net\/latam\/wp-json\/wp\/v2\/product_brand?post=23102"},{"taxonomy":"product_cat","embeddable":true,"href":"https:\/\/perfectmass.net\/latam\/wp-json\/wp\/v2\/product_cat?post=23102"},{"taxonomy":"product_tag","embeddable":true,"href":"https:\/\/perfectmass.net\/latam\/wp-json\/wp\/v2\/product_tag?post=23102"}],"curies":[{"name":"wp","href":"https:\/\/api.w.org\/{rel}","templated":true}]}}