{"id":23096,"date":"2025-11-26T17:56:02","date_gmt":"2025-11-26T22:56:02","guid":{"rendered":"https:\/\/perfectmass.net\/uncategorized\/nutramerican-pharma-upn-burner-stack-lata\/"},"modified":"2026-04-24T14:11:17","modified_gmt":"2026-04-24T19:11:17","slug":"nutramerican-pharma-upn-burner-stack-lata","status":"publish","type":"product","link":"https:\/\/perfectmass.net\/latam\/nutricion\/suplementos\/control-peso\/perdida\/nutramerican-pharma-upn-burner-stack-lata\/","title":{"rendered":"Upn Burner Stack Lata &#8211; Nutramerican Pharma"},"content":{"rendered":"<p><strong>Upn Burner Stack Lata &#8211; Nutramerican Pharma<\/strong><\/p>\n<p>Ayuda a mejorar energ\u00eda, enfoque y rendimiento durante el entrenamiento.<\/p>\n","protected":false},"excerpt":{"rendered":"<p>Energ\u00eda y enfoque para rendir al m\u00e1ximo en cada sesi\u00f3n.<\/p>\n","protected":false},"featured_media":23097,"comment_status":"open","ping_status":"closed","template":"","meta":[],"etheme_brands":[{"term_id":2607,"name":"Nutramerican Pharma","slug":"nutramerican-pharma","term_group":0,"term_taxonomy_id":2607,"taxonomy":"brand","description":"<strong data-start=\"235\" data-end=\"260\">Nutramerican Pharma:<\/strong> es una marca reconocida por su compromiso con la calidad, la innovaci\u00f3n y el rendimiento dentro del mundo de la nutrici\u00f3n deportiva. Sus productos est\u00e1n desarrollados para ayudar a deportistas y personas activas a mejorar su recuperaci\u00f3n, aumentar su energ\u00eda y alcanzar sus objetivos de forma segura y efectiva. En PerfectMassNutrition\u00ae seleccionamos lo mejor de Nutramerican Pharma para ofrecerte suplementos confiables, con excelentes ingredientes y resultados comprobados, disponibles para toda Colombia y Latinoam\u00e9rica.","parent":0,"count":24,"filter":"raw"}],"product_brand":[2708],"product_cat":[1594,1595,1596,1627,1623],"product_tag":[1626],"class_list":{"0":"post-23096","1":"product","2":"type-product","3":"status-publish","4":"has-post-thumbnail","6":"brand-nutramerican-pharma","7":"product_brand-nutramerican-pharma","8":"product_cat-mas-vendidos","9":"product_cat-novedades","10":"product_cat-ofertas","11":"product_cat-control-peso","12":"product_cat-perdida","13":"product_tag-perder-peso","15":"first","16":"instock","17":"sale","18":"taxable","19":"shipping-taxable","20":"purchasable","21":"product-type-variable","22":"has-default-attributes"},"_links":{"self":[{"href":"https:\/\/perfectmass.net\/latam\/wp-json\/wp\/v2\/product\/23096","targetHints":{"allow":["GET"]}}],"collection":[{"href":"https:\/\/perfectmass.net\/latam\/wp-json\/wp\/v2\/product"}],"about":[{"href":"https:\/\/perfectmass.net\/latam\/wp-json\/wp\/v2\/types\/product"}],"replies":[{"embeddable":true,"href":"https:\/\/perfectmass.net\/latam\/wp-json\/wp\/v2\/comments?post=23096"}],"version-history":[{"count":1,"href":"https:\/\/perfectmass.net\/latam\/wp-json\/wp\/v2\/product\/23096\/revisions"}],"predecessor-version":[{"id":28289,"href":"https:\/\/perfectmass.net\/latam\/wp-json\/wp\/v2\/product\/23096\/revisions\/28289"}],"wp:featuredmedia":[{"embeddable":true,"href":"https:\/\/perfectmass.net\/latam\/wp-json\/wp\/v2\/media\/23097"}],"wp:attachment":[{"href":"https:\/\/perfectmass.net\/latam\/wp-json\/wp\/v2\/media?parent=23096"}],"wp:term":[{"taxonomy":"brand","embeddable":true,"href":"https:\/\/perfectmass.net\/latam\/wp-json\/wp\/v2\/etheme_brands?post=23096"},{"taxonomy":"product_brand","embeddable":true,"href":"https:\/\/perfectmass.net\/latam\/wp-json\/wp\/v2\/product_brand?post=23096"},{"taxonomy":"product_cat","embeddable":true,"href":"https:\/\/perfectmass.net\/latam\/wp-json\/wp\/v2\/product_cat?post=23096"},{"taxonomy":"product_tag","embeddable":true,"href":"https:\/\/perfectmass.net\/latam\/wp-json\/wp\/v2\/product_tag?post=23096"}],"curies":[{"name":"wp","href":"https:\/\/api.w.org\/{rel}","templated":true}]}}