{"id":23089,"date":"2025-11-26T17:56:03","date_gmt":"2025-11-26T22:56:03","guid":{"rendered":"https:\/\/perfectmass.net\/uncategorized\/muscletech-platinum-glutamine\/"},"modified":"2026-04-24T14:11:14","modified_gmt":"2026-04-24T19:11:14","slug":"muscletech-platinum-glutamine","status":"publish","type":"product","link":"https:\/\/perfectmass.net\/latam\/uncategorized\/muscletech-platinum-glutamine\/","title":{"rendered":"Platinum Glutamine &#8211; MuscleTech"},"content":{"rendered":"<p><strong>Platinum Glutamine &#8211; MuscleTech<\/strong><\/p>\n<p>Platinum Glutamine<\/p>\n<p>L-Glutamina de alta pureza para apoyar la recuperaci\u00f3n muscular, el sistema inmune y la salud intestinal.<\/p>\n","protected":false},"excerpt":{"rendered":"<p>Recuperaci\u00f3n muscular<\/p>\n","protected":false},"featured_media":23091,"comment_status":"open","ping_status":"closed","template":"","meta":[],"etheme_brands":[{"term_id":2598,"name":"MuscleTech","slug":"muscletech","term_group":0,"term_taxonomy_id":2598,"taxonomy":"brand","description":"<strong data-start=\"235\" data-end=\"260\">MuscleTech:<\/strong> es una marca reconocida por su compromiso con la calidad, la innovaci\u00f3n y el rendimiento dentro del mundo de la nutrici\u00f3n deportiva. Sus productos est\u00e1n desarrollados para ayudar a deportistas y personas activas a mejorar su recuperaci\u00f3n, aumentar su energ\u00eda y alcanzar sus objetivos de forma segura y efectiva. En PerfectMassNutrition\u00ae seleccionamos lo mejor de MuscleTech para ofrecerte suplementos confiables, con excelentes ingredientes y resultados comprobados, disponibles para toda Colombia y Latinoam\u00e9rica.","parent":0,"count":17,"filter":"raw"}],"product_brand":[2701],"product_cat":[],"product_tag":[1606],"class_list":{"0":"post-23089","1":"product","2":"type-product","3":"status-publish","4":"has-post-thumbnail","6":"brand-muscletech","7":"product_brand-muscletech","8":"product_tag-suplemento","10":"first","11":"instock","12":"sale","13":"taxable","14":"shipping-taxable","15":"purchasable","16":"product-type-variable","17":"has-default-attributes"},"_links":{"self":[{"href":"https:\/\/perfectmass.net\/latam\/wp-json\/wp\/v2\/product\/23089","targetHints":{"allow":["GET"]}}],"collection":[{"href":"https:\/\/perfectmass.net\/latam\/wp-json\/wp\/v2\/product"}],"about":[{"href":"https:\/\/perfectmass.net\/latam\/wp-json\/wp\/v2\/types\/product"}],"replies":[{"embeddable":true,"href":"https:\/\/perfectmass.net\/latam\/wp-json\/wp\/v2\/comments?post=23089"}],"version-history":[{"count":1,"href":"https:\/\/perfectmass.net\/latam\/wp-json\/wp\/v2\/product\/23089\/revisions"}],"predecessor-version":[{"id":28285,"href":"https:\/\/perfectmass.net\/latam\/wp-json\/wp\/v2\/product\/23089\/revisions\/28285"}],"wp:featuredmedia":[{"embeddable":true,"href":"https:\/\/perfectmass.net\/latam\/wp-json\/wp\/v2\/media\/23091"}],"wp:attachment":[{"href":"https:\/\/perfectmass.net\/latam\/wp-json\/wp\/v2\/media?parent=23089"}],"wp:term":[{"taxonomy":"brand","embeddable":true,"href":"https:\/\/perfectmass.net\/latam\/wp-json\/wp\/v2\/etheme_brands?post=23089"},{"taxonomy":"product_brand","embeddable":true,"href":"https:\/\/perfectmass.net\/latam\/wp-json\/wp\/v2\/product_brand?post=23089"},{"taxonomy":"product_cat","embeddable":true,"href":"https:\/\/perfectmass.net\/latam\/wp-json\/wp\/v2\/product_cat?post=23089"},{"taxonomy":"product_tag","embeddable":true,"href":"https:\/\/perfectmass.net\/latam\/wp-json\/wp\/v2\/product_tag?post=23089"}],"curies":[{"name":"wp","href":"https:\/\/api.w.org\/{rel}","templated":true}]}}