{"id":23079,"date":"2025-11-26T17:56:03","date_gmt":"2025-11-26T22:56:03","guid":{"rendered":"https:\/\/perfectmass.net\/uncategorized\/legacy-plus-creatina-proscience\/"},"modified":"2026-04-24T14:11:15","modified_gmt":"2026-04-24T19:11:15","slug":"legacy-plus-creatina-proscience","status":"publish","type":"product","link":"https:\/\/perfectmass.net\/latam\/nutricion\/creatina\/monohidratada\/legacy-plus-creatina-proscience\/","title":{"rendered":"Legacy Plus &#8211; Creatina Proscience"},"content":{"rendered":"<h2>Legacy Plus &#8211; Creatina Proscience<\/h2>\n<p><strong>LEGACY PLUS\u00a0<\/strong>es un polvo para preparar bebida energizante con la combinaci\u00f3n de Polidextrosa, Leucina, \u00c1cido a-Metil Guanido-Ac\u00e9tico el cual es el nombre gen\u00e9rico de la\u00a0<strong>Creatina<\/strong>\u00a0que en este producto se encuentra en su forma HCL, Betaina, Taurina y Extracto de Astragalus.<\/p>\n<p>La base de cualquier objetivo en cambiar la composici\u00f3n corporal siempre ser\u00e1 un adecuado plan de alimentaci\u00f3n que debe ser balanceado seg\u00fan las metas que se requiere. Pero cuando desees aumentar los niveles de energ\u00eda seg\u00fan las necesidades en tu plan de ejercicio,\u00a0<strong>LEGACY PLUS\u00a0<\/strong>es una excelente combinaci\u00f3n para de una manera eficaz obtener los resultados.<\/p>\n<p>Aunque nuestro cuerpo puede fabricar\u00a0<strong>creatina<\/strong>\u00a0a base de algunos amino\u00e1cidos y tambi\u00e9n la podemos obtener a partir de alimentos animales como la carne y el pescado. En aquellas personas que tengan una dieta pobre en estos alimentos o personas que realicen actividad f\u00edsica con una alta demanda energ\u00e9tica, podr\u00eda ser ideal el consumo de\u00a0<strong>LEGACY<\/strong>\u00a0<strong>PLUS<\/strong>\u00a0gracias al aporte de\u00a0<strong>creatina hcl<\/strong>\u00a0para obtener los objetivos planeados.<\/p>\n<p>No se recomienda el consumo de bebidas energizantes con bebidas alcoh\u00f3licas.<\/p>\n<p>Este producto solo podr\u00e1 ser comercializado, expendido y dirigido a poblaci\u00f3n mayor de 14 a\u00f1os.<\/p>\n<div id=\"attachment_21969\" style=\"width: 310px\" class=\"wp-caption alignnone\"><img fetchpriority=\"high\" decoding=\"async\" aria-describedby=\"caption-attachment-21969\" class=\"size-medium wp-image-21969\" src=\"https:\/\/perfectmass.net\/wp-content\/uploads\/2025\/11\/legacy-plus-30s-watermelon-0-300x300.png\" alt=\"Legacy Plus - Proscience\" width=\"300\" height=\"300\" title=\"\" srcset=\"https:\/\/perfectmass.net\/wp-content\/uploads\/2025\/11\/legacy-plus-30s-watermelon-0-300x300.png 300w, https:\/\/perfectmass.net\/wp-content\/uploads\/2025\/11\/legacy-plus-30s-watermelon-0-1024x1024.png 1024w, https:\/\/perfectmass.net\/wp-content\/uploads\/2025\/11\/legacy-plus-30s-watermelon-0-150x150.png 150w, https:\/\/perfectmass.net\/wp-content\/uploads\/2025\/11\/legacy-plus-30s-watermelon-0-768x768.png 768w, https:\/\/perfectmass.net\/wp-content\/uploads\/2025\/11\/legacy-plus-30s-watermelon-0-1536x1536.png 1536w, https:\/\/perfectmass.net\/wp-content\/uploads\/2025\/11\/legacy-plus-30s-watermelon-0-445x445.png 445w, https:\/\/perfectmass.net\/wp-content\/uploads\/2025\/11\/legacy-plus-30s-watermelon-0-100x100.png 100w, https:\/\/perfectmass.net\/wp-content\/uploads\/2025\/11\/legacy-plus-30s-watermelon-0-1x1.png 1w, https:\/\/perfectmass.net\/wp-content\/uploads\/2025\/11\/legacy-plus-30s-watermelon-0-10x10.png 10w, https:\/\/perfectmass.net\/wp-content\/uploads\/2025\/11\/legacy-plus-30s-watermelon-0.png 2000w\" sizes=\"(max-width: 300px) 100vw, 300px\" \/><p id=\"caption-attachment-21969\" class=\"wp-caption-text\">Legacy Plus &#8211; Creatina <a href=\"https:\/\/proscience.com.co\" target=\"_blank\" rel=\"noopener\">Proscience<\/a><\/p><\/div>\n<p>Visitar <a href=\"http:\/\/PerfectMass.net\" target=\"_blank\" rel=\"noopener\">PerfectMass.net<\/a><\/p>\n","protected":false},"excerpt":{"rendered":"<p>M\u00e1s fuerza y rendimiento para tus entrenamientos exigentes.<\/p>\n","protected":false},"featured_media":23081,"comment_status":"open","ping_status":"closed","template":"","meta":[],"etheme_brands":[{"term_id":2616,"name":"Proscience","slug":"proscience","term_group":0,"term_taxonomy_id":2616,"taxonomy":"brand","description":"<strong data-start=\"235\" data-end=\"260\">Proscience:<\/strong> es una marca reconocida por su compromiso con la calidad, la innovaci\u00f3n y el rendimiento dentro del mundo de la nutrici\u00f3n deportiva. Sus productos est\u00e1n desarrollados para ayudar a deportistas y personas activas a mejorar su recuperaci\u00f3n, aumentar su energ\u00eda y alcanzar sus objetivos de forma segura y efectiva. En PerfectMassNutrition\u00ae seleccionamos lo mejor de Proscience para ofrecerte suplementos confiables, con excelentes ingredientes y resultados comprobados, disponibles para toda Colombia y Latinoam\u00e9rica.","parent":0,"count":25,"filter":"raw"}],"product_brand":[2719],"product_cat":[1604,1597,1605],"product_tag":[1606],"class_list":{"0":"post-23079","1":"product","2":"type-product","3":"status-publish","4":"has-post-thumbnail","6":"brand-proscience","7":"product_brand-proscience","8":"product_cat-monohidratada","9":"product_cat-pre","10":"product_cat-suplementos","11":"product_tag-suplemento","13":"first","14":"instock","15":"sale","16":"taxable","17":"shipping-taxable","18":"purchasable","19":"product-type-variable","20":"has-default-attributes"},"_links":{"self":[{"href":"https:\/\/perfectmass.net\/latam\/wp-json\/wp\/v2\/product\/23079","targetHints":{"allow":["GET"]}}],"collection":[{"href":"https:\/\/perfectmass.net\/latam\/wp-json\/wp\/v2\/product"}],"about":[{"href":"https:\/\/perfectmass.net\/latam\/wp-json\/wp\/v2\/types\/product"}],"replies":[{"embeddable":true,"href":"https:\/\/perfectmass.net\/latam\/wp-json\/wp\/v2\/comments?post=23079"}],"version-history":[{"count":1,"href":"https:\/\/perfectmass.net\/latam\/wp-json\/wp\/v2\/product\/23079\/revisions"}],"predecessor-version":[{"id":28279,"href":"https:\/\/perfectmass.net\/latam\/wp-json\/wp\/v2\/product\/23079\/revisions\/28279"}],"wp:featuredmedia":[{"embeddable":true,"href":"https:\/\/perfectmass.net\/latam\/wp-json\/wp\/v2\/media\/23081"}],"wp:attachment":[{"href":"https:\/\/perfectmass.net\/latam\/wp-json\/wp\/v2\/media?parent=23079"}],"wp:term":[{"taxonomy":"brand","embeddable":true,"href":"https:\/\/perfectmass.net\/latam\/wp-json\/wp\/v2\/etheme_brands?post=23079"},{"taxonomy":"product_brand","embeddable":true,"href":"https:\/\/perfectmass.net\/latam\/wp-json\/wp\/v2\/product_brand?post=23079"},{"taxonomy":"product_cat","embeddable":true,"href":"https:\/\/perfectmass.net\/latam\/wp-json\/wp\/v2\/product_cat?post=23079"},{"taxonomy":"product_tag","embeddable":true,"href":"https:\/\/perfectmass.net\/latam\/wp-json\/wp\/v2\/product_tag?post=23079"}],"curies":[{"name":"wp","href":"https:\/\/api.w.org\/{rel}","templated":true}]}}