{"id":23046,"date":"2025-11-26T17:56:28","date_gmt":"2025-11-26T22:56:28","guid":{"rendered":"https:\/\/perfectmass.net\/uncategorized\/lipoblue-supreme\/"},"modified":"2026-04-24T14:11:06","modified_gmt":"2026-04-24T19:11:06","slug":"lipoblue-supreme","status":"publish","type":"product","link":"https:\/\/perfectmass.net\/latam\/nutricion\/suplementos\/control-peso\/perdida\/lipoblue-supreme\/","title":{"rendered":"Supreme &#8211; Quemador de Grasa Lipoblue"},"content":{"rendered":"<p><strong>Supreme &#8211; Quemador de Grasa Lipoblue<\/strong><\/p>\n<p>Supreme &#8211; Quemador de Grasa Lipoblue<\/p>\n<p>F\u00f3rmula termog\u00e9nica dise\u00f1ada para apoyar los procesos de definici\u00f3n corporal y el control del peso en combinaci\u00f3n con dieta y ejercicio.<\/p>\n","protected":false},"excerpt":{"rendered":"<p>Suplemento quemador de grasa<\/p>\n","protected":false},"featured_media":23047,"comment_status":"open","ping_status":"closed","template":"","meta":[],"etheme_brands":[{"term_id":2584,"name":"Lipoblue","slug":"lipoblue","term_group":0,"term_taxonomy_id":2584,"taxonomy":"brand","description":"","parent":0,"count":4,"filter":"raw"}],"product_brand":[2763],"product_cat":[1627,1623],"product_tag":[1599],"class_list":{"0":"post-23046","1":"product","2":"type-product","3":"status-publish","4":"has-post-thumbnail","6":"brand-lipoblue","7":"product_brand-lipoblue","8":"product_cat-control-peso","9":"product_cat-perdida","10":"product_tag-pre-entreno","12":"first","13":"outofstock","14":"sale","15":"taxable","16":"shipping-taxable","17":"purchasable","18":"product-type-variable","19":"has-default-attributes"},"_links":{"self":[{"href":"https:\/\/perfectmass.net\/latam\/wp-json\/wp\/v2\/product\/23046","targetHints":{"allow":["GET"]}}],"collection":[{"href":"https:\/\/perfectmass.net\/latam\/wp-json\/wp\/v2\/product"}],"about":[{"href":"https:\/\/perfectmass.net\/latam\/wp-json\/wp\/v2\/types\/product"}],"replies":[{"embeddable":true,"href":"https:\/\/perfectmass.net\/latam\/wp-json\/wp\/v2\/comments?post=23046"}],"version-history":[{"count":1,"href":"https:\/\/perfectmass.net\/latam\/wp-json\/wp\/v2\/product\/23046\/revisions"}],"predecessor-version":[{"id":28251,"href":"https:\/\/perfectmass.net\/latam\/wp-json\/wp\/v2\/product\/23046\/revisions\/28251"}],"wp:featuredmedia":[{"embeddable":true,"href":"https:\/\/perfectmass.net\/latam\/wp-json\/wp\/v2\/media\/23047"}],"wp:attachment":[{"href":"https:\/\/perfectmass.net\/latam\/wp-json\/wp\/v2\/media?parent=23046"}],"wp:term":[{"taxonomy":"brand","embeddable":true,"href":"https:\/\/perfectmass.net\/latam\/wp-json\/wp\/v2\/etheme_brands?post=23046"},{"taxonomy":"product_brand","embeddable":true,"href":"https:\/\/perfectmass.net\/latam\/wp-json\/wp\/v2\/product_brand?post=23046"},{"taxonomy":"product_cat","embeddable":true,"href":"https:\/\/perfectmass.net\/latam\/wp-json\/wp\/v2\/product_cat?post=23046"},{"taxonomy":"product_tag","embeddable":true,"href":"https:\/\/perfectmass.net\/latam\/wp-json\/wp\/v2\/product_tag?post=23046"}],"curies":[{"name":"wp","href":"https:\/\/api.w.org\/{rel}","templated":true}]}}