{"id":22977,"date":"2025-11-26T17:57:15","date_gmt":"2025-11-26T22:57:15","guid":{"rendered":"https:\/\/perfectmass.net\/uncategorized\/shakers-smart-muscle-termo\/"},"modified":"2026-04-24T14:10:58","modified_gmt":"2026-04-24T19:10:58","slug":"shakers-smart-muscle-termo","status":"publish","type":"product","link":"https:\/\/perfectmass.net\/latam\/nutricion\/accesorios\/shakers\/shakers-smart-muscle-termo\/","title":{"rendered":"Shakers Smart Muscle Termo &#8211; Accesorios Smart Muscle"},"content":{"rendered":"<p><strong>Shakers Smart Muscle Termo &#8211; Accesorios Smart Muscle<\/strong><\/p>\n<p>Shakers Smart Muscle Termo &#8211; Accesorios Smart Muscle<\/p>\n<p>Accesorio deportivo de calidad dise\u00f1ado para complementar tu entrenamiento y facilitar el consumo de suplementos.<\/p>\n","protected":false},"excerpt":{"rendered":"<p>Accesorio de calidad para deportistas.<\/p>\n","protected":false},"featured_media":22978,"comment_status":"open","ping_status":"closed","template":"","meta":[],"etheme_brands":[{"term_id":2656,"name":"Smart Muscle","slug":"smart-muscle","term_group":0,"term_taxonomy_id":2656,"taxonomy":"brand","description":"<strong data-start=\"235\" data-end=\"260\">Smart Muscle:<\/strong> es una marca reconocida por su compromiso con la calidad, la innovaci\u00f3n y el rendimiento dentro del mundo de la nutrici\u00f3n deportiva. Sus productos est\u00e1n desarrollados para ayudar a deportistas y personas activas a mejorar su recuperaci\u00f3n, aumentar su energ\u00eda y alcanzar sus objetivos de forma segura y efectiva. En PerfectMassNutrition\u00ae seleccionamos lo mejor de Smart Muscle para ofrecerte suplementos confiables, con excelentes ingredientes y resultados comprobados, disponibles para toda Colombia y Latinoam\u00e9rica.","parent":0,"count":8,"filter":"raw"}],"product_brand":[2739],"product_cat":[1501,1618,1605],"product_tag":[1606],"class_list":{"0":"post-22977","1":"product","2":"type-product","3":"status-publish","4":"has-post-thumbnail","6":"brand-smart-muscle","7":"product_brand-smart-muscle","8":"product_cat-nutricion","9":"product_cat-shakers","10":"product_cat-suplementos","11":"product_tag-suplemento","13":"first","14":"outofstock","15":"sale","16":"taxable","17":"shipping-taxable","18":"purchasable","19":"product-type-variable","20":"has-default-attributes"},"_links":{"self":[{"href":"https:\/\/perfectmass.net\/latam\/wp-json\/wp\/v2\/product\/22977","targetHints":{"allow":["GET"]}}],"collection":[{"href":"https:\/\/perfectmass.net\/latam\/wp-json\/wp\/v2\/product"}],"about":[{"href":"https:\/\/perfectmass.net\/latam\/wp-json\/wp\/v2\/types\/product"}],"replies":[{"embeddable":true,"href":"https:\/\/perfectmass.net\/latam\/wp-json\/wp\/v2\/comments?post=22977"}],"version-history":[{"count":1,"href":"https:\/\/perfectmass.net\/latam\/wp-json\/wp\/v2\/product\/22977\/revisions"}],"predecessor-version":[{"id":28207,"href":"https:\/\/perfectmass.net\/latam\/wp-json\/wp\/v2\/product\/22977\/revisions\/28207"}],"wp:featuredmedia":[{"embeddable":true,"href":"https:\/\/perfectmass.net\/latam\/wp-json\/wp\/v2\/media\/22978"}],"wp:attachment":[{"href":"https:\/\/perfectmass.net\/latam\/wp-json\/wp\/v2\/media?parent=22977"}],"wp:term":[{"taxonomy":"brand","embeddable":true,"href":"https:\/\/perfectmass.net\/latam\/wp-json\/wp\/v2\/etheme_brands?post=22977"},{"taxonomy":"product_brand","embeddable":true,"href":"https:\/\/perfectmass.net\/latam\/wp-json\/wp\/v2\/product_brand?post=22977"},{"taxonomy":"product_cat","embeddable":true,"href":"https:\/\/perfectmass.net\/latam\/wp-json\/wp\/v2\/product_cat?post=22977"},{"taxonomy":"product_tag","embeddable":true,"href":"https:\/\/perfectmass.net\/latam\/wp-json\/wp\/v2\/product_tag?post=22977"}],"curies":[{"name":"wp","href":"https:\/\/api.w.org\/{rel}","templated":true}]}}