{"id":22960,"date":"2025-11-26T17:57:28","date_gmt":"2025-11-26T22:57:28","guid":{"rendered":"https:\/\/perfectmass.net\/uncategorized\/legacy-creatina-proscience\/"},"modified":"2026-04-24T14:10:56","modified_gmt":"2026-04-24T19:10:56","slug":"legacy-creatina-proscience","status":"publish","type":"product","link":"https:\/\/perfectmass.net\/latam\/nutricion\/creatina\/monohidratada\/legacy-creatina-proscience\/","title":{"rendered":"Legacy &#8211; Creatina Proscience"},"content":{"rendered":"<h2>Legacy &#8211; Creatina Proscience<\/h2>\n<p><strong>LEGACY\u00a0<\/strong>es un producto alimenticio a base de Polvo de Frutas y\u00a0<strong>Creatina<\/strong>\u00a0en su forma HCL con diferentes utilidades como complemento a una alimentaci\u00f3n balanceada, principalmente cuando se realice actividad f\u00edsica.<\/p>\n<p>La Creatina se encuentra en las c\u00e9lulas, principalmente en aquellas con mitocondrias que necesiten hacer res\u00edntesis de energ\u00eda y cada vez aparecen m\u00e1s estudios sobre la importancia de tener una buena reserva de creatina y disponibilidad de energ\u00eda.<\/p>\n<p>Nuestro cuerpo puede fabricar creatina a base de algunos amino\u00e1cidos y tambi\u00e9n la podemos obtener a partir de alimentos animales como la carne y el pescado. En aquellas personas que tengan una dieta pobre en estos alimentos o personas que realicen actividad f\u00edsica con una alta demanda energ\u00e9tica, podr\u00eda ser ideal el consumo de\u00a0<strong>LEGACY<\/strong>\u00a0para obtener los objetivos planeados.<\/p>\n<p>Para resultados ideales\u00a0<strong>LEGACY<\/strong>\u00a0debe ser consumida a diario, ya que para lograr efectos adecuados se debe mantener los dep\u00f3sitos de creatina altos y esto se logra de una manera m\u00e1s eficaz consumi\u00e9ndola a diario.<\/p>\n<p><strong>LEGACY<\/strong> puede ser consumido a cualquier hora del d\u00eda como un complemento a la alimentaci\u00f3n para mejorar la recuperaci\u00f3n y disponibilidad energ\u00e9tica, puede utilizarse en cualquier momento \u00f3 posterior a la actividad f\u00edsica, pero es muy importante que su consumo sea a diario, para preservar los dep\u00f3sitos de creatina.<\/p>\n<div id=\"attachment_21961\" style=\"width: 310px\" class=\"wp-caption alignnone\"><img fetchpriority=\"high\" decoding=\"async\" aria-describedby=\"caption-attachment-21961\" class=\"size-medium wp-image-21961\" src=\"https:\/\/perfectmass.net\/wp-content\/uploads\/2025\/11\/legacy-50s-citrus-0-300x300.png\" alt=\"Legacy - Creatina Proscience\" width=\"300\" height=\"300\" title=\"\" srcset=\"https:\/\/perfectmass.net\/wp-content\/uploads\/2025\/11\/legacy-50s-citrus-0-300x300.png 300w, https:\/\/perfectmass.net\/wp-content\/uploads\/2025\/11\/legacy-50s-citrus-0-1024x1024.png 1024w, https:\/\/perfectmass.net\/wp-content\/uploads\/2025\/11\/legacy-50s-citrus-0-150x150.png 150w, https:\/\/perfectmass.net\/wp-content\/uploads\/2025\/11\/legacy-50s-citrus-0-768x768.png 768w, https:\/\/perfectmass.net\/wp-content\/uploads\/2025\/11\/legacy-50s-citrus-0-1536x1536.png 1536w, https:\/\/perfectmass.net\/wp-content\/uploads\/2025\/11\/legacy-50s-citrus-0-445x445.png 445w, https:\/\/perfectmass.net\/wp-content\/uploads\/2025\/11\/legacy-50s-citrus-0-100x100.png 100w, https:\/\/perfectmass.net\/wp-content\/uploads\/2025\/11\/legacy-50s-citrus-0-1x1.png 1w, https:\/\/perfectmass.net\/wp-content\/uploads\/2025\/11\/legacy-50s-citrus-0-10x10.png 10w, https:\/\/perfectmass.net\/wp-content\/uploads\/2025\/11\/legacy-50s-citrus-0.png 2000w\" sizes=\"(max-width: 300px) 100vw, 300px\" \/><p id=\"caption-attachment-21961\" class=\"wp-caption-text\">Legacy &#8211; Creatina <a href=\"https:\/\/proscience.com.co\" target=\"_blank\" rel=\"noopener\">Proscience<\/a><\/p><\/div>\n<p>Visitar <a href=\"http:\/\/PerfectMass.net\" target=\"_blank\" rel=\"noopener\">PerfectMass.net<\/a><\/p>\n<p>&nbsp;<\/p>\n<p>&nbsp;<\/p>\n","protected":false},"excerpt":{"rendered":"<p>M\u00e1s fuerza y rendimiento para tus entrenamientos exigentes.<\/p>\n","protected":false},"featured_media":22962,"comment_status":"open","ping_status":"closed","template":"","meta":[],"etheme_brands":[{"term_id":2616,"name":"Proscience","slug":"proscience","term_group":0,"term_taxonomy_id":2616,"taxonomy":"brand","description":"<strong data-start=\"235\" data-end=\"260\">Proscience:<\/strong> es una marca reconocida por su compromiso con la calidad, la innovaci\u00f3n y el rendimiento dentro del mundo de la nutrici\u00f3n deportiva. Sus productos est\u00e1n desarrollados para ayudar a deportistas y personas activas a mejorar su recuperaci\u00f3n, aumentar su energ\u00eda y alcanzar sus objetivos de forma segura y efectiva. En PerfectMassNutrition\u00ae seleccionamos lo mejor de Proscience para ofrecerte suplementos confiables, con excelentes ingredientes y resultados comprobados, disponibles para toda Colombia y Latinoam\u00e9rica.","parent":0,"count":25,"filter":"raw"}],"product_brand":[2719],"product_cat":[1603,1604,1501,1605],"product_tag":[1606],"class_list":{"0":"post-22960","1":"product","2":"type-product","3":"status-publish","4":"has-post-thumbnail","6":"brand-proscience","7":"product_brand-proscience","8":"product_cat-creatina","9":"product_cat-monohidratada","10":"product_cat-nutricion","11":"product_cat-suplementos","12":"product_tag-suplemento","14":"first","15":"instock","16":"sale","17":"taxable","18":"shipping-taxable","19":"purchasable","20":"product-type-variable","21":"has-default-attributes"},"_links":{"self":[{"href":"https:\/\/perfectmass.net\/latam\/wp-json\/wp\/v2\/product\/22960","targetHints":{"allow":["GET"]}}],"collection":[{"href":"https:\/\/perfectmass.net\/latam\/wp-json\/wp\/v2\/product"}],"about":[{"href":"https:\/\/perfectmass.net\/latam\/wp-json\/wp\/v2\/types\/product"}],"replies":[{"embeddable":true,"href":"https:\/\/perfectmass.net\/latam\/wp-json\/wp\/v2\/comments?post=22960"}],"version-history":[{"count":1,"href":"https:\/\/perfectmass.net\/latam\/wp-json\/wp\/v2\/product\/22960\/revisions"}],"predecessor-version":[{"id":28203,"href":"https:\/\/perfectmass.net\/latam\/wp-json\/wp\/v2\/product\/22960\/revisions\/28203"}],"wp:featuredmedia":[{"embeddable":true,"href":"https:\/\/perfectmass.net\/latam\/wp-json\/wp\/v2\/media\/22962"}],"wp:attachment":[{"href":"https:\/\/perfectmass.net\/latam\/wp-json\/wp\/v2\/media?parent=22960"}],"wp:term":[{"taxonomy":"brand","embeddable":true,"href":"https:\/\/perfectmass.net\/latam\/wp-json\/wp\/v2\/etheme_brands?post=22960"},{"taxonomy":"product_brand","embeddable":true,"href":"https:\/\/perfectmass.net\/latam\/wp-json\/wp\/v2\/product_brand?post=22960"},{"taxonomy":"product_cat","embeddable":true,"href":"https:\/\/perfectmass.net\/latam\/wp-json\/wp\/v2\/product_cat?post=22960"},{"taxonomy":"product_tag","embeddable":true,"href":"https:\/\/perfectmass.net\/latam\/wp-json\/wp\/v2\/product_tag?post=22960"}],"curies":[{"name":"wp","href":"https:\/\/api.w.org\/{rel}","templated":true}]}}