{"id":22934,"date":"2025-11-26T17:58:00","date_gmt":"2025-11-26T22:58:00","guid":{"rendered":"https:\/\/perfectmass.net\/uncategorized\/shakers-proscience-verde-proscience\/"},"modified":"2026-05-02T04:26:13","modified_gmt":"2026-05-02T09:26:13","slug":"shakers-proscience-verde-proscience","status":"publish","type":"product","link":"https:\/\/perfectmass.net\/latam\/nutricion\/accesorios\/shakers\/shakers-proscience-verde-proscience\/","title":{"rendered":"Shakers Proscience Verde &#8211; Proscience"},"content":{"rendered":"<h2>Shakers Proscience Verde &#8211; Proscience<\/h2>\n<p><strong>SHAKER<\/strong>\u00a0Pr\u00e1ctico vaso de 21 onzas para almacenar y transportar bebidas, incluye dos compartimientos el medio con capacidad de 4,4 onzas y el inferior de7 onzas, para almacenar frutos, cereal u otros alimentos, rejilla para verter frutas u otros saborizantes en el l\u00edquido, sin que estos lleguen a la boquilla.<\/p>\n<p>Elaborado en materiales de alta resistencia con selle herm\u00e9tico que permiten una mezcla \u00f3ptima de las bebidas.<\/p>\n<p><strong>Recomendaciones de Uso<\/strong><\/p>\n<p>\u2013 Lave el producto antes de usarlo con una esponja suave y abundante agua y jab\u00f3n.<\/p>\n<p>\u2013 No lavar con esponja ni jabones abrasivos, para evitar rayones.<\/p>\n<p>\u2013 No apto para lava vajillas autom\u00e1tico.<\/p>\n<p>\u2013 Apto para verter l\u00edquidos con temperatura hasta los 80\u00b0 C.<\/p>\n<p>\u2013 No apto para microondas.<\/p>\n<p>\u2013 Apto para refrigerador con una temperatura m\u00ednima que oscile entre los 2\u00b0 C y los 5\u00b0 C (temperatura promedio de refrigeradores para hogar).<\/p>\n<p>\u2013 No apto para congelador.<\/p>\n<p>\u2013 No hervir el producto.<\/p>\n<p>\u2013 Mantener alejado del fuego y de altas temperaturas (riesgo de deformaci\u00f3n).<\/p>\n<p>&nbsp;<\/p>\n<div id=\"attachment_16458\" style=\"width: 310px\" class=\"wp-caption alignnone\"><img fetchpriority=\"high\" decoding=\"async\" aria-describedby=\"caption-attachment-16458\" class=\"size-medium wp-image-16458\" src=\"https:\/\/perfectmass.net\/wp-content\/uploads\/2025\/11\/12091-300x300.webp\" alt=\"Shakers Proscience Verde - Proscience\" width=\"300\" height=\"300\" title=\"\" srcset=\"https:\/\/perfectmass.net\/wp-content\/uploads\/2025\/11\/12091-300x300.webp 300w, https:\/\/perfectmass.net\/wp-content\/uploads\/2025\/11\/12091-1024x1024.webp 1024w, https:\/\/perfectmass.net\/wp-content\/uploads\/2025\/11\/12091-150x150.webp 150w, https:\/\/perfectmass.net\/wp-content\/uploads\/2025\/11\/12091-768x768.webp 768w, https:\/\/perfectmass.net\/wp-content\/uploads\/2025\/11\/12091-445x445.webp 445w, https:\/\/perfectmass.net\/wp-content\/uploads\/2025\/11\/12091-100x100.webp 100w, https:\/\/perfectmass.net\/wp-content\/uploads\/2025\/11\/12091-1x1.webp 1w, https:\/\/perfectmass.net\/wp-content\/uploads\/2025\/11\/12091-10x10.webp 10w, https:\/\/perfectmass.net\/wp-content\/uploads\/2025\/11\/12091.webp 1200w\" sizes=\"(max-width: 300px) 100vw, 300px\" \/><p id=\"caption-attachment-16458\" class=\"wp-caption-text\">Shakers Proscience Verde &#8211; <a href=\"https:\/\/proscience.com.co\/\" target=\"_blank\" rel=\"noopener\">Proscience<\/a><\/p><\/div>\n<p>Visitar <a href=\"http:\/\/PerfectMass.net\" target=\"_blank\" rel=\"noopener\">PerfectMass.net<\/a><\/p>\n","protected":false},"excerpt":{"rendered":"<p>Suplementaci\u00f3n de calidad para tu rendimiento diario.<\/p>\n","protected":false},"featured_media":22935,"comment_status":"open","ping_status":"closed","template":"","meta":[],"etheme_brands":[{"term_id":2616,"name":"Proscience","slug":"proscience","term_group":0,"term_taxonomy_id":2616,"taxonomy":"brand","description":"<strong data-start=\"235\" data-end=\"260\">Proscience:<\/strong> es una marca reconocida por su compromiso con la calidad, la innovaci\u00f3n y el rendimiento dentro del mundo de la nutrici\u00f3n deportiva. Sus productos est\u00e1n desarrollados para ayudar a deportistas y personas activas a mejorar su recuperaci\u00f3n, aumentar su energ\u00eda y alcanzar sus objetivos de forma segura y efectiva. En PerfectMassNutrition\u00ae seleccionamos lo mejor de Proscience para ofrecerte suplementos confiables, con excelentes ingredientes y resultados comprobados, disponibles para toda Colombia y Latinoam\u00e9rica.","parent":0,"count":25,"filter":"raw"}],"product_brand":[2719],"product_cat":[3703],"product_tag":[1606],"class_list":{"0":"post-22934","1":"product","2":"type-product","3":"status-publish","4":"has-post-thumbnail","6":"brand-proscience","7":"product_brand-proscience","8":"product_cat-shakers","9":"product_tag-suplemento","11":"first","12":"outofstock","13":"sale","14":"taxable","15":"shipping-taxable","16":"purchasable","17":"product-type-variable","18":"has-default-attributes"},"_links":{"self":[{"href":"https:\/\/perfectmass.net\/latam\/wp-json\/wp\/v2\/product\/22934","targetHints":{"allow":["GET"]}}],"collection":[{"href":"https:\/\/perfectmass.net\/latam\/wp-json\/wp\/v2\/product"}],"about":[{"href":"https:\/\/perfectmass.net\/latam\/wp-json\/wp\/v2\/types\/product"}],"replies":[{"embeddable":true,"href":"https:\/\/perfectmass.net\/latam\/wp-json\/wp\/v2\/comments?post=22934"}],"version-history":[{"count":1,"href":"https:\/\/perfectmass.net\/latam\/wp-json\/wp\/v2\/product\/22934\/revisions"}],"predecessor-version":[{"id":28175,"href":"https:\/\/perfectmass.net\/latam\/wp-json\/wp\/v2\/product\/22934\/revisions\/28175"}],"wp:featuredmedia":[{"embeddable":true,"href":"https:\/\/perfectmass.net\/latam\/wp-json\/wp\/v2\/media\/22935"}],"wp:attachment":[{"href":"https:\/\/perfectmass.net\/latam\/wp-json\/wp\/v2\/media?parent=22934"}],"wp:term":[{"taxonomy":"brand","embeddable":true,"href":"https:\/\/perfectmass.net\/latam\/wp-json\/wp\/v2\/etheme_brands?post=22934"},{"taxonomy":"product_brand","embeddable":true,"href":"https:\/\/perfectmass.net\/latam\/wp-json\/wp\/v2\/product_brand?post=22934"},{"taxonomy":"product_cat","embeddable":true,"href":"https:\/\/perfectmass.net\/latam\/wp-json\/wp\/v2\/product_cat?post=22934"},{"taxonomy":"product_tag","embeddable":true,"href":"https:\/\/perfectmass.net\/latam\/wp-json\/wp\/v2\/product_tag?post=22934"}],"curies":[{"name":"wp","href":"https:\/\/api.w.org\/{rel}","templated":true}]}}