{"id":22920,"date":"2025-11-26T17:58:23","date_gmt":"2025-11-26T22:58:23","guid":{"rendered":"https:\/\/perfectmass.net\/uncategorized\/smart-nutrition-fat-zero\/"},"modified":"2026-04-24T14:10:47","modified_gmt":"2026-04-24T19:10:47","slug":"smart-nutrition-fat-zero","status":"publish","type":"product","link":"https:\/\/perfectmass.net\/latam\/nutricion\/suplementos\/smart-nutrition-fat-zero\/","title":{"rendered":"Fat Zero &#8211; Quemador de Grasa Smart Nutrition"},"content":{"rendered":"<p><strong>Fat Zero &#8211; Quemador de Grasa Smart Nutrition<\/strong><\/p>\n<p>Fat Zero &#8211; Quemador de Grasa Smart Nutrition<\/p>\n<p>F\u00f3rmula termog\u00e9nica dise\u00f1ada para apoyar los procesos de definici\u00f3n corporal y el control del peso en combinaci\u00f3n con dieta y ejercicio.<\/p>\n","protected":false},"excerpt":{"rendered":"<p>Quemador de grasa<\/p>\n","protected":false},"featured_media":22921,"comment_status":"open","ping_status":"closed","template":"","meta":[],"etheme_brands":[{"term_id":2654,"name":"Smart Nutrition","slug":"smart-nutrition","term_group":0,"term_taxonomy_id":2654,"taxonomy":"brand","description":"<strong data-start=\"235\" data-end=\"260\">Smart Nutrition:<\/strong> es una marca reconocida por su compromiso con la calidad, la innovaci\u00f3n y el rendimiento dentro del mundo de la nutrici\u00f3n deportiva. Sus productos est\u00e1n desarrollados para ayudar a deportistas y personas activas a mejorar su recuperaci\u00f3n, aumentar su energ\u00eda y alcanzar sus objetivos de forma segura y efectiva. En PerfectMassNutrition\u00ae seleccionamos lo mejor de Smart Nutrition para ofrecerte suplementos confiables, con excelentes ingredientes y resultados comprobados, disponibles para toda Colombia y Latinoam\u00e9rica.","parent":0,"count":13,"filter":"raw"}],"product_brand":[2741],"product_cat":[1501,1605],"product_tag":[1606],"class_list":{"0":"post-22920","1":"product","2":"type-product","3":"status-publish","4":"has-post-thumbnail","6":"brand-smart-nutrition","7":"product_brand-smart-nutrition","8":"product_cat-nutricion","9":"product_cat-suplementos","10":"product_tag-suplemento","12":"first","13":"outofstock","14":"sale","15":"taxable","16":"shipping-taxable","17":"purchasable","18":"product-type-variable","19":"has-default-attributes"},"_links":{"self":[{"href":"https:\/\/perfectmass.net\/latam\/wp-json\/wp\/v2\/product\/22920","targetHints":{"allow":["GET"]}}],"collection":[{"href":"https:\/\/perfectmass.net\/latam\/wp-json\/wp\/v2\/product"}],"about":[{"href":"https:\/\/perfectmass.net\/latam\/wp-json\/wp\/v2\/types\/product"}],"replies":[{"embeddable":true,"href":"https:\/\/perfectmass.net\/latam\/wp-json\/wp\/v2\/comments?post=22920"}],"version-history":[{"count":1,"href":"https:\/\/perfectmass.net\/latam\/wp-json\/wp\/v2\/product\/22920\/revisions"}],"predecessor-version":[{"id":28169,"href":"https:\/\/perfectmass.net\/latam\/wp-json\/wp\/v2\/product\/22920\/revisions\/28169"}],"wp:featuredmedia":[{"embeddable":true,"href":"https:\/\/perfectmass.net\/latam\/wp-json\/wp\/v2\/media\/22921"}],"wp:attachment":[{"href":"https:\/\/perfectmass.net\/latam\/wp-json\/wp\/v2\/media?parent=22920"}],"wp:term":[{"taxonomy":"brand","embeddable":true,"href":"https:\/\/perfectmass.net\/latam\/wp-json\/wp\/v2\/etheme_brands?post=22920"},{"taxonomy":"product_brand","embeddable":true,"href":"https:\/\/perfectmass.net\/latam\/wp-json\/wp\/v2\/product_brand?post=22920"},{"taxonomy":"product_cat","embeddable":true,"href":"https:\/\/perfectmass.net\/latam\/wp-json\/wp\/v2\/product_cat?post=22920"},{"taxonomy":"product_tag","embeddable":true,"href":"https:\/\/perfectmass.net\/latam\/wp-json\/wp\/v2\/product_tag?post=22920"}],"curies":[{"name":"wp","href":"https:\/\/api.w.org\/{rel}","templated":true}]}}