{"id":22912,"date":"2025-11-28T11:11:18","date_gmt":"2025-11-28T16:11:18","guid":{"rendered":"https:\/\/perfectmass.net\/uncategorized\/nutrex-creatine-collagen\/"},"modified":"2026-04-24T14:10:45","modified_gmt":"2026-04-24T19:10:45","slug":"nutrex-creatine-collagen","status":"publish","type":"product","link":"https:\/\/perfectmass.net\/latam\/uncategorized\/nutrex-creatine-collagen\/","title":{"rendered":"Creatine + Collagen &#8211; NutreX"},"content":{"rendered":"<p><strong>Creatine + Collagen &#8211; NutreX<\/strong><\/p>\n<p>F\u00f3rmula de creatina orientada a mejorar fuerza, potencia y desempe\u00f1o f\u00edsico en entrenamientos de alta intensidad.<\/p>\n","protected":false},"excerpt":{"rendered":"<p>Creatina pura para fuerza, potencia y recuperaci\u00f3n.<\/p>\n","protected":false},"featured_media":22914,"comment_status":"open","ping_status":"closed","template":"","meta":[],"etheme_brands":[{"term_id":2609,"name":"NutreX","slug":"nutrex","term_group":0,"term_taxonomy_id":2609,"taxonomy":"brand","description":"<strong data-start=\"235\" data-end=\"260\">Nutrex:<\/strong> es una marca reconocida por su compromiso con la calidad, la innovaci\u00f3n y el rendimiento dentro del mundo de la nutrici\u00f3n deportiva. Sus productos est\u00e1n desarrollados para ayudar a deportistas y personas activas a mejorar su recuperaci\u00f3n, aumentar su energ\u00eda y alcanzar sus objetivos de forma segura y efectiva. En PerfectMassNutrition\u00ae seleccionamos lo mejor de Nutrex para ofrecerte suplementos confiables, con excelentes ingredientes y resultados comprobados, disponibles para toda Colombia y Latinoam\u00e9rica.","parent":0,"count":23,"filter":"raw"}],"product_brand":[2711],"product_cat":[],"product_tag":[1620],"class_list":{"0":"post-22912","1":"product","2":"type-product","3":"status-publish","4":"has-post-thumbnail","6":"brand-nutrex","7":"product_brand-nutrex","8":"product_tag-fuerza","10":"first","11":"outofstock","12":"featured","13":"taxable","14":"shipping-taxable","15":"purchasable","16":"product-type-variable","17":"has-default-attributes"},"_links":{"self":[{"href":"https:\/\/perfectmass.net\/latam\/wp-json\/wp\/v2\/product\/22912","targetHints":{"allow":["GET"]}}],"collection":[{"href":"https:\/\/perfectmass.net\/latam\/wp-json\/wp\/v2\/product"}],"about":[{"href":"https:\/\/perfectmass.net\/latam\/wp-json\/wp\/v2\/types\/product"}],"replies":[{"embeddable":true,"href":"https:\/\/perfectmass.net\/latam\/wp-json\/wp\/v2\/comments?post=22912"}],"version-history":[{"count":1,"href":"https:\/\/perfectmass.net\/latam\/wp-json\/wp\/v2\/product\/22912\/revisions"}],"predecessor-version":[{"id":28165,"href":"https:\/\/perfectmass.net\/latam\/wp-json\/wp\/v2\/product\/22912\/revisions\/28165"}],"wp:featuredmedia":[{"embeddable":true,"href":"https:\/\/perfectmass.net\/latam\/wp-json\/wp\/v2\/media\/22914"}],"wp:attachment":[{"href":"https:\/\/perfectmass.net\/latam\/wp-json\/wp\/v2\/media?parent=22912"}],"wp:term":[{"taxonomy":"brand","embeddable":true,"href":"https:\/\/perfectmass.net\/latam\/wp-json\/wp\/v2\/etheme_brands?post=22912"},{"taxonomy":"product_brand","embeddable":true,"href":"https:\/\/perfectmass.net\/latam\/wp-json\/wp\/v2\/product_brand?post=22912"},{"taxonomy":"product_cat","embeddable":true,"href":"https:\/\/perfectmass.net\/latam\/wp-json\/wp\/v2\/product_cat?post=22912"},{"taxonomy":"product_tag","embeddable":true,"href":"https:\/\/perfectmass.net\/latam\/wp-json\/wp\/v2\/product_tag?post=22912"}],"curies":[{"name":"wp","href":"https:\/\/api.w.org\/{rel}","templated":true}]}}