{"id":22840,"date":"2026-04-15T03:27:00","date_gmt":"2026-04-15T08:27:00","guid":{"rendered":"https:\/\/perfectmass.net\/uncategorized\/dryup-quemador-de-grasa-dragon-pharma\/"},"modified":"2026-04-24T14:10:29","modified_gmt":"2026-04-24T19:10:29","slug":"dryup-quemador-de-grasa-dragon-pharma","status":"publish","type":"product","link":"https:\/\/perfectmass.net\/latam\/uncategorized\/dryup-quemador-de-grasa-dragon-pharma\/","title":{"rendered":"DRYUP\u00ae &#8211; Quemador de Grasa Dragon Pharma"},"content":{"rendered":"<h2>DRYUP\u00ae &#8211; Quemador de Grasa Dragon Pharma<\/h2>\n<p>DryUp\u00ae es un diur\u00e9tico de alta potencia y catalizador exot\u00e9rmico, dise\u00f1ado para aumentar la quema de calor\u00edas, la sudoraci\u00f3n y la r\u00e1pida eliminaci\u00f3n del agua subcut\u00e1nea (debajo de la piel). Mientras que algunos diur\u00e9ticos se centran \u00fanicamente en la p\u00e9rdida de agua, DryUp\u00ae va un paso m\u00e1s all\u00e1 con la inclusi\u00f3n de los ingredientes exot\u00e9rmicos gamma-butirobeta\u00edna y Afromomum melegueta para potenciar el calor corporal y la quema de calor\u00edas, a la vez que combate el exceso de agua.<\/p>\n<p>DryUp\u00ae tambi\u00e9n ha sido formulado para contrarrestar la p\u00e9rdida de electrolitos, frecuentemente asociada con los diur\u00e9ticos, para mantener el correcto funcionamiento muscular y ayudarte a lucir tu mejor versi\u00f3n.<\/p>\n<p>Ya sea que quieras prepararte para una sesi\u00f3n de fotos, competir en un evento deportivo o simplemente lucir espectacular en una fiesta en la piscina, DryUp\u00ae te ayudar\u00e1 a conseguirlo.<\/p>\n<div id=\"attachment_21633\" style=\"width: 310px\" class=\"wp-caption alignnone\"><img fetchpriority=\"high\" decoding=\"async\" aria-describedby=\"caption-attachment-21633\" class=\"size-medium wp-image-21633\" src=\"https:\/\/perfectmass.net\/wp-content\/uploads\/2026\/04\/RENDERS-600X600-2023_0026_new-dryup-front_1296x-300x300.webp\" alt=\"DRYUP\u00ae - Quemador de Grasa Dragon Pharma\" width=\"300\" height=\"300\" title=\"\" srcset=\"https:\/\/perfectmass.net\/wp-content\/uploads\/2026\/04\/RENDERS-600X600-2023_0026_new-dryup-front_1296x-300x300.webp 300w, https:\/\/perfectmass.net\/wp-content\/uploads\/2026\/04\/RENDERS-600X600-2023_0026_new-dryup-front_1296x-150x150.webp 150w, https:\/\/perfectmass.net\/wp-content\/uploads\/2026\/04\/RENDERS-600X600-2023_0026_new-dryup-front_1296x-445x445.webp 445w, https:\/\/perfectmass.net\/wp-content\/uploads\/2026\/04\/RENDERS-600X600-2023_0026_new-dryup-front_1296x-100x100.webp 100w, https:\/\/perfectmass.net\/wp-content\/uploads\/2026\/04\/RENDERS-600X600-2023_0026_new-dryup-front_1296x-1x1.webp 1w, https:\/\/perfectmass.net\/wp-content\/uploads\/2026\/04\/RENDERS-600X600-2023_0026_new-dryup-front_1296x-10x10.webp 10w, https:\/\/perfectmass.net\/wp-content\/uploads\/2026\/04\/RENDERS-600X600-2023_0026_new-dryup-front_1296x.webp 600w\" sizes=\"(max-width: 300px) 100vw, 300px\" \/><p id=\"caption-attachment-21633\" class=\"wp-caption-text\">DRYUP\u00ae &#8211; Quemador de Grasa <a href=\"https:\/\/dragonpharmalabs.com\/\" target=\"_blank\" rel=\"noopener\">Dragon Pharma<\/a><\/p><\/div>\n<p>Visitar <a href=\"http:\/\/perfectmass.net\/latam\/\">PerfectMass.net<\/a><\/p>\n","protected":false},"excerpt":{"rendered":"<p>Excelente Quemador de Grasas<\/p>\n","protected":false},"featured_media":22841,"comment_status":"open","ping_status":"closed","template":"","meta":[],"etheme_brands":[],"product_brand":[2676],"product_cat":[],"product_tag":[1620,1624,1625],"class_list":{"0":"post-22840","1":"product","2":"type-product","3":"status-publish","4":"has-post-thumbnail","6":"product_brand-dragon-pharma","7":"product_tag-fuerza","8":"product_tag-quemador-de-grasa","9":"product_tag-recuperacion","11":"first","12":"instock","13":"sale","14":"taxable","15":"shipping-taxable","16":"purchasable","17":"product-type-variable"},"_links":{"self":[{"href":"https:\/\/perfectmass.net\/latam\/wp-json\/wp\/v2\/product\/22840","targetHints":{"allow":["GET"]}}],"collection":[{"href":"https:\/\/perfectmass.net\/latam\/wp-json\/wp\/v2\/product"}],"about":[{"href":"https:\/\/perfectmass.net\/latam\/wp-json\/wp\/v2\/types\/product"}],"replies":[{"embeddable":true,"href":"https:\/\/perfectmass.net\/latam\/wp-json\/wp\/v2\/comments?post=22840"}],"version-history":[{"count":1,"href":"https:\/\/perfectmass.net\/latam\/wp-json\/wp\/v2\/product\/22840\/revisions"}],"predecessor-version":[{"id":28085,"href":"https:\/\/perfectmass.net\/latam\/wp-json\/wp\/v2\/product\/22840\/revisions\/28085"}],"wp:featuredmedia":[{"embeddable":true,"href":"https:\/\/perfectmass.net\/latam\/wp-json\/wp\/v2\/media\/22841"}],"wp:attachment":[{"href":"https:\/\/perfectmass.net\/latam\/wp-json\/wp\/v2\/media?parent=22840"}],"wp:term":[{"taxonomy":"brand","embeddable":true,"href":"https:\/\/perfectmass.net\/latam\/wp-json\/wp\/v2\/etheme_brands?post=22840"},{"taxonomy":"product_brand","embeddable":true,"href":"https:\/\/perfectmass.net\/latam\/wp-json\/wp\/v2\/product_brand?post=22840"},{"taxonomy":"product_cat","embeddable":true,"href":"https:\/\/perfectmass.net\/latam\/wp-json\/wp\/v2\/product_cat?post=22840"},{"taxonomy":"product_tag","embeddable":true,"href":"https:\/\/perfectmass.net\/latam\/wp-json\/wp\/v2\/product_tag?post=22840"}],"curies":[{"name":"wp","href":"https:\/\/api.w.org\/{rel}","templated":true}]}}