{"id":22809,"date":"2026-04-15T03:58:04","date_gmt":"2026-04-15T08:58:04","guid":{"rendered":"https:\/\/perfectmass.net\/uncategorized\/vitamin-d3-k2-dragon-pharma\/"},"modified":"2026-04-24T14:10:22","modified_gmt":"2026-04-24T19:10:22","slug":"vitamin-d3-k2-dragon-pharma","status":"publish","type":"product","link":"https:\/\/perfectmass.net\/latam\/uncategorized\/vitamin-d3-k2-dragon-pharma\/","title":{"rendered":"Vitamin D3-K2 &#8211; Dragon Pharma"},"content":{"rendered":"<h2>Vitamin D3-K2 &#8211; Dragon Pharma<\/h2>\n<p>Dragon Pharma D3\/K2 proporciona 50 mcg de vitamina D3 y 200 mcg de vitamina K2. Estas dos vitaminas liposolubles esenciales son fundamentales para la salud, ya que la D3 facilita la absorci\u00f3n de calcio, lo que la hace esencial para tener huesos fuertes. La vitamina K2 tambi\u00e9n es crucial y act\u00faa en sinergia con la D3, pues mientras que la D3 ayuda a absorber el calcio, la K2 es vital para dirigir su absorci\u00f3n hacia los huesos y los dientes, previniendo la calcificaci\u00f3n y la acumulaci\u00f3n en las arterias. Al complementar tu dieta con D3\/K2, fortalecer\u00e1s tus huesos y dientes, y adem\u00e1s es esencial para la salud cardiovascular.<\/p>\n<div id=\"attachment_21699\" style=\"width: 310px\" class=\"wp-caption alignnone\"><img fetchpriority=\"high\" decoding=\"async\" aria-describedby=\"caption-attachment-21699\" class=\"size-medium wp-image-21699\" src=\"https:\/\/perfectmass.net\/wp-content\/uploads\/2026\/04\/850066022252-Mockup-D3-K2-Vitamin-Human-First-01_1296x-300x300.webp\" alt=\"Vitamin D3-K2 - Dragon Pharma\" width=\"300\" height=\"300\" title=\"\" srcset=\"https:\/\/perfectmass.net\/wp-content\/uploads\/2026\/04\/850066022252-Mockup-D3-K2-Vitamin-Human-First-01_1296x-300x300.webp 300w, https:\/\/perfectmass.net\/wp-content\/uploads\/2026\/04\/850066022252-Mockup-D3-K2-Vitamin-Human-First-01_1296x-1024x1024.webp 1024w, https:\/\/perfectmass.net\/wp-content\/uploads\/2026\/04\/850066022252-Mockup-D3-K2-Vitamin-Human-First-01_1296x-150x150.webp 150w, https:\/\/perfectmass.net\/wp-content\/uploads\/2026\/04\/850066022252-Mockup-D3-K2-Vitamin-Human-First-01_1296x-768x768.webp 768w, https:\/\/perfectmass.net\/wp-content\/uploads\/2026\/04\/850066022252-Mockup-D3-K2-Vitamin-Human-First-01_1296x-445x445.webp 445w, https:\/\/perfectmass.net\/wp-content\/uploads\/2026\/04\/850066022252-Mockup-D3-K2-Vitamin-Human-First-01_1296x-100x100.webp 100w, https:\/\/perfectmass.net\/wp-content\/uploads\/2026\/04\/850066022252-Mockup-D3-K2-Vitamin-Human-First-01_1296x-1x1.webp 1w, https:\/\/perfectmass.net\/wp-content\/uploads\/2026\/04\/850066022252-Mockup-D3-K2-Vitamin-Human-First-01_1296x-10x10.webp 10w, https:\/\/perfectmass.net\/wp-content\/uploads\/2026\/04\/850066022252-Mockup-D3-K2-Vitamin-Human-First-01_1296x.webp 1296w\" sizes=\"(max-width: 300px) 100vw, 300px\" \/><p id=\"caption-attachment-21699\" class=\"wp-caption-text\">Vitamin D3-K2 &#8211; <a href=\"https:\/\/dragonpharmalabs.com\/\" target=\"_blank\" rel=\"noopener\">Dragon Pharma<\/a><\/p><\/div>\n<p>Visitar <a href=\"http:\/\/PerfectMass.net\" target=\"_blank\" rel=\"noopener\">PerfectMass.net<\/a><\/p>\n","protected":false},"excerpt":{"rendered":"<p>Vitaminas Dragon Pharma<\/p>\n","protected":false},"featured_media":22811,"comment_status":"open","ping_status":"closed","template":"","meta":[],"etheme_brands":[{"term_id":2533,"name":"Dragon Pharma","slug":"dragon-pharma","term_group":0,"term_taxonomy_id":2533,"taxonomy":"brand","description":"<strong data-start=\"235\" data-end=\"260\">Dragon Pharma:<\/strong> es una marca reconocida por su compromiso con la calidad, la innovaci\u00f3n y el rendimiento dentro del mundo de la nutrici\u00f3n deportiva. Sus productos est\u00e1n desarrollados para ayudar a deportistas y personas activas a mejorar su recuperaci\u00f3n, aumentar su energ\u00eda y alcanzar sus objetivos de forma segura y efectiva. En PerfectMassNutrition\u00ae seleccionamos lo mejor de Dragon Pharma para ofrecerte suplementos confiables, con excelentes ingredientes y resultados comprobados, disponibles para toda Colombia y Latinoam\u00e9rica.","parent":0,"count":10,"filter":"raw"}],"product_brand":[2676],"product_cat":[],"product_tag":[1606],"class_list":{"0":"post-22809","1":"product","2":"type-product","3":"status-publish","4":"has-post-thumbnail","6":"brand-dragon-pharma","7":"product_brand-dragon-pharma","8":"product_tag-suplemento","10":"first","11":"instock","12":"sale","13":"taxable","14":"shipping-taxable","15":"purchasable","16":"product-type-variable"},"_links":{"self":[{"href":"https:\/\/perfectmass.net\/latam\/wp-json\/wp\/v2\/product\/22809","targetHints":{"allow":["GET"]}}],"collection":[{"href":"https:\/\/perfectmass.net\/latam\/wp-json\/wp\/v2\/product"}],"about":[{"href":"https:\/\/perfectmass.net\/latam\/wp-json\/wp\/v2\/types\/product"}],"replies":[{"embeddable":true,"href":"https:\/\/perfectmass.net\/latam\/wp-json\/wp\/v2\/comments?post=22809"}],"version-history":[{"count":1,"href":"https:\/\/perfectmass.net\/latam\/wp-json\/wp\/v2\/product\/22809\/revisions"}],"predecessor-version":[{"id":28069,"href":"https:\/\/perfectmass.net\/latam\/wp-json\/wp\/v2\/product\/22809\/revisions\/28069"}],"wp:featuredmedia":[{"embeddable":true,"href":"https:\/\/perfectmass.net\/latam\/wp-json\/wp\/v2\/media\/22811"}],"wp:attachment":[{"href":"https:\/\/perfectmass.net\/latam\/wp-json\/wp\/v2\/media?parent=22809"}],"wp:term":[{"taxonomy":"brand","embeddable":true,"href":"https:\/\/perfectmass.net\/latam\/wp-json\/wp\/v2\/etheme_brands?post=22809"},{"taxonomy":"product_brand","embeddable":true,"href":"https:\/\/perfectmass.net\/latam\/wp-json\/wp\/v2\/product_brand?post=22809"},{"taxonomy":"product_cat","embeddable":true,"href":"https:\/\/perfectmass.net\/latam\/wp-json\/wp\/v2\/product_cat?post=22809"},{"taxonomy":"product_tag","embeddable":true,"href":"https:\/\/perfectmass.net\/latam\/wp-json\/wp\/v2\/product_tag?post=22809"}],"curies":[{"name":"wp","href":"https:\/\/api.w.org\/{rel}","templated":true}]}}