{"id":22788,"date":"2026-04-17T09:18:21","date_gmt":"2026-04-17T14:18:21","guid":{"rendered":"https:\/\/perfectmass.net\/uncategorized\/coyote-ready-fit-mafia\/"},"modified":"2026-04-24T14:10:18","modified_gmt":"2026-04-24T19:10:18","slug":"coyote-ready-fit-mafia","status":"publish","type":"product","link":"https:\/\/perfectmass.net\/latam\/uncategorized\/coyote-ready-fit-mafia\/","title":{"rendered":"Coyote Ready &#8211; Fit Mafia 12 ud."},"content":{"rendered":"<h2>Coyote Ready &#8211; Fit Mafia<\/h2>\n<p><span data-contrast=\"auto\">Coyote es una bebida liquida a base de agua y agua de coco, la cual es hidratante con un aporte de electrolitos balanceado.<\/span><span data-ccp-props=\"{&quot;201341983&quot;:0,&quot;335551550&quot;:6,&quot;335551620&quot;:6,&quot;335559740&quot;:360}\">\u00a0<\/span><\/p>\n<p><span data-contrast=\"auto\">Aporta 900 mg de minerales por botella de 500 mL, como son: sodio, potasio, calcio, selenio, combinados con, vitamina B1, niacina, vitamina B6, biotina y vitamina B12.<\/span><span data-ccp-props=\"{&quot;201341983&quot;:0,&quot;335551550&quot;:6,&quot;335551620&quot;:6,&quot;335559740&quot;:360}\">\u00a0<\/span><\/p>\n<p><span data-contrast=\"auto\">Este producto no contiene az\u00facar a diferencia de muchas bebidas hidratantes.<\/span><span data-ccp-props=\"{&quot;201341983&quot;:0,&quot;335551550&quot;:6,&quot;335551620&quot;:6,&quot;335559740&quot;:360}\">\u00a0<\/span><\/p>\n<p><span data-contrast=\"auto\">Coyote PET tiene un gran valor ya que es a base de agua de coco quien nos aporta una adecuada cantidad de electrolitos, principalmente potasio, por lo cual est\u00e1 dise\u00f1ado para hidratar de manera adecuada, gracias a la reposici\u00f3n de electrolitos que perdemos al sudar, principalmente en actividades de larga duraci\u00f3n o en condiciones de calor extremo.\u00a0<\/span><span data-ccp-props=\"{&quot;201341983&quot;:0,&quot;335551550&quot;:6,&quot;335551620&quot;:6,&quot;335559740&quot;:360}\">\u00a0<\/span><\/p>\n<p><span data-contrast=\"auto\">Aparte de este efecto hidratante el aporte de estos electrolitos son b\u00e1sicos para la contracci\u00f3n muscular y el buen funcionamiento de las bombas celulares de sodio y potasio, as\u00ed como coadyuvante en prevenir posibles calambres por disminuci\u00f3n de los niveles de potasio.\u00a0<\/span><span data-ccp-props=\"{&quot;201341983&quot;:0,&quot;335551550&quot;:6,&quot;335551620&quot;:6,&quot;335559740&quot;:360}\">\u00a0<\/span><\/p>\n<p><span data-contrast=\"auto\">En botella PET liquida, lo encontramos en dos deliciosos sabores, blueberry y fresa kiwi, la recomendaci\u00f3n es tomarlo durante la actividad f\u00edsica. Lo ideal es tomarlo durante el ejercicio planificado, pero lo puedes utilizar tambi\u00e9n en reuniones sociales donde est\u00e9 en juego tu hidrataci\u00f3n o posterior a eventos nocturnos donde perdieras agua y electrolitos.<\/span><span data-ccp-props=\"{&quot;201341983&quot;:0,&quot;335551550&quot;:6,&quot;335551620&quot;:6,&quot;335559740&quot;:360}\">\u00a0<\/span><\/p>\n<p><span data-contrast=\"auto\">Despu\u00e9s de abierto el producto, consumirlo en el menor tiempo posible.<\/span><span data-ccp-props=\"{&quot;201341983&quot;:0,&quot;335551550&quot;:6,&quot;335551620&quot;:6,&quot;335559740&quot;:360}\"> \u00a0<\/span><\/p>\n<div id=\"attachment_21841\" style=\"width: 310px\" class=\"wp-caption alignnone\"><img fetchpriority=\"high\" decoding=\"async\" aria-describedby=\"caption-attachment-21841\" class=\"size-medium wp-image-21841\" src=\"https:\/\/perfectmass.net\/wp-content\/uploads\/2026\/04\/COYOTE-PET-FRESA-KIWI-300x300.webp\" alt=\"Coyote Ready - Fit Mafia\" width=\"300\" height=\"300\" title=\"\" srcset=\"https:\/\/perfectmass.net\/wp-content\/uploads\/2026\/04\/COYOTE-PET-FRESA-KIWI-300x300.webp 300w, https:\/\/perfectmass.net\/wp-content\/uploads\/2026\/04\/COYOTE-PET-FRESA-KIWI-150x150.webp 150w, https:\/\/perfectmass.net\/wp-content\/uploads\/2026\/04\/COYOTE-PET-FRESA-KIWI-445x445.webp 445w, https:\/\/perfectmass.net\/wp-content\/uploads\/2026\/04\/COYOTE-PET-FRESA-KIWI-100x100.webp 100w, https:\/\/perfectmass.net\/wp-content\/uploads\/2026\/04\/COYOTE-PET-FRESA-KIWI-1x1.webp 1w, https:\/\/perfectmass.net\/wp-content\/uploads\/2026\/04\/COYOTE-PET-FRESA-KIWI-10x10.webp 10w, https:\/\/perfectmass.net\/wp-content\/uploads\/2026\/04\/COYOTE-PET-FRESA-KIWI.webp 600w\" sizes=\"(max-width: 300px) 100vw, 300px\" \/><p id=\"caption-attachment-21841\" class=\"wp-caption-text\">Coyote Ready &#8211; <a href=\"https:\/\/fitmafiasupps.com\/\" target=\"_blank\" rel=\"noopener\">Fit Mafia<\/a><\/p><\/div>\n<p>Visitar <a href=\"http:\/\/perfectmass.net\/latam\/\">PerfectMass.net<\/a><\/p>\n","protected":false},"excerpt":{"rendered":"<p>Accesorio para suplementos<\/p>\n","protected":false},"featured_media":22790,"comment_status":"open","ping_status":"closed","template":"","meta":[],"etheme_brands":[],"product_brand":[2697],"product_cat":[],"product_tag":[1606],"class_list":{"0":"post-22788","1":"product","2":"type-product","3":"status-publish","4":"has-post-thumbnail","6":"product_brand-fit-mafia","7":"product_tag-suplemento","9":"first","10":"instock","11":"sale","12":"taxable","13":"shipping-taxable","14":"purchasable","15":"product-type-variable"},"_links":{"self":[{"href":"https:\/\/perfectmass.net\/latam\/wp-json\/wp\/v2\/product\/22788","targetHints":{"allow":["GET"]}}],"collection":[{"href":"https:\/\/perfectmass.net\/latam\/wp-json\/wp\/v2\/product"}],"about":[{"href":"https:\/\/perfectmass.net\/latam\/wp-json\/wp\/v2\/types\/product"}],"replies":[{"embeddable":true,"href":"https:\/\/perfectmass.net\/latam\/wp-json\/wp\/v2\/comments?post=22788"}],"version-history":[{"count":1,"href":"https:\/\/perfectmass.net\/latam\/wp-json\/wp\/v2\/product\/22788\/revisions"}],"predecessor-version":[{"id":28061,"href":"https:\/\/perfectmass.net\/latam\/wp-json\/wp\/v2\/product\/22788\/revisions\/28061"}],"wp:featuredmedia":[{"embeddable":true,"href":"https:\/\/perfectmass.net\/latam\/wp-json\/wp\/v2\/media\/22790"}],"wp:attachment":[{"href":"https:\/\/perfectmass.net\/latam\/wp-json\/wp\/v2\/media?parent=22788"}],"wp:term":[{"taxonomy":"brand","embeddable":true,"href":"https:\/\/perfectmass.net\/latam\/wp-json\/wp\/v2\/etheme_brands?post=22788"},{"taxonomy":"product_brand","embeddable":true,"href":"https:\/\/perfectmass.net\/latam\/wp-json\/wp\/v2\/product_brand?post=22788"},{"taxonomy":"product_cat","embeddable":true,"href":"https:\/\/perfectmass.net\/latam\/wp-json\/wp\/v2\/product_cat?post=22788"},{"taxonomy":"product_tag","embeddable":true,"href":"https:\/\/perfectmass.net\/latam\/wp-json\/wp\/v2\/product_tag?post=22788"}],"curies":[{"name":"wp","href":"https:\/\/api.w.org\/{rel}","templated":true}]}}