{"id":22771,"date":"2026-04-21T07:15:44","date_gmt":"2026-04-21T12:15:44","guid":{"rendered":"https:\/\/perfectmass.net\/uncategorized\/multivitamin-womens-gnc\/"},"modified":"2026-04-24T14:10:13","modified_gmt":"2026-04-24T19:10:13","slug":"multivitamin-womens-gnc","status":"publish","type":"product","link":"https:\/\/perfectmass.net\/latam\/uncategorized\/multivitamin-womens-gnc\/","title":{"rendered":"Multivitamin Women&#8217;s &#8211; GNC"},"content":{"rendered":"<h2>Multivitamin Women&#8217;s &#8211; GNC<\/h2>\n<p>GNC Multivitam\u00ednico Ultra Mega para Mujeres sin Hierro: Apoyo para la salud y el bienestar general<\/p>\n<p>Vivir bien comienza aqu\u00ed. Comienza tu rutina nutricional con la mezcla multivitam\u00ednica dise\u00f1ada para mujeres que te brinda apoyo para tu salud integral.* El Multivitam\u00ednico Ultra Mega para Mujeres de GNC est\u00e1 cl\u00ednicamente probado para mejorar tu bienestar.^<\/p>\n<p>Mezcla Multivitam\u00ednica Cl\u00ednicamente Estudiada: Contiene una mezcla multivitam\u00ednica cl\u00ednicamente estudiada que ha demostrado ser m\u00e1s efectiva que un multivitam\u00ednico b\u00e1sico.<\/p>\n<p>Apoyo Inmunitario: Refuerza la salud inmunol\u00f3gica con un 30 % m\u00e1s de absorci\u00f3n de nutrientes clave para la defensa inmunol\u00f3gica y antioxidante.<\/p>\n<p>Salud Cerebral: Contiene colina para favorecer la funci\u00f3n de la memoria, adem\u00e1s de GABA e inositol para un mayor apoyo al cerebro y los nervios.<\/p>\n<p>Belleza: Incluye biotina para mantener la salud del cabello, la piel y las u\u00f1as, as\u00ed como ingredientes que favorecen la hidrataci\u00f3n de la piel. Adem\u00e1s, est\u00e1 repleto de antioxidantes que ayudan a proteger contra los radicales libres.*<br \/>\nSin sabores artificiales, sin trigo, sin gluten, sin l\u00e1cteos.<br \/>\n180 c\u00e1psulas, suministro para 90 d\u00edas.<\/p>\n<p>En un estudio aleatorizado, doble ciego y controlado con placebo, realizado con 112 voluntarios sanos, los participantes que tomaron la mezcla de vitaminas y minerales de GNC durante seis semanas experimentaron Se observaron mejoras significativas en los niveles s\u00e9ricos de ciertos nutrientes clave en comparaci\u00f3n con un placebo y una f\u00f3rmula multivitam\u00ednica l\u00edder, seg\u00fan un an\u00e1lisis estad\u00edstico multivariado de un grupo de vitaminas B (tiamina, niacina, riboflavina, \u00e1cido pantot\u00e9nico, biotina, \u00e1cido f\u00f3lico y vitaminas B-6 y B-12), as\u00ed como de antioxidantes y carotenoides clave (betacaroteno, alfa-tocoferol, selenio, lute\u00edna y licopeno). Tambi\u00e9n se observaron mejoras estad\u00edsticamente significativas en las puntuaciones de vitalidad y salud mental del cuestionario SF-36 en comparaci\u00f3n con el placebo.<\/p>\n<div id=\"attachment_21955\" style=\"width: 1510px\" class=\"wp-caption alignnone\"><img fetchpriority=\"high\" decoding=\"async\" aria-describedby=\"caption-attachment-21955\" class=\"size-full wp-image-21955\" src=\"https:\/\/perfectmass.net\/wp-content\/uploads\/2026\/04\/202621_GNC_Womens_Multivitamin_Ultra_Mega_No_Iron_180ct_Carton_Front.avif\" alt=\"Multivitamin Women&#039;s - GNC\" width=\"1500\" height=\"1500\" title=\"\"><p id=\"caption-attachment-21955\" class=\"wp-caption-text\">Multivitamin Women&#8217;s &#8211; <a href=\"https:\/\/www.gnc.com\/\" target=\"_blank\" rel=\"noopener\">GNC<\/a><\/p><\/div>\n<p>Visitar <a href=\"http:\/\/PerfectMass.net\" target=\"_blank\" rel=\"noopener\">PerfectMass.net<\/a><\/p>\n","protected":false},"excerpt":{"rendered":"<p>Multivitam\u00ednico de alta calidad<\/p>\n","protected":false},"featured_media":22773,"comment_status":"open","ping_status":"closed","template":"","meta":[],"etheme_brands":[{"term_id":2550,"name":"GNC","slug":"gnc","term_group":0,"term_taxonomy_id":2550,"taxonomy":"brand","description":"","parent":0,"count":2,"filter":"raw"}],"product_brand":[2690],"product_cat":[],"product_tag":[],"class_list":{"0":"post-22771","1":"product","2":"type-product","3":"status-publish","4":"has-post-thumbnail","6":"brand-gnc","7":"product_brand-gnc","9":"first","10":"instock","11":"sale","12":"taxable","13":"shipping-taxable","14":"purchasable","15":"product-type-variable"},"_links":{"self":[{"href":"https:\/\/perfectmass.net\/latam\/wp-json\/wp\/v2\/product\/22771","targetHints":{"allow":["GET"]}}],"collection":[{"href":"https:\/\/perfectmass.net\/latam\/wp-json\/wp\/v2\/product"}],"about":[{"href":"https:\/\/perfectmass.net\/latam\/wp-json\/wp\/v2\/types\/product"}],"replies":[{"embeddable":true,"href":"https:\/\/perfectmass.net\/latam\/wp-json\/wp\/v2\/comments?post=22771"}],"version-history":[{"count":1,"href":"https:\/\/perfectmass.net\/latam\/wp-json\/wp\/v2\/product\/22771\/revisions"}],"predecessor-version":[{"id":28057,"href":"https:\/\/perfectmass.net\/latam\/wp-json\/wp\/v2\/product\/22771\/revisions\/28057"}],"wp:featuredmedia":[{"embeddable":true,"href":"https:\/\/perfectmass.net\/latam\/wp-json\/wp\/v2\/media\/22773"}],"wp:attachment":[{"href":"https:\/\/perfectmass.net\/latam\/wp-json\/wp\/v2\/media?parent=22771"}],"wp:term":[{"taxonomy":"brand","embeddable":true,"href":"https:\/\/perfectmass.net\/latam\/wp-json\/wp\/v2\/etheme_brands?post=22771"},{"taxonomy":"product_brand","embeddable":true,"href":"https:\/\/perfectmass.net\/latam\/wp-json\/wp\/v2\/product_brand?post=22771"},{"taxonomy":"product_cat","embeddable":true,"href":"https:\/\/perfectmass.net\/latam\/wp-json\/wp\/v2\/product_cat?post=22771"},{"taxonomy":"product_tag","embeddable":true,"href":"https:\/\/perfectmass.net\/latam\/wp-json\/wp\/v2\/product_tag?post=22771"}],"curies":[{"name":"wp","href":"https:\/\/api.w.org\/{rel}","templated":true}]}}