{"id":22761,"date":"2026-04-21T12:58:08","date_gmt":"2026-04-21T17:58:08","guid":{"rendered":"https:\/\/perfectmass.net\/uncategorized\/army-aminoacidos-proscience-20-un\/"},"modified":"2026-04-24T14:10:11","modified_gmt":"2026-04-24T19:10:11","slug":"army-aminoacidos-proscience-20-un","status":"publish","type":"product","link":"https:\/\/perfectmass.net\/latam\/nutricion\/aminos\/bcaa\/army-aminoacidos-proscience-20-un\/","title":{"rendered":"Army &#8211; Amino\u00e1cidos Proscience 20 un."},"content":{"rendered":"<h2>Army &#8211; Amino\u00e1cidos Proscience 20 un.<\/h2>\n<p><strong>ARMY\u00a0<\/strong>es un producto a base de frutas deshidratadas y los nueve amino\u00e1cidos esenciales como son: (leucina isoleucina, valina, treonina, metionina, fenilalanina, lisina, tript\u00f3fano, histidina) y el amino\u00e1cido m\u00e1s abundante en el musculo esquel\u00e9tico, como lo es la glutamina.<\/p>\n<p>Este producto alimenticio es un complemento ideal en aquellas dietas que sean bajas en prote\u00ednas o lleven una alimentaci\u00f3n a base de vegetales, que en algunas ocasiones puede tener un bajo aporte de amino\u00e1cidos esenciales,\u00a0<strong>ARMY<\/strong>\u00a0es ideal tambi\u00e9n en poblaciones vulnerables como adultos mayores, en los cuales su dieta sea pobre en prote\u00ednas de alto valor biol\u00f3gico.<\/p>\n<p>En personas con un alto gasto cal\u00f3rico o en deportistas que necesitan un mayor aporte de amino\u00e1cidos esenciales para una ideal s\u00edntesis proteica para reparaci\u00f3n y\/o construcci\u00f3n de masa muscular\u00a0<strong>ARMY<\/strong>\u00a0por su aporte de los nueve amino\u00e1cidos esenciales y glutamina, termina siendo de gran valor en dichas poblaciones.<\/p>\n<p>Si deseas mejorar tu entorno anab\u00f3lico principalmente en aquellas personas con poco apetito o grandes demandas energ\u00e9ticas que no logren obtener una cantidad de amino\u00e1cidos esenciales adecuados\u00a0<strong>ARMY<\/strong>\u00a0ser\u00e1 una excelente opci\u00f3n para suplir estas necesidades.<\/p>\n<p><strong>ARMY\u00a0<\/strong>puede ser consumido a cualquier hora del d\u00eda como un complemento a la alimentaci\u00f3n para mejorar el contenido de amino\u00e1cidos esenciales en la dieta, puede utilizarse sobre las comidas \u00f3 durante la actividad f\u00edsica.<\/p>\n<div id=\"attachment_21982\" style=\"width: 310px\" class=\"wp-caption alignnone\"><img fetchpriority=\"high\" decoding=\"async\" aria-describedby=\"caption-attachment-21982\" class=\"size-medium wp-image-21982\" src=\"https:\/\/perfectmass.net\/wp-content\/uploads\/2026\/04\/sachet-army-caja-1-300x300.webp\" alt=\"Army - Amino\u00e1cidos Proscience 20 un.\" width=\"300\" height=\"300\" title=\"\" srcset=\"https:\/\/perfectmass.net\/wp-content\/uploads\/2026\/04\/sachet-army-caja-1-300x300.webp 300w, https:\/\/perfectmass.net\/wp-content\/uploads\/2026\/04\/sachet-army-caja-1-150x150.webp 150w, https:\/\/perfectmass.net\/wp-content\/uploads\/2026\/04\/sachet-army-caja-1-445x445.webp 445w, https:\/\/perfectmass.net\/wp-content\/uploads\/2026\/04\/sachet-army-caja-1-100x100.webp 100w, https:\/\/perfectmass.net\/wp-content\/uploads\/2026\/04\/sachet-army-caja-1-1x1.webp 1w, https:\/\/perfectmass.net\/wp-content\/uploads\/2026\/04\/sachet-army-caja-1-10x10.webp 10w, https:\/\/perfectmass.net\/wp-content\/uploads\/2026\/04\/sachet-army-caja-1.webp 600w\" sizes=\"(max-width: 300px) 100vw, 300px\" \/><p id=\"caption-attachment-21982\" class=\"wp-caption-text\">Army &#8211; Amino\u00e1cidos <a href=\"https:\/\/proscience.com.co\/\" target=\"_blank\" rel=\"noopener\">Proscience<\/a> 20 un.<\/p><\/div>\n<p>Visitar <a href=\"http:\/\/PerfectMass.net\" target=\"_blank\" rel=\"noopener\">PerfectMass.net<\/a><\/p>\n","protected":false},"excerpt":{"rendered":"<p>Amino\u00e1cidos de la mejor calidad<\/p>\n","protected":false},"featured_media":22763,"comment_status":"open","ping_status":"closed","template":"","meta":[],"etheme_brands":[{"term_id":2616,"name":"Proscience","slug":"proscience","term_group":0,"term_taxonomy_id":2616,"taxonomy":"brand","description":"<strong data-start=\"235\" data-end=\"260\">Proscience:<\/strong> es una marca reconocida por su compromiso con la calidad, la innovaci\u00f3n y el rendimiento dentro del mundo de la nutrici\u00f3n deportiva. Sus productos est\u00e1n desarrollados para ayudar a deportistas y personas activas a mejorar su recuperaci\u00f3n, aumentar su energ\u00eda y alcanzar sus objetivos de forma segura y efectiva. En PerfectMassNutrition\u00ae seleccionamos lo mejor de Proscience para ofrecerte suplementos confiables, con excelentes ingredientes y resultados comprobados, disponibles para toda Colombia y Latinoam\u00e9rica.","parent":0,"count":25,"filter":"raw"}],"product_brand":[2719],"product_cat":[1611,1612,1613,1614,1615,1501,1605],"product_tag":[1616,1606],"class_list":{"0":"post-22761","1":"product","2":"type-product","3":"status-publish","4":"has-post-thumbnail","6":"brand-proscience","7":"product_brand-proscience","8":"product_cat-aminos","9":"product_cat-bcaa","10":"product_cat-eaa","11":"product_cat-glutamina","12":"product_cat-l-carnitina","13":"product_cat-nutricion","14":"product_cat-suplementos","15":"product_tag-aminoacidos","16":"product_tag-suplemento","18":"first","19":"instock","20":"sale","21":"taxable","22":"shipping-taxable","23":"purchasable","24":"product-type-variable","25":"has-default-attributes"},"_links":{"self":[{"href":"https:\/\/perfectmass.net\/latam\/wp-json\/wp\/v2\/product\/22761","targetHints":{"allow":["GET"]}}],"collection":[{"href":"https:\/\/perfectmass.net\/latam\/wp-json\/wp\/v2\/product"}],"about":[{"href":"https:\/\/perfectmass.net\/latam\/wp-json\/wp\/v2\/types\/product"}],"replies":[{"embeddable":true,"href":"https:\/\/perfectmass.net\/latam\/wp-json\/wp\/v2\/comments?post=22761"}],"version-history":[{"count":1,"href":"https:\/\/perfectmass.net\/latam\/wp-json\/wp\/v2\/product\/22761\/revisions"}],"predecessor-version":[{"id":28053,"href":"https:\/\/perfectmass.net\/latam\/wp-json\/wp\/v2\/product\/22761\/revisions\/28053"}],"wp:featuredmedia":[{"embeddable":true,"href":"https:\/\/perfectmass.net\/latam\/wp-json\/wp\/v2\/media\/22763"}],"wp:attachment":[{"href":"https:\/\/perfectmass.net\/latam\/wp-json\/wp\/v2\/media?parent=22761"}],"wp:term":[{"taxonomy":"brand","embeddable":true,"href":"https:\/\/perfectmass.net\/latam\/wp-json\/wp\/v2\/etheme_brands?post=22761"},{"taxonomy":"product_brand","embeddable":true,"href":"https:\/\/perfectmass.net\/latam\/wp-json\/wp\/v2\/product_brand?post=22761"},{"taxonomy":"product_cat","embeddable":true,"href":"https:\/\/perfectmass.net\/latam\/wp-json\/wp\/v2\/product_cat?post=22761"},{"taxonomy":"product_tag","embeddable":true,"href":"https:\/\/perfectmass.net\/latam\/wp-json\/wp\/v2\/product_tag?post=22761"}],"curies":[{"name":"wp","href":"https:\/\/api.w.org\/{rel}","templated":true}]}}