{"id":22751,"date":"2026-04-21T13:03:10","date_gmt":"2026-04-21T18:03:10","guid":{"rendered":"https:\/\/perfectmass.net\/uncategorized\/ashwagandha-proscience\/"},"modified":"2026-04-24T14:10:09","modified_gmt":"2026-04-24T19:10:09","slug":"ashwagandha-proscience","status":"publish","type":"product","link":"https:\/\/perfectmass.net\/latam\/nutricion\/suplementos\/vitaminas-minerales\/ashwagandha-proscience\/","title":{"rendered":"Ashwagandha &#8211; Proscience"},"content":{"rendered":"<h2>Ashwagandha &#8211; Proscience<\/h2>\n<p>Gomas de gelatina con\u00a0<b>ASHWANDHA,\u00a0<\/b>toronjil, lechuga fortificado con Vitamina B6.<\/p>\n<p><b>Tipo de producto:\u00a0<\/b>Goma Masticable de gelatina<\/p>\n<p><b>Presentaci\u00f3n comercial:\u00a0<\/b>30 servicios (60 gomas)<\/p>\n<p><b>Sabor:\u00a0<\/b>Frutos verdes<\/p>\n<p><b>Peso neto:\u00a0<\/b>150 g<\/p>\n<p>&nbsp;<\/p>\n<p><b>VIDA \u00daTIL<\/b><\/p>\n<p>&nbsp;<\/p>\n<p><b>Fecha de vencimiento:\u00a0<\/b>24 meses a partir de la fecha de fabricaci\u00f3n, bajo las condiciones de almacenamiento recomendadas.<\/p>\n<p><b>INGREDIENTES:<\/b>\u00a0Gelatina en Polvo, Ashwagandha en Polvo (<i>Withania Somnifera<\/i>), Toronjil en Polvo (<i>Melissa Officinalis L.<\/i>), Lechuga en Polvo (<i>Lactuca Sativa<\/i>), Agua Purificada (Humectante), Sorbitol (Edulcorante), Maltitol (Edulcorante), Sabor Id\u00e9ntico al Natural a Frutos Verdes, \u00c1cido C\u00edtrico (Acidulante), Color Verde FD&amp;C #3, Sorbato De Potasio (Conservante), Vitamina B6 (Piridoxina Hcl).<\/p>\n<p>&nbsp;<\/p>\n<p><b>REGISTRO SANITARIO: RSA-0024059-2023<\/b><\/p>\n<p>&nbsp;<\/p>\n<p><b>Modo de uso:\u00a0<\/b>Consumir 2 gomas una vez al d\u00eda<b>.\u00a0<\/b><\/p>\n<p>&nbsp;<\/p>\n<p>Este producto es un alimento y debe comercializarse como tal.<\/p>\n<p>&nbsp;<\/p>\n<p><b>M\u00c9TODO DE CONSERVACI\u00d3N:<\/b> Cons\u00e9rvese en su envase original en un lugar fresco a temperatura inferior a 30 \u00baC y a una humedad relativa inferior a 75%. Despu\u00e9s deabierto o consumase en el menor tiempo posible.<\/p>\n<div id=\"attachment_21994\" style=\"width: 310px\" class=\"wp-caption alignnone\"><img fetchpriority=\"high\" decoding=\"async\" aria-describedby=\"caption-attachment-21994\" class=\"size-medium wp-image-21994\" src=\"https:\/\/perfectmass.net\/wp-content\/uploads\/2026\/04\/ashwagandha-300x300.png\" alt=\"Ashwagandha - Proscience\" width=\"300\" height=\"300\" title=\"\" srcset=\"https:\/\/perfectmass.net\/wp-content\/uploads\/2026\/04\/ashwagandha-300x300.png 300w, https:\/\/perfectmass.net\/wp-content\/uploads\/2026\/04\/ashwagandha-1024x1024.png 1024w, https:\/\/perfectmass.net\/wp-content\/uploads\/2026\/04\/ashwagandha-150x150.png 150w, https:\/\/perfectmass.net\/wp-content\/uploads\/2026\/04\/ashwagandha-768x768.png 768w, https:\/\/perfectmass.net\/wp-content\/uploads\/2026\/04\/ashwagandha-445x445.png 445w, https:\/\/perfectmass.net\/wp-content\/uploads\/2026\/04\/ashwagandha-100x100.png 100w, https:\/\/perfectmass.net\/wp-content\/uploads\/2026\/04\/ashwagandha-1x1.png 1w, https:\/\/perfectmass.net\/wp-content\/uploads\/2026\/04\/ashwagandha-10x10.png 10w, https:\/\/perfectmass.net\/wp-content\/uploads\/2026\/04\/ashwagandha.png 1080w\" sizes=\"(max-width: 300px) 100vw, 300px\" \/><p id=\"caption-attachment-21994\" class=\"wp-caption-text\">Ashwagandha &#8211; <a href=\"https:\/\/proscience.com.co\/\" target=\"_blank\" rel=\"noopener\">Proscience\u00a0<\/a><\/p><\/div>\n<p>Visitar <a href=\"http:\/\/PerfectMass.net\" target=\"_blank\" rel=\"noopener\">PerfectMass.net<\/a><\/p>\n","protected":false},"excerpt":{"rendered":"<p>Ashwagandha de Proscience<\/p>\n","protected":false},"featured_media":22753,"comment_status":"open","ping_status":"closed","template":"","meta":[],"etheme_brands":[{"term_id":2616,"name":"Proscience","slug":"proscience","term_group":0,"term_taxonomy_id":2616,"taxonomy":"brand","description":"<strong data-start=\"235\" data-end=\"260\">Proscience:<\/strong> es una marca reconocida por su compromiso con la calidad, la innovaci\u00f3n y el rendimiento dentro del mundo de la nutrici\u00f3n deportiva. Sus productos est\u00e1n desarrollados para ayudar a deportistas y personas activas a mejorar su recuperaci\u00f3n, aumentar su energ\u00eda y alcanzar sus objetivos de forma segura y efectiva. En PerfectMassNutrition\u00ae seleccionamos lo mejor de Proscience para ofrecerte suplementos confiables, con excelentes ingredientes y resultados comprobados, disponibles para toda Colombia y Latinoam\u00e9rica.","parent":0,"count":25,"filter":"raw"}],"product_brand":[2719],"product_cat":[1610,1601],"product_tag":[1606],"class_list":{"0":"post-22751","1":"product","2":"type-product","3":"status-publish","4":"has-post-thumbnail","6":"brand-proscience","7":"product_brand-proscience","8":"product_cat-salud","9":"product_cat-vitaminas-minerales","10":"product_tag-suplemento","12":"first","13":"instock","14":"sale","15":"taxable","16":"shipping-taxable","17":"purchasable","18":"product-type-variable"},"_links":{"self":[{"href":"https:\/\/perfectmass.net\/latam\/wp-json\/wp\/v2\/product\/22751","targetHints":{"allow":["GET"]}}],"collection":[{"href":"https:\/\/perfectmass.net\/latam\/wp-json\/wp\/v2\/product"}],"about":[{"href":"https:\/\/perfectmass.net\/latam\/wp-json\/wp\/v2\/types\/product"}],"replies":[{"embeddable":true,"href":"https:\/\/perfectmass.net\/latam\/wp-json\/wp\/v2\/comments?post=22751"}],"version-history":[{"count":1,"href":"https:\/\/perfectmass.net\/latam\/wp-json\/wp\/v2\/product\/22751\/revisions"}],"predecessor-version":[{"id":28045,"href":"https:\/\/perfectmass.net\/latam\/wp-json\/wp\/v2\/product\/22751\/revisions\/28045"}],"wp:featuredmedia":[{"embeddable":true,"href":"https:\/\/perfectmass.net\/latam\/wp-json\/wp\/v2\/media\/22753"}],"wp:attachment":[{"href":"https:\/\/perfectmass.net\/latam\/wp-json\/wp\/v2\/media?parent=22751"}],"wp:term":[{"taxonomy":"brand","embeddable":true,"href":"https:\/\/perfectmass.net\/latam\/wp-json\/wp\/v2\/etheme_brands?post=22751"},{"taxonomy":"product_brand","embeddable":true,"href":"https:\/\/perfectmass.net\/latam\/wp-json\/wp\/v2\/product_brand?post=22751"},{"taxonomy":"product_cat","embeddable":true,"href":"https:\/\/perfectmass.net\/latam\/wp-json\/wp\/v2\/product_cat?post=22751"},{"taxonomy":"product_tag","embeddable":true,"href":"https:\/\/perfectmass.net\/latam\/wp-json\/wp\/v2\/product_tag?post=22751"}],"curies":[{"name":"wp","href":"https:\/\/api.w.org\/{rel}","templated":true}]}}