{"id":22743,"date":"2026-04-21T15:19:57","date_gmt":"2026-04-21T20:19:57","guid":{"rendered":"https:\/\/perfectmass.net\/uncategorized\/best-tasty-proteina-proscience\/"},"modified":"2026-05-02T04:24:49","modified_gmt":"2026-05-02T09:24:49","slug":"best-tasty-proteina-proscience","status":"publish","type":"product","link":"https:\/\/perfectmass.net\/latam\/nutricion\/proteina\/whey\/best-tasty-proteina-proscience\/","title":{"rendered":"Best Tasty &#8211; Prote\u00edna Proscience"},"content":{"rendered":"<h2>Best Tasty &#8211; Prote\u00edna Proscience<\/h2>\n<p>Es una deliciosa prote\u00edna con un innovador y espectacular sabor a cookies and cream. A base de prote\u00edna de suero de leche y case\u00edna micelar, garantizando un aporte proteico de 23 gramos, con un excelente valor biol\u00f3gico contribuyendo todos los amino\u00e1cidos esenciales y liber\u00e1ndolos en diferentes momentos para un anabolismo continuo.<\/p>\n<p>La prote\u00edna de suero de leche aporta r\u00e1pidamente amino\u00e1cidos al torrente sangu\u00edneo, pero posteriormente la case\u00edna micelar liberar\u00e1 muy lentamente los amino\u00e1cidos lo que garantiza por m\u00e1s tiempo ese aporte necesario para tu s\u00edntesis proteica, lo que conllevar\u00e1 a un adecuado entorno metab\u00f3lico.<\/p>\n<p>Con un aporte cal\u00f3rico bajo solo un poco m\u00e1s de 100 calor\u00edas, sin az\u00facar a\u00f1adida, es un producto ideal para complementar la cantidad de prote\u00edna que necesitas o utilizar en aquel momento de antojo, disfrutando un delicioso sabor, pero con un excelente valor nutricional.<\/p>\n<p>BEST TASTY una deliciosa y excelente opci\u00f3n.<\/p>\n<div id=\"attachment_22042\" style=\"width: 310px\" class=\"wp-caption alignnone\"><img fetchpriority=\"high\" decoding=\"async\" aria-describedby=\"caption-attachment-22042\" class=\"size-medium wp-image-22042\" src=\"https:\/\/perfectmass.net\/wp-content\/uploads\/2026\/04\/best-tasty-j-300x300.webp\" alt=\"Best Tasty - Prote\u00edna Proscience\" width=\"300\" height=\"300\" title=\"\" srcset=\"https:\/\/perfectmass.net\/wp-content\/uploads\/2026\/04\/best-tasty-j-300x300.webp 300w, https:\/\/perfectmass.net\/wp-content\/uploads\/2026\/04\/best-tasty-j-1024x1024.webp 1024w, https:\/\/perfectmass.net\/wp-content\/uploads\/2026\/04\/best-tasty-j-150x150.webp 150w, https:\/\/perfectmass.net\/wp-content\/uploads\/2026\/04\/best-tasty-j-768x768.webp 768w, https:\/\/perfectmass.net\/wp-content\/uploads\/2026\/04\/best-tasty-j-1536x1536.webp 1536w, https:\/\/perfectmass.net\/wp-content\/uploads\/2026\/04\/best-tasty-j-445x445.webp 445w, https:\/\/perfectmass.net\/wp-content\/uploads\/2026\/04\/best-tasty-j-100x100.webp 100w, https:\/\/perfectmass.net\/wp-content\/uploads\/2026\/04\/best-tasty-j-1x1.webp 1w, https:\/\/perfectmass.net\/wp-content\/uploads\/2026\/04\/best-tasty-j-10x10.webp 10w, https:\/\/perfectmass.net\/wp-content\/uploads\/2026\/04\/best-tasty-j.webp 1620w\" sizes=\"(max-width: 300px) 100vw, 300px\" \/><p id=\"caption-attachment-22042\" class=\"wp-caption-text\">Best Tasty &#8211; Prote\u00edna <a href=\"https:\/\/proscience.com.co\/\" target=\"_blank\" rel=\"noopener\">Proscience<\/a><\/p><\/div>\n<p>Visitar <a href=\"http:\/\/PerfectMass.net\" target=\"_blank\" rel=\"noopener\">PerfectMass.net<\/a><\/p>\n","protected":false},"excerpt":{"rendered":"<p>Prote\u00edna de alta calidad para apoyar tus objetivos diarios.<\/p>\n","protected":false},"featured_media":22745,"comment_status":"open","ping_status":"closed","template":"","meta":[],"etheme_brands":[{"term_id":2616,"name":"Proscience","slug":"proscience","term_group":0,"term_taxonomy_id":2616,"taxonomy":"brand","description":"<strong data-start=\"235\" data-end=\"260\">Proscience:<\/strong> es una marca reconocida por su compromiso con la calidad, la innovaci\u00f3n y el rendimiento dentro del mundo de la nutrici\u00f3n deportiva. Sus productos est\u00e1n desarrollados para ayudar a deportistas y personas activas a mejorar su recuperaci\u00f3n, aumentar su energ\u00eda y alcanzar sus objetivos de forma segura y efectiva. En PerfectMassNutrition\u00ae seleccionamos lo mejor de Proscience para ofrecerte suplementos confiables, con excelentes ingredientes y resultados comprobados, disponibles para toda Colombia y Latinoam\u00e9rica.","parent":0,"count":25,"filter":"raw"}],"product_brand":[2719],"product_cat":[3694],"product_tag":[1608,1609],"class_list":{"0":"post-22743","1":"product","2":"type-product","3":"status-publish","4":"has-post-thumbnail","6":"brand-proscience","7":"product_brand-proscience","8":"product_cat-whey","9":"product_tag-ganar-masa","10":"product_tag-proteina","12":"first","13":"instock","14":"sale","15":"taxable","16":"shipping-taxable","17":"purchasable","18":"product-type-variable"},"_links":{"self":[{"href":"https:\/\/perfectmass.net\/latam\/wp-json\/wp\/v2\/product\/22743","targetHints":{"allow":["GET"]}}],"collection":[{"href":"https:\/\/perfectmass.net\/latam\/wp-json\/wp\/v2\/product"}],"about":[{"href":"https:\/\/perfectmass.net\/latam\/wp-json\/wp\/v2\/types\/product"}],"replies":[{"embeddable":true,"href":"https:\/\/perfectmass.net\/latam\/wp-json\/wp\/v2\/comments?post=22743"}],"version-history":[{"count":1,"href":"https:\/\/perfectmass.net\/latam\/wp-json\/wp\/v2\/product\/22743\/revisions"}],"predecessor-version":[{"id":28043,"href":"https:\/\/perfectmass.net\/latam\/wp-json\/wp\/v2\/product\/22743\/revisions\/28043"}],"wp:featuredmedia":[{"embeddable":true,"href":"https:\/\/perfectmass.net\/latam\/wp-json\/wp\/v2\/media\/22745"}],"wp:attachment":[{"href":"https:\/\/perfectmass.net\/latam\/wp-json\/wp\/v2\/media?parent=22743"}],"wp:term":[{"taxonomy":"brand","embeddable":true,"href":"https:\/\/perfectmass.net\/latam\/wp-json\/wp\/v2\/etheme_brands?post=22743"},{"taxonomy":"product_brand","embeddable":true,"href":"https:\/\/perfectmass.net\/latam\/wp-json\/wp\/v2\/product_brand?post=22743"},{"taxonomy":"product_cat","embeddable":true,"href":"https:\/\/perfectmass.net\/latam\/wp-json\/wp\/v2\/product_cat?post=22743"},{"taxonomy":"product_tag","embeddable":true,"href":"https:\/\/perfectmass.net\/latam\/wp-json\/wp\/v2\/product_tag?post=22743"}],"curies":[{"name":"wp","href":"https:\/\/api.w.org\/{rel}","templated":true}]}}