{"id":27519,"date":"2025-11-26T17:52:28","date_gmt":"2025-11-26T22:52:28","guid":{"rendered":"https:\/\/perfectmass.net\/sin%20categor\u00eda\/electro-lightning-intra-entreno-angry-supplements\/"},"modified":"2026-05-02T04:51:17","modified_gmt":"2026-05-02T09:51:17","slug":"electro-lightning-intra-entreno-angry-supplements","status":"publish","type":"product","link":"https:\/\/perfectmass.net\/co\/intra-entreno\/electro-lightning-intra-entreno-angry-supplements\/","title":{"rendered":"Electro Lightning &#8211; Intra-Entreno Angry Supplements"},"content":{"rendered":"<h2><strong>Electro Lightning &#8211; Intra-Entreno Angry Supplements<\/strong><\/h2>\n<p>F\u00f3rmula intra-entreno con carbohidratos, electrolitos y amino\u00e1cidos para mantener la energ\u00eda y el rendimiento durante el ejercicio.<\/p>\n<div id=\"attachment_17695\" style=\"width: 310px\" class=\"wp-caption alignnone\"><img fetchpriority=\"high\" decoding=\"async\" aria-describedby=\"caption-attachment-17695\" class=\"size-medium wp-image-17695\" src=\"https:\/\/perfectmass.net\/wp-content\/uploads\/2025\/11\/Angry-Supplements-Electro-Lightning-300x300.webp\" alt=\"Electro Lightning - Intra-Entreno Angry Supplements\" width=\"300\" height=\"300\" title=\"\" srcset=\"https:\/\/perfectmass.net\/wp-content\/uploads\/2025\/11\/Angry-Supplements-Electro-Lightning-300x300.webp 300w, https:\/\/perfectmass.net\/wp-content\/uploads\/2025\/11\/Angry-Supplements-Electro-Lightning-150x150.webp 150w, https:\/\/perfectmass.net\/wp-content\/uploads\/2025\/11\/Angry-Supplements-Electro-Lightning-445x445.webp 445w, https:\/\/perfectmass.net\/wp-content\/uploads\/2025\/11\/Angry-Supplements-Electro-Lightning-100x100.webp 100w, https:\/\/perfectmass.net\/wp-content\/uploads\/2025\/11\/Angry-Supplements-Electro-Lightning-1x1.webp 1w, https:\/\/perfectmass.net\/wp-content\/uploads\/2025\/11\/Angry-Supplements-Electro-Lightning-10x10.webp 10w, https:\/\/perfectmass.net\/wp-content\/uploads\/2025\/11\/Angry-Supplements-Electro-Lightning.webp 768w\" sizes=\"(max-width: 300px) 100vw, 300px\" \/><p id=\"caption-attachment-17695\" class=\"wp-caption-text\">Electro Lightning &#8211; Intra-Entreno <a href=\"https:\/\/angrysupps.com\/\" target=\"_blank\" rel=\"noopener\">Angry Supplements<\/a><\/p><\/div>\n<p>&nbsp;<\/p>\n<p>Visitar\u00a0<a href=\"https:\/\/perfectmass.net\/co\/\">PerfectMass.net<\/a><\/p>\n","protected":false},"excerpt":{"rendered":"<p>Bebida intra-entreno para mantener energ\u00eda y rendimiento.<\/p>\n","protected":false},"featured_media":27521,"comment_status":"open","ping_status":"closed","template":"","meta":[],"etheme_brands":[{"term_id":2501,"name":"Angry Supplements","slug":"angry-supplements","term_group":0,"term_taxonomy_id":2501,"taxonomy":"brand","description":"<strong data-start=\"235\" data-end=\"260\">Angry Supplements:<\/strong> es una marca reconocida por su compromiso con la calidad, la innovaci\u00f3n y el rendimiento dentro del mundo de la nutrici\u00f3n deportiva. Sus productos est\u00e1n desarrollados para ayudar a deportistas y personas activas a mejorar su recuperaci\u00f3n, aumentar su energ\u00eda y alcanzar sus objetivos de forma segura y efectiva. En PerfectMassNutrition\u00ae seleccionamos lo mejor de Angry Supplements para ofrecerte suplementos confiables, con excelentes ingredientes y resultados comprobados, disponibles para toda Colombia y Latinoam\u00e9rica.","parent":0,"count":11,"filter":"raw"}],"product_brand":[2663],"product_cat":[3762,3740],"product_tag":[1585],"class_list":{"0":"post-27519","1":"product","2":"type-product","3":"status-publish","4":"has-post-thumbnail","6":"brand-angry-supplements","7":"product_brand-angry-supplements","8":"product_cat-intra-entreno","9":"product_cat-pre","10":"product_tag-suplemento","12":"first","13":"instock","14":"sale","15":"taxable","16":"shipping-taxable","17":"purchasable","18":"product-type-variable","19":"has-default-attributes"},"_links":{"self":[{"href":"https:\/\/perfectmass.net\/co\/wp-json\/wp\/v2\/product\/27519","targetHints":{"allow":["GET"]}}],"collection":[{"href":"https:\/\/perfectmass.net\/co\/wp-json\/wp\/v2\/product"}],"about":[{"href":"https:\/\/perfectmass.net\/co\/wp-json\/wp\/v2\/types\/product"}],"replies":[{"embeddable":true,"href":"https:\/\/perfectmass.net\/co\/wp-json\/wp\/v2\/comments?post=27519"}],"version-history":[{"count":1,"href":"https:\/\/perfectmass.net\/co\/wp-json\/wp\/v2\/product\/27519\/revisions"}],"predecessor-version":[{"id":31076,"href":"https:\/\/perfectmass.net\/co\/wp-json\/wp\/v2\/product\/27519\/revisions\/31076"}],"wp:featuredmedia":[{"embeddable":true,"href":"https:\/\/perfectmass.net\/co\/wp-json\/wp\/v2\/media\/27521"}],"wp:attachment":[{"href":"https:\/\/perfectmass.net\/co\/wp-json\/wp\/v2\/media?parent=27519"}],"wp:term":[{"taxonomy":"brand","embeddable":true,"href":"https:\/\/perfectmass.net\/co\/wp-json\/wp\/v2\/etheme_brands?post=27519"},{"taxonomy":"product_brand","embeddable":true,"href":"https:\/\/perfectmass.net\/co\/wp-json\/wp\/v2\/product_brand?post=27519"},{"taxonomy":"product_cat","embeddable":true,"href":"https:\/\/perfectmass.net\/co\/wp-json\/wp\/v2\/product_cat?post=27519"},{"taxonomy":"product_tag","embeddable":true,"href":"https:\/\/perfectmass.net\/co\/wp-json\/wp\/v2\/product_tag?post=27519"}],"curies":[{"name":"wp","href":"https:\/\/api.w.org\/{rel}","templated":true}]}}