{"id":27475,"date":"2025-11-26T17:52:28","date_gmt":"2025-11-26T22:52:28","guid":{"rendered":"https:\/\/perfectmass.net\/sin%20categor\u00eda\/muscletech-nitro-tech-whey-gold\/"},"modified":"2026-04-23T13:17:02","modified_gmt":"2026-04-23T18:17:02","slug":"muscletech-nitro-tech-whey-gold","status":"publish","type":"product","link":"https:\/\/perfectmass.net\/co\/nutricion\/proteina\/whey\/muscletech-nitro-tech-whey-gold\/","title":{"rendered":"Nitro Tech Whey Gold &#8211; MuscleTech"},"content":{"rendered":"<p>MuscleTech Nitro Tech Whey Gold es una prote\u00edna de alta calidad dise\u00f1ada para apoyar el crecimiento y recuperaci\u00f3n muscular. Cada porci\u00f3n proporciona prote\u00ednas de r\u00e1pida absorci\u00f3n ideales para despu\u00e9s del entrenamiento. Presentaci\u00f3n: 5 LIBRAS.<\/p>\n","protected":false},"excerpt":{"rendered":"<p>Prote\u00edna de alta calidad<\/p>\n","protected":false},"featured_media":27477,"comment_status":"open","ping_status":"closed","template":"","meta":[],"etheme_brands":[{"term_id":2599,"name":"MuscleTech","slug":"muscletech","term_group":0,"term_taxonomy_id":2599,"taxonomy":"brand","description":"<strong data-start=\"235\" data-end=\"260\">MuscleTech:<\/strong> es una marca reconocida por su compromiso con la calidad, la innovaci\u00f3n y el rendimiento dentro del mundo de la nutrici\u00f3n deportiva. Sus productos est\u00e1n desarrollados para ayudar a deportistas y personas activas a mejorar su recuperaci\u00f3n, aumentar su energ\u00eda y alcanzar sus objetivos de forma segura y efectiva. En PerfectMassNutrition\u00ae seleccionamos lo mejor de MuscleTech para ofrecerte suplementos confiables, con excelentes ingredientes y resultados comprobados, disponibles para toda Colombia y Latinoam\u00e9rica.","parent":0,"count":17,"filter":"raw"}],"product_brand":[2700],"product_cat":[1522,1523,1524,1536,1540],"product_tag":[1567],"class_list":{"0":"post-27475","1":"product","2":"type-product","3":"status-publish","4":"has-post-thumbnail","6":"brand-muscletech","7":"product_brand-muscletech","8":"product_cat-mas-vendidos","9":"product_cat-novedades","10":"product_cat-ofertas","11":"product_cat-proteina","12":"product_cat-whey","13":"product_tag-ganar-masa","15":"first","16":"instock","17":"sale","18":"taxable","19":"shipping-taxable","20":"purchasable","21":"product-type-variable","22":"has-default-attributes"},"_links":{"self":[{"href":"https:\/\/perfectmass.net\/co\/wp-json\/wp\/v2\/product\/27475","targetHints":{"allow":["GET"]}}],"collection":[{"href":"https:\/\/perfectmass.net\/co\/wp-json\/wp\/v2\/product"}],"about":[{"href":"https:\/\/perfectmass.net\/co\/wp-json\/wp\/v2\/types\/product"}],"replies":[{"embeddable":true,"href":"https:\/\/perfectmass.net\/co\/wp-json\/wp\/v2\/comments?post=27475"}],"version-history":[{"count":1,"href":"https:\/\/perfectmass.net\/co\/wp-json\/wp\/v2\/product\/27475\/revisions"}],"predecessor-version":[{"id":31069,"href":"https:\/\/perfectmass.net\/co\/wp-json\/wp\/v2\/product\/27475\/revisions\/31069"}],"wp:featuredmedia":[{"embeddable":true,"href":"https:\/\/perfectmass.net\/co\/wp-json\/wp\/v2\/media\/27477"}],"wp:attachment":[{"href":"https:\/\/perfectmass.net\/co\/wp-json\/wp\/v2\/media?parent=27475"}],"wp:term":[{"taxonomy":"brand","embeddable":true,"href":"https:\/\/perfectmass.net\/co\/wp-json\/wp\/v2\/etheme_brands?post=27475"},{"taxonomy":"product_brand","embeddable":true,"href":"https:\/\/perfectmass.net\/co\/wp-json\/wp\/v2\/product_brand?post=27475"},{"taxonomy":"product_cat","embeddable":true,"href":"https:\/\/perfectmass.net\/co\/wp-json\/wp\/v2\/product_cat?post=27475"},{"taxonomy":"product_tag","embeddable":true,"href":"https:\/\/perfectmass.net\/co\/wp-json\/wp\/v2\/product_tag?post=27475"}],"curies":[{"name":"wp","href":"https:\/\/api.w.org\/{rel}","templated":true}]}}