{"id":27449,"date":"2025-11-26T17:52:29","date_gmt":"2025-11-26T22:52:29","guid":{"rendered":"https:\/\/perfectmass.net\/sin%20categor\u00eda\/macroblends-rm-preworkout\/"},"modified":"2026-05-02T04:51:00","modified_gmt":"2026-05-02T09:51:00","slug":"macroblends-rm-preworkout","status":"publish","type":"product","link":"https:\/\/perfectmass.net\/co\/nutricion\/entreno\/pre\/macroblends-rm-preworkout\/","title":{"rendered":"RM Preworkout &#8211; Macroblends"},"content":{"rendered":"<p>MACROBLENDS RM PREWORKOUT es un pre-entrenamiento formulado para proporcionar energ\u00eda y enfoque durante tus entrenamientos. Contiene ingredientes que mejoran el rendimiento y la resistencia. Presentaci\u00f3n: 30 SERVICIOS.<\/p>\n","protected":false},"excerpt":{"rendered":"<p>Pre-entreno energ\u00e9tico<\/p>\n","protected":false},"featured_media":27450,"comment_status":"open","ping_status":"closed","template":"","meta":[],"etheme_brands":[{"term_id":2591,"name":"Macroblends","slug":"macroblends","term_group":0,"term_taxonomy_id":2591,"taxonomy":"brand","description":"<strong data-start=\"235\" data-end=\"260\">MacroBlends:<\/strong> es una marca reconocida por su compromiso con la calidad, la innovaci\u00f3n y el rendimiento dentro del mundo de la nutrici\u00f3n deportiva. Sus productos est\u00e1n desarrollados para ayudar a deportistas y personas activas a mejorar su recuperaci\u00f3n, aumentar su energ\u00eda y alcanzar sus objetivos de forma segura y efectiva. En PerfectMassNutrition\u00ae seleccionamos lo mejor de MacroBlends para ofrecerte suplementos confiables, con excelentes ingredientes y resultados comprobados, disponibles para toda Colombia y Latinoam\u00e9rica.","parent":0,"count":8,"filter":"raw"}],"product_brand":[2772],"product_cat":[3668],"product_tag":[1577],"class_list":{"0":"post-27449","1":"product","2":"type-product","3":"status-publish","4":"has-post-thumbnail","6":"brand-macroblends","7":"product_brand-macroblends","8":"product_cat-pre","9":"product_tag-pre-entreno","11":"first","12":"instock","13":"sale","14":"taxable","15":"shipping-taxable","16":"purchasable","17":"product-type-variable","18":"has-default-attributes"},"_links":{"self":[{"href":"https:\/\/perfectmass.net\/co\/wp-json\/wp\/v2\/product\/27449","targetHints":{"allow":["GET"]}}],"collection":[{"href":"https:\/\/perfectmass.net\/co\/wp-json\/wp\/v2\/product"}],"about":[{"href":"https:\/\/perfectmass.net\/co\/wp-json\/wp\/v2\/types\/product"}],"replies":[{"embeddable":true,"href":"https:\/\/perfectmass.net\/co\/wp-json\/wp\/v2\/comments?post=27449"}],"version-history":[{"count":1,"href":"https:\/\/perfectmass.net\/co\/wp-json\/wp\/v2\/product\/27449\/revisions"}],"predecessor-version":[{"id":31055,"href":"https:\/\/perfectmass.net\/co\/wp-json\/wp\/v2\/product\/27449\/revisions\/31055"}],"wp:featuredmedia":[{"embeddable":true,"href":"https:\/\/perfectmass.net\/co\/wp-json\/wp\/v2\/media\/27450"}],"wp:attachment":[{"href":"https:\/\/perfectmass.net\/co\/wp-json\/wp\/v2\/media?parent=27449"}],"wp:term":[{"taxonomy":"brand","embeddable":true,"href":"https:\/\/perfectmass.net\/co\/wp-json\/wp\/v2\/etheme_brands?post=27449"},{"taxonomy":"product_brand","embeddable":true,"href":"https:\/\/perfectmass.net\/co\/wp-json\/wp\/v2\/product_brand?post=27449"},{"taxonomy":"product_cat","embeddable":true,"href":"https:\/\/perfectmass.net\/co\/wp-json\/wp\/v2\/product_cat?post=27449"},{"taxonomy":"product_tag","embeddable":true,"href":"https:\/\/perfectmass.net\/co\/wp-json\/wp\/v2\/product_tag?post=27449"}],"curies":[{"name":"wp","href":"https:\/\/api.w.org\/{rel}","templated":true}]}}