{"id":27443,"date":"2025-11-26T17:52:29","date_gmt":"2025-11-26T22:52:29","guid":{"rendered":"https:\/\/perfectmass.net\/sin%20categor\u00eda\/accesorios-embudo-smart-muscle\/"},"modified":"2026-04-23T13:16:53","modified_gmt":"2026-04-23T18:16:53","slug":"accesorios-embudo-smart-muscle","status":"publish","type":"product","link":"https:\/\/perfectmass.net\/co\/nutricion\/accesorios\/fiambreras\/accesorios-embudo-smart-muscle\/","title":{"rendered":"Accesorios Embudo Smart Muscle &#8211; Smart Muscle"},"content":{"rendered":"<p><strong>Accesorios Embudo Smart Muscle &#8211; Smart Muscle<\/strong><\/p>\n<p>Accesorios Embudo Smart Muscle<\/p>\n<p>Accesorio deportivo de calidad dise\u00f1ado para complementar tu entrenamiento y facilitar el consumo de suplementos.<\/p>\n","protected":false},"excerpt":{"rendered":"<p>Accesorio para suplementos<\/p>\n","protected":false},"featured_media":27444,"comment_status":"open","ping_status":"closed","template":"","meta":[],"etheme_brands":[{"term_id":2657,"name":"Smart Muscle","slug":"smart-muscle","term_group":0,"term_taxonomy_id":2657,"taxonomy":"brand","description":"<strong data-start=\"235\" data-end=\"260\">Smart Muscle:<\/strong> es una marca reconocida por su compromiso con la calidad, la innovaci\u00f3n y el rendimiento dentro del mundo de la nutrici\u00f3n deportiva. Sus productos est\u00e1n desarrollados para ayudar a deportistas y personas activas a mejorar su recuperaci\u00f3n, aumentar su energ\u00eda y alcanzar sus objetivos de forma segura y efectiva. En PerfectMassNutrition\u00ae seleccionamos lo mejor de Smart Muscle para ofrecerte suplementos confiables, con excelentes ingredientes y resultados comprobados, disponibles para toda Colombia y Latinoam\u00e9rica.","parent":0,"count":8,"filter":"raw"}],"product_brand":[2738],"product_cat":[1503,1511,1499],"product_tag":[1585],"class_list":{"0":"post-27443","1":"product","2":"type-product","3":"status-publish","4":"has-post-thumbnail","6":"brand-smart-muscle","7":"product_brand-smart-muscle","8":"product_cat-accesorios","9":"product_cat-fiambreras","10":"product_cat-nutricion","11":"product_tag-suplemento","13":"first","14":"outofstock","15":"sale","16":"taxable","17":"shipping-taxable","18":"purchasable","19":"product-type-variable","20":"has-default-attributes"},"_links":{"self":[{"href":"https:\/\/perfectmass.net\/co\/wp-json\/wp\/v2\/product\/27443","targetHints":{"allow":["GET"]}}],"collection":[{"href":"https:\/\/perfectmass.net\/co\/wp-json\/wp\/v2\/product"}],"about":[{"href":"https:\/\/perfectmass.net\/co\/wp-json\/wp\/v2\/types\/product"}],"replies":[{"embeddable":true,"href":"https:\/\/perfectmass.net\/co\/wp-json\/wp\/v2\/comments?post=27443"}],"version-history":[{"count":1,"href":"https:\/\/perfectmass.net\/co\/wp-json\/wp\/v2\/product\/27443\/revisions"}],"predecessor-version":[{"id":31052,"href":"https:\/\/perfectmass.net\/co\/wp-json\/wp\/v2\/product\/27443\/revisions\/31052"}],"wp:featuredmedia":[{"embeddable":true,"href":"https:\/\/perfectmass.net\/co\/wp-json\/wp\/v2\/media\/27444"}],"wp:attachment":[{"href":"https:\/\/perfectmass.net\/co\/wp-json\/wp\/v2\/media?parent=27443"}],"wp:term":[{"taxonomy":"brand","embeddable":true,"href":"https:\/\/perfectmass.net\/co\/wp-json\/wp\/v2\/etheme_brands?post=27443"},{"taxonomy":"product_brand","embeddable":true,"href":"https:\/\/perfectmass.net\/co\/wp-json\/wp\/v2\/product_brand?post=27443"},{"taxonomy":"product_cat","embeddable":true,"href":"https:\/\/perfectmass.net\/co\/wp-json\/wp\/v2\/product_cat?post=27443"},{"taxonomy":"product_tag","embeddable":true,"href":"https:\/\/perfectmass.net\/co\/wp-json\/wp\/v2\/product_tag?post=27443"}],"curies":[{"name":"wp","href":"https:\/\/api.w.org\/{rel}","templated":true}]}}