{"id":27425,"date":"2025-11-26T17:52:29","date_gmt":"2025-11-26T22:52:29","guid":{"rendered":"https:\/\/perfectmass.net\/sin%20categor\u00eda\/strong-bar-protein-bar\/"},"modified":"2026-04-23T13:16:51","modified_gmt":"2026-04-23T18:16:51","slug":"strong-bar-protein-bar","status":"publish","type":"product","link":"https:\/\/perfectmass.net\/co\/nutricion\/otros\/barritas\/strong-bar-protein-bar\/","title":{"rendered":"Strong Bar Protein Bar &#8211; Doctor Stronger"},"content":{"rendered":"<p>STRONG BAR PROTEIN BAR es una prote\u00edna de alta calidad dise\u00f1ada para apoyar el crecimiento y recuperaci\u00f3n muscular. Cada porci\u00f3n proporciona prote\u00ednas de r\u00e1pida absorci\u00f3n ideales para despu\u00e9s del entrenamiento. Presentaci\u00f3n: 12 UNIDADES.<\/p>\n","protected":false},"excerpt":{"rendered":"<p>Prote\u00edna de alta calidad<\/p>\n","protected":false},"featured_media":27426,"comment_status":"open","ping_status":"closed","template":"","meta":[],"etheme_brands":[{"term_id":2537,"name":"Doctor Stronger","slug":"doctor-stronger","term_group":0,"term_taxonomy_id":2537,"taxonomy":"brand","description":"","parent":0,"count":1,"filter":"raw"}],"product_brand":[2675],"product_cat":[1526,1536,1540],"product_tag":[1567],"class_list":{"0":"post-27425","1":"product","2":"type-product","3":"status-publish","4":"has-post-thumbnail","6":"brand-doctor-stronger","7":"product_brand-doctor-stronger","8":"product_cat-barritas","9":"product_cat-proteina","10":"product_cat-whey","11":"product_tag-ganar-masa","13":"first","14":"instock","15":"sale","16":"taxable","17":"shipping-taxable","18":"purchasable","19":"product-type-variable","20":"has-default-attributes"},"_links":{"self":[{"href":"https:\/\/perfectmass.net\/co\/wp-json\/wp\/v2\/product\/27425","targetHints":{"allow":["GET"]}}],"collection":[{"href":"https:\/\/perfectmass.net\/co\/wp-json\/wp\/v2\/product"}],"about":[{"href":"https:\/\/perfectmass.net\/co\/wp-json\/wp\/v2\/types\/product"}],"replies":[{"embeddable":true,"href":"https:\/\/perfectmass.net\/co\/wp-json\/wp\/v2\/comments?post=27425"}],"version-history":[{"count":1,"href":"https:\/\/perfectmass.net\/co\/wp-json\/wp\/v2\/product\/27425\/revisions"}],"predecessor-version":[{"id":31050,"href":"https:\/\/perfectmass.net\/co\/wp-json\/wp\/v2\/product\/27425\/revisions\/31050"}],"wp:featuredmedia":[{"embeddable":true,"href":"https:\/\/perfectmass.net\/co\/wp-json\/wp\/v2\/media\/27426"}],"wp:attachment":[{"href":"https:\/\/perfectmass.net\/co\/wp-json\/wp\/v2\/media?parent=27425"}],"wp:term":[{"taxonomy":"brand","embeddable":true,"href":"https:\/\/perfectmass.net\/co\/wp-json\/wp\/v2\/etheme_brands?post=27425"},{"taxonomy":"product_brand","embeddable":true,"href":"https:\/\/perfectmass.net\/co\/wp-json\/wp\/v2\/product_brand?post=27425"},{"taxonomy":"product_cat","embeddable":true,"href":"https:\/\/perfectmass.net\/co\/wp-json\/wp\/v2\/product_cat?post=27425"},{"taxonomy":"product_tag","embeddable":true,"href":"https:\/\/perfectmass.net\/co\/wp-json\/wp\/v2\/product_tag?post=27425"}],"curies":[{"name":"wp","href":"https:\/\/api.w.org\/{rel}","templated":true}]}}