{"id":27393,"date":"2025-11-26T17:52:29","date_gmt":"2025-11-26T22:52:29","guid":{"rendered":"https:\/\/perfectmass.net\/sin%20categor\u00eda\/cellucor-c4-performance-energy\/"},"modified":"2026-04-23T13:16:49","modified_gmt":"2026-04-23T18:16:49","slug":"cellucor-c4-performance-energy","status":"publish","type":"product","link":"https:\/\/perfectmass.net\/co\/nutricion\/otros\/energia\/cellucor-c4-performance-energy\/","title":{"rendered":"C4 Performance Energy &#8211; Pre-Entreno Cellucor"},"content":{"rendered":"<h2>C4 Performance Energy &#8211; Pre-Entreno Cellucor<\/h2>\n<p>ADVERTENCIA: C4 Performance Energy\u00ae est\u00e1 dise\u00f1ado para atletas.<\/p>\n<p>Ya sea que compitas por t\u00edtulos o juegues por orgullo, C4 Performance Energy\u00ae contiene ingredientes cl\u00ednicamente probados que mejoran el rendimiento en cada etapa del juego. Cada lata contiene 200 mg de cafe\u00edna y CarnoSyn\u00ae Beta-Alanina para una energ\u00eda explosiva y mayor resistencia.*<\/p>\n<p>Los efectos secundarios pueden incluir superar tus marcas personales y tener la total seguridad de que tu producto est\u00e1 libre de az\u00facar, colorantes artificiales y 290 sustancias prohibidas. Cons\u00famelo bajo tu propia responsabilidad.<\/p>\n<p>CERTIFICADO POR NSF\u00ae PARA EL DEPORTE\u00ae: Probado y certificado para atletas profesionales y universitarios.<\/p>\n<p>ENERG\u00cdA EXPLOSIVA: Aumenta tu energ\u00eda y rendimiento con 200 mg de cafe\u00edna.*<br \/>\nSABORES INIGUALABLES: Disfruta de una incre\u00edble variedad de sabores sin remordimientos, sin az\u00facar ni colorantes artificiales.<br \/>\nMEJORA LA RESISTENCIA: CarnoSyn\u00ae Beta-Alanina, cl\u00ednicamente probado, combate la fatiga muscular y mejora la resistencia.^*<br \/>\nPOTENCIA EL RENDIMIENTO: BetaPower\u00ae, cl\u00ednicamente probado, favorece la hidrataci\u00f3n de las c\u00e9lulas musculares y el rendimiento f\u00edsico.*<br \/>\nNUTRIENTES CLAVE: Niacina y vitamina B12.<\/p>\n<p>^Los estudios han demostrado que los beneficios de CarnoSyn\u00ae Beta-Alanina est\u00e1n relacionados con su uso acumulativo.<\/p>\n<div id=\"attachment_21568\" style=\"width: 310px\" class=\"wp-caption alignnone\"><img fetchpriority=\"high\" decoding=\"async\" aria-describedby=\"caption-attachment-21568\" class=\"size-medium wp-image-21568\" src=\"https:\/\/perfectmass.net\/wp-content\/uploads\/2025\/11\/C4BEV_2674_Brand_CertifiedForSport_Phase1_PDPs_StrawberryWatermelonIce_January2025_Nutrition-300x300.webp\" alt=\"C4 Performance Energy - Pre-Entreno Cellucor\" width=\"300\" height=\"300\" title=\"\" srcset=\"https:\/\/perfectmass.net\/wp-content\/uploads\/2025\/11\/C4BEV_2674_Brand_CertifiedForSport_Phase1_PDPs_StrawberryWatermelonIce_January2025_Nutrition-300x300.webp 300w, https:\/\/perfectmass.net\/wp-content\/uploads\/2025\/11\/C4BEV_2674_Brand_CertifiedForSport_Phase1_PDPs_StrawberryWatermelonIce_January2025_Nutrition-1024x1024.webp 1024w, https:\/\/perfectmass.net\/wp-content\/uploads\/2025\/11\/C4BEV_2674_Brand_CertifiedForSport_Phase1_PDPs_StrawberryWatermelonIce_January2025_Nutrition-150x150.webp 150w, https:\/\/perfectmass.net\/wp-content\/uploads\/2025\/11\/C4BEV_2674_Brand_CertifiedForSport_Phase1_PDPs_StrawberryWatermelonIce_January2025_Nutrition-768x768.webp 768w, https:\/\/perfectmass.net\/wp-content\/uploads\/2025\/11\/C4BEV_2674_Brand_CertifiedForSport_Phase1_PDPs_StrawberryWatermelonIce_January2025_Nutrition-445x445.webp 445w, https:\/\/perfectmass.net\/wp-content\/uploads\/2025\/11\/C4BEV_2674_Brand_CertifiedForSport_Phase1_PDPs_StrawberryWatermelonIce_January2025_Nutrition-100x100.webp 100w, https:\/\/perfectmass.net\/wp-content\/uploads\/2025\/11\/C4BEV_2674_Brand_CertifiedForSport_Phase1_PDPs_StrawberryWatermelonIce_January2025_Nutrition-1x1.webp 1w, https:\/\/perfectmass.net\/wp-content\/uploads\/2025\/11\/C4BEV_2674_Brand_CertifiedForSport_Phase1_PDPs_StrawberryWatermelonIce_January2025_Nutrition-10x10.webp 10w, https:\/\/perfectmass.net\/wp-content\/uploads\/2025\/11\/C4BEV_2674_Brand_CertifiedForSport_Phase1_PDPs_StrawberryWatermelonIce_January2025_Nutrition.webp 1346w\" sizes=\"(max-width: 300px) 100vw, 300px\" \/><p id=\"caption-attachment-21568\" class=\"wp-caption-text\">C4 Performance Energy &#8211; Pre-Entreno <a href=\"http:\/\/cellucor.com\" target=\"_blank\" rel=\"noopener\">Cellucor<\/a><\/p><\/div>\n<p>Visitar <a href=\"http:\/\/perfectmass.net\/co\/\">Perfectmass.net<\/a><\/p>\n","protected":false},"excerpt":{"rendered":"<p>Pre-entreno para potenciar energ\u00eda, fuerza y concentraci\u00f3n.<\/p>\n","protected":false},"featured_media":27395,"comment_status":"open","ping_status":"closed","template":"","meta":[],"etheme_brands":[{"term_id":2528,"name":"Cellucor","slug":"cellucor","term_group":0,"term_taxonomy_id":2528,"taxonomy":"brand","description":"<strong data-start=\"235\" data-end=\"260\">Cellucor:<\/strong> es una marca reconocida por su compromiso con la calidad, la innovaci\u00f3n y el rendimiento dentro del mundo de la nutrici\u00f3n deportiva. Sus productos est\u00e1n desarrollados para ayudar a deportistas y personas activas a mejorar su recuperaci\u00f3n, aumentar su energ\u00eda y alcanzar sus objetivos de forma segura y efectiva. En PerfectMassNutrition\u00ae seleccionamos lo mejor de Cellucor para ofrecerte suplementos confiables, con excelentes ingredientes y resultados comprobados, disponibles para toda Colombia y Latinoam\u00e9rica.","parent":0,"count":5,"filter":"raw"}],"product_brand":[2671],"product_cat":[1527,1534,1531,1529],"product_tag":[1585],"class_list":{"0":"post-27393","1":"product","2":"type-product","3":"status-publish","4":"has-post-thumbnail","6":"brand-cellucor","7":"product_brand-cellucor","8":"product_cat-energia","9":"product_cat-pre","10":"product_cat-entreno","11":"product_cat-suplementos-energeticos","12":"product_tag-suplemento","14":"first","15":"instock","16":"sale","17":"taxable","18":"shipping-taxable","19":"purchasable","20":"product-type-variable","21":"has-default-attributes"},"_links":{"self":[{"href":"https:\/\/perfectmass.net\/co\/wp-json\/wp\/v2\/product\/27393","targetHints":{"allow":["GET"]}}],"collection":[{"href":"https:\/\/perfectmass.net\/co\/wp-json\/wp\/v2\/product"}],"about":[{"href":"https:\/\/perfectmass.net\/co\/wp-json\/wp\/v2\/types\/product"}],"replies":[{"embeddable":true,"href":"https:\/\/perfectmass.net\/co\/wp-json\/wp\/v2\/comments?post=27393"}],"version-history":[{"count":1,"href":"https:\/\/perfectmass.net\/co\/wp-json\/wp\/v2\/product\/27393\/revisions"}],"predecessor-version":[{"id":31033,"href":"https:\/\/perfectmass.net\/co\/wp-json\/wp\/v2\/product\/27393\/revisions\/31033"}],"wp:featuredmedia":[{"embeddable":true,"href":"https:\/\/perfectmass.net\/co\/wp-json\/wp\/v2\/media\/27395"}],"wp:attachment":[{"href":"https:\/\/perfectmass.net\/co\/wp-json\/wp\/v2\/media?parent=27393"}],"wp:term":[{"taxonomy":"brand","embeddable":true,"href":"https:\/\/perfectmass.net\/co\/wp-json\/wp\/v2\/etheme_brands?post=27393"},{"taxonomy":"product_brand","embeddable":true,"href":"https:\/\/perfectmass.net\/co\/wp-json\/wp\/v2\/product_brand?post=27393"},{"taxonomy":"product_cat","embeddable":true,"href":"https:\/\/perfectmass.net\/co\/wp-json\/wp\/v2\/product_cat?post=27393"},{"taxonomy":"product_tag","embeddable":true,"href":"https:\/\/perfectmass.net\/co\/wp-json\/wp\/v2\/product_tag?post=27393"}],"curies":[{"name":"wp","href":"https:\/\/api.w.org\/{rel}","templated":true}]}}