{"id":27355,"date":"2025-11-26T17:52:30","date_gmt":"2025-11-26T22:52:30","guid":{"rendered":"https:\/\/perfectmass.net\/sin%20categor\u00eda\/sobres-nitraflex-pre-entreno-gat-sport\/"},"modified":"2026-05-02T04:50:44","modified_gmt":"2026-05-02T09:50:44","slug":"sobres-nitraflex-pre-entreno-gat-sport","status":"publish","type":"product","link":"https:\/\/perfectmass.net\/co\/nutricion\/entreno\/pre\/sobres-nitraflex-pre-entreno-gat-sport\/","title":{"rendered":"Sobres Nitraflex &#8211; Pre-Entreno GAT Sport"},"content":{"rendered":"<p>Sobres Nitraflex &#8211; Pre-Entreno GAT SportF\u00d3RMULA DE ENTRENAMIENTO DE ALTA INTENSIDAD NITRAFLEX<\/p>\n<p>\u00bfQuieres sacarle el m\u00e1ximo provecho a tus entrenamientos? \u00bfBuscas una congesti\u00f3n muscular intensa cada vez que vas al gimnasio? \u00bfQuieres aumentar tus niveles de testosterona de forma natural para maximizar el aumento de masa muscular magra? \u00bfPor qu\u00e9 conformarte con resultados mediocres?<\/p>\n<p>Gracias a los ingredientes y compuestos cl\u00ednicamente estudiados de Nitraflex, podr\u00e1s experimentar una de las congestiones musculares m\u00e1s intensas que hayas sentido en un entrenamiento, a la vez que mejoras tu energ\u00eda, fuerza, concentraci\u00f3n, resistencia y testosterona libre.<\/p>\n<div id=\"attachment_21878\" style=\"width: 310px\" class=\"wp-caption alignnone\"><img fetchpriority=\"high\" decoding=\"async\" aria-describedby=\"caption-attachment-21878\" class=\"size-medium wp-image-21878\" src=\"https:\/\/perfectmass.net\/wp-content\/uploads\/2025\/11\/nitraflex-pre-workout-samples-996434-300x225.webp\" alt=\"Sobres Nitraflex - Pre-Entreno GAT Sport\" width=\"300\" height=\"225\" title=\"\" srcset=\"https:\/\/perfectmass.net\/wp-content\/uploads\/2025\/11\/nitraflex-pre-workout-samples-996434-300x225.webp 300w, https:\/\/perfectmass.net\/wp-content\/uploads\/2025\/11\/nitraflex-pre-workout-samples-996434-1024x769.webp 1024w, https:\/\/perfectmass.net\/wp-content\/uploads\/2025\/11\/nitraflex-pre-workout-samples-996434-768x577.webp 768w, https:\/\/perfectmass.net\/wp-content\/uploads\/2025\/11\/nitraflex-pre-workout-samples-996434-445x334.webp 445w, https:\/\/perfectmass.net\/wp-content\/uploads\/2025\/11\/nitraflex-pre-workout-samples-996434-1x1.webp 1w, https:\/\/perfectmass.net\/wp-content\/uploads\/2025\/11\/nitraflex-pre-workout-samples-996434-10x8.webp 10w, https:\/\/perfectmass.net\/wp-content\/uploads\/2025\/11\/nitraflex-pre-workout-samples-996434.webp 1200w\" sizes=\"(max-width: 300px) 100vw, 300px\" \/><p id=\"caption-attachment-21878\" class=\"wp-caption-text\">Sobres Nitraflex &#8211; Pre-Entreno <a href=\"https:\/\/gatsport.com\/\" target=\"_blank\" rel=\"noopener\">GAT Sport<\/a><\/p><\/div>\n<p>Visitar <a href=\"http:\/\/PerfectMass.net\" target=\"_blank\" rel=\"noopener\">PerfectMass.net<\/a><\/p>\n","protected":false},"excerpt":{"rendered":"<p>Pre-entreno para potenciar energ\u00eda, fuerza y concentraci\u00f3n.<\/p>\n","protected":false},"featured_media":27357,"comment_status":"open","ping_status":"closed","template":"","meta":[],"etheme_brands":[{"term_id":2547,"name":"GAT Sport","slug":"gat-sport","term_group":0,"term_taxonomy_id":2547,"taxonomy":"brand","description":"","parent":0,"count":4,"filter":"raw"}],"product_brand":[2687],"product_cat":[3668],"product_tag":[1585],"class_list":{"0":"post-27355","1":"product","2":"type-product","3":"status-publish","4":"has-post-thumbnail","6":"brand-gat-sport","7":"product_brand-gat-sport","8":"product_cat-pre","9":"product_tag-suplemento","11":"first","12":"outofstock","13":"sale","14":"taxable","15":"shipping-taxable","16":"purchasable","17":"product-type-variable"},"_links":{"self":[{"href":"https:\/\/perfectmass.net\/co\/wp-json\/wp\/v2\/product\/27355","targetHints":{"allow":["GET"]}}],"collection":[{"href":"https:\/\/perfectmass.net\/co\/wp-json\/wp\/v2\/product"}],"about":[{"href":"https:\/\/perfectmass.net\/co\/wp-json\/wp\/v2\/types\/product"}],"replies":[{"embeddable":true,"href":"https:\/\/perfectmass.net\/co\/wp-json\/wp\/v2\/comments?post=27355"}],"version-history":[{"count":1,"href":"https:\/\/perfectmass.net\/co\/wp-json\/wp\/v2\/product\/27355\/revisions"}],"predecessor-version":[{"id":31007,"href":"https:\/\/perfectmass.net\/co\/wp-json\/wp\/v2\/product\/27355\/revisions\/31007"}],"wp:featuredmedia":[{"embeddable":true,"href":"https:\/\/perfectmass.net\/co\/wp-json\/wp\/v2\/media\/27357"}],"wp:attachment":[{"href":"https:\/\/perfectmass.net\/co\/wp-json\/wp\/v2\/media?parent=27355"}],"wp:term":[{"taxonomy":"brand","embeddable":true,"href":"https:\/\/perfectmass.net\/co\/wp-json\/wp\/v2\/etheme_brands?post=27355"},{"taxonomy":"product_brand","embeddable":true,"href":"https:\/\/perfectmass.net\/co\/wp-json\/wp\/v2\/product_brand?post=27355"},{"taxonomy":"product_cat","embeddable":true,"href":"https:\/\/perfectmass.net\/co\/wp-json\/wp\/v2\/product_cat?post=27355"},{"taxonomy":"product_tag","embeddable":true,"href":"https:\/\/perfectmass.net\/co\/wp-json\/wp\/v2\/product_tag?post=27355"}],"curies":[{"name":"wp","href":"https:\/\/api.w.org\/{rel}","templated":true}]}}