{"id":27329,"date":"2025-11-26T17:52:30","date_gmt":"2025-11-26T22:52:30","guid":{"rendered":"https:\/\/perfectmass.net\/sin%20categor\u00eda\/nutrex-eaa-hydration\/"},"modified":"2026-05-02T04:50:40","modified_gmt":"2026-05-02T09:50:40","slug":"nutrex-eaa-hydration","status":"publish","type":"product","link":"https:\/\/perfectmass.net\/co\/nutricion\/aminos\/eaa\/nutrex-eaa-hydration\/","title":{"rendered":"Eaa + Hydration &#8211; NutreX"},"content":{"rendered":"<p><strong>Eaa + Hydration &#8211; NutreX<\/strong><\/p>\n<p>Aporte de amino\u00e1cidos pensado para optimizar recuperaci\u00f3n, resistencia y soporte muscular antes, durante o despu\u00e9s del entrenamiento.<\/p>\n","protected":false},"excerpt":{"rendered":"<p>Amino\u00e1cidos clave para rendir y recuperarte mejor.<\/p>\n","protected":false},"featured_media":27331,"comment_status":"open","ping_status":"closed","template":"","meta":[],"etheme_brands":[{"term_id":2608,"name":"NutreX","slug":"nutrex","term_group":0,"term_taxonomy_id":2608,"taxonomy":"brand","description":"<strong data-start=\"235\" data-end=\"260\">Nutrex:<\/strong> es una marca reconocida por su compromiso con la calidad, la innovaci\u00f3n y el rendimiento dentro del mundo de la nutrici\u00f3n deportiva. Sus productos est\u00e1n desarrollados para ayudar a deportistas y personas activas a mejorar su recuperaci\u00f3n, aumentar su energ\u00eda y alcanzar sus objetivos de forma segura y efectiva. En PerfectMassNutrition\u00ae seleccionamos lo mejor de Nutrex para ofrecerte suplementos confiables, con excelentes ingredientes y resultados comprobados, disponibles para toda Colombia y Latinoam\u00e9rica.","parent":0,"count":23,"filter":"raw"}],"product_brand":[2710],"product_cat":[3655],"product_tag":[1585],"class_list":{"0":"post-27329","1":"product","2":"type-product","3":"status-publish","4":"has-post-thumbnail","6":"brand-nutrex","7":"product_brand-nutrex","8":"product_cat-eaa","9":"product_tag-suplemento","11":"first","12":"instock","13":"sale","14":"taxable","15":"shipping-taxable","16":"purchasable","17":"product-type-variable","18":"has-default-attributes"},"_links":{"self":[{"href":"https:\/\/perfectmass.net\/co\/wp-json\/wp\/v2\/product\/27329","targetHints":{"allow":["GET"]}}],"collection":[{"href":"https:\/\/perfectmass.net\/co\/wp-json\/wp\/v2\/product"}],"about":[{"href":"https:\/\/perfectmass.net\/co\/wp-json\/wp\/v2\/types\/product"}],"replies":[{"embeddable":true,"href":"https:\/\/perfectmass.net\/co\/wp-json\/wp\/v2\/comments?post=27329"}],"version-history":[{"count":1,"href":"https:\/\/perfectmass.net\/co\/wp-json\/wp\/v2\/product\/27329\/revisions"}],"predecessor-version":[{"id":30991,"href":"https:\/\/perfectmass.net\/co\/wp-json\/wp\/v2\/product\/27329\/revisions\/30991"}],"wp:featuredmedia":[{"embeddable":true,"href":"https:\/\/perfectmass.net\/co\/wp-json\/wp\/v2\/media\/27331"}],"wp:attachment":[{"href":"https:\/\/perfectmass.net\/co\/wp-json\/wp\/v2\/media?parent=27329"}],"wp:term":[{"taxonomy":"brand","embeddable":true,"href":"https:\/\/perfectmass.net\/co\/wp-json\/wp\/v2\/etheme_brands?post=27329"},{"taxonomy":"product_brand","embeddable":true,"href":"https:\/\/perfectmass.net\/co\/wp-json\/wp\/v2\/product_brand?post=27329"},{"taxonomy":"product_cat","embeddable":true,"href":"https:\/\/perfectmass.net\/co\/wp-json\/wp\/v2\/product_cat?post=27329"},{"taxonomy":"product_tag","embeddable":true,"href":"https:\/\/perfectmass.net\/co\/wp-json\/wp\/v2\/product_tag?post=27329"}],"curies":[{"name":"wp","href":"https:\/\/api.w.org\/{rel}","templated":true}]}}