{"id":27005,"date":"2025-11-26T17:52:30","date_gmt":"2025-11-26T22:52:30","guid":{"rendered":"https:\/\/perfectmass.net\/sin%20categor\u00eda\/psychopath-pre-entreno-insane-labz\/"},"modified":"2026-04-23T13:16:07","modified_gmt":"2026-04-23T18:16:07","slug":"psychopath-pre-entreno-insane-labz","status":"publish","type":"product","link":"https:\/\/perfectmass.net\/co\/nutricion\/mas-vendidos\/psychopath-pre-entreno-insane-labz\/","title":{"rendered":"Psychopath &#8211; Pre-Entreno Insane Labz"},"content":{"rendered":"<h2>Psychopath &#8211; Pre-Entreno Insane Labz<\/h2>\n<p>Fuera del gimnasio, eres una persona normal y corriente, que se arrastra por el d\u00eda a d\u00eda, \u00a1pero DENTRO DEL GIMNASIO, la cosa cambia! Un psic\u00f3pata es una persona con una personalidad egoc\u00e9ntrica y antisocial, caracterizada por la falta de remordimiento por sus actos, la ausencia de empat\u00eda hacia los dem\u00e1s y, a menudo, tendencias criminales.<\/p>\n<p>\u00a1DENTRO DEL GIMNASIO, eres un psic\u00f3pata! Esta NUEVA f\u00f3rmula de la mente retorcida del Qu\u00edmico Loco NO ES PARA DEBILIDADES: \u00a1est\u00e1 repleta de ingredientes que garantizan MAXIMIZAR tus entrenamientos! Entre los principales beneficios de sus ingredientes activos se incluyen:<\/p>\n<p>Polvo de ra\u00edz de ginseng Panax<br \/>\n\u2022 Aumenta la energ\u00eda y la resistencia<br \/>\n\u2022 Mejora la concentraci\u00f3n mental<br \/>\n\u2022 Favorece la adaptaci\u00f3n al estr\u00e9s<\/p>\n<p>Extracto de rodiola<br \/>\n\u2022 Combate la fatiga<br \/>\n\u2022 Aumenta la fuerza y \u200b\u200bacelera la recuperaci\u00f3n<br \/>\n\u2022 Mejora el estado de \u00e1nimo y la motivaci\u00f3n<\/p>\n<p>Extracto de ra\u00edz de salvia roja<br \/>\n\u2022 Favorece la circulaci\u00f3n sangu\u00ednea<br \/>\n\u2022 Contribuye a la salud cardiovascular<br \/>\n\u2022 Antiinflamatorio<\/p>\n<p>Extracto de rauwolfia<br \/>\n\u2022 Concentraci\u00f3n y energ\u00eda excepcionales<br \/>\n\u2022 Favorece la quema de grasa termog\u00e9nica<br \/>\n\u2022 Estimula el organismo<\/p>\n<p>&nbsp;<\/p>\n<div id=\"attachment_22227\" style=\"width: 310px\" class=\"wp-caption alignnone\"><img fetchpriority=\"high\" decoding=\"async\" aria-describedby=\"caption-attachment-22227\" class=\"size-medium wp-image-22227\" src=\"https:\/\/perfectmass.net\/wp-content\/uploads\/2025\/11\/IL__Psycopath_BR-_Front_Matte_Black_Updated-300x300.webp\" alt=\"Psychopath - Pre-Entreno Insane Labz\" width=\"300\" height=\"300\" title=\"\" srcset=\"https:\/\/perfectmass.net\/wp-content\/uploads\/2025\/11\/IL__Psycopath_BR-_Front_Matte_Black_Updated-300x300.webp 300w, https:\/\/perfectmass.net\/wp-content\/uploads\/2025\/11\/IL__Psycopath_BR-_Front_Matte_Black_Updated-150x150.webp 150w, https:\/\/perfectmass.net\/wp-content\/uploads\/2025\/11\/IL__Psycopath_BR-_Front_Matte_Black_Updated-445x445.webp 445w, https:\/\/perfectmass.net\/wp-content\/uploads\/2025\/11\/IL__Psycopath_BR-_Front_Matte_Black_Updated-100x100.webp 100w, https:\/\/perfectmass.net\/wp-content\/uploads\/2025\/11\/IL__Psycopath_BR-_Front_Matte_Black_Updated-1x1.webp 1w, https:\/\/perfectmass.net\/wp-content\/uploads\/2025\/11\/IL__Psycopath_BR-_Front_Matte_Black_Updated-10x10.webp 10w, https:\/\/perfectmass.net\/wp-content\/uploads\/2025\/11\/IL__Psycopath_BR-_Front_Matte_Black_Updated.webp 600w\" sizes=\"(max-width: 300px) 100vw, 300px\" \/><p id=\"caption-attachment-22227\" class=\"wp-caption-text\">Psychopath &#8211; Pre-Entreno <a href=\"https:\/\/insanelabz.com\/\" target=\"_blank\" rel=\"noopener\">Insane Labz<\/a><\/p><\/div>\n<p>Visitar <a href=\"http:\/\/PerfectMass.net\" target=\"_blank\" rel=\"noopener\">PerfectMass.net<\/a><\/p>\n","protected":false},"excerpt":{"rendered":"<p>Energ\u00eda y enfoque para entrenar al m\u00e1ximo.<\/p>\n","protected":false},"featured_media":27007,"comment_status":"open","ping_status":"closed","template":"","meta":[],"etheme_brands":[{"term_id":2576,"name":"Insane Labz","slug":"insane-labz","term_group":0,"term_taxonomy_id":2576,"taxonomy":"brand","description":"<strong data-start=\"235\" data-end=\"260\">Insane Labz:<\/strong> es una marca reconocida por su compromiso con la calidad, la innovaci\u00f3n y el rendimiento dentro del mundo de la nutrici\u00f3n deportiva. Sus productos est\u00e1n desarrollados para ayudar a deportistas y personas activas a mejorar su recuperaci\u00f3n, aumentar su energ\u00eda y alcanzar sus objetivos de forma segura y efectiva. En PerfectMassNutrition\u00ae seleccionamos lo mejor de Insane Labz para ofrecerte suplementos confiables, con excelentes ingredientes y resultados comprobados, disponibles para toda Colombia y Latinoam\u00e9rica.","parent":0,"count":32,"filter":"raw"}],"product_brand":[2760],"product_cat":[1522,1523,1499,1524,1548],"product_tag":[1585],"class_list":{"0":"post-27005","1":"product","2":"type-product","3":"status-publish","4":"has-post-thumbnail","6":"brand-insane-labz","7":"product_brand-insane-labz","8":"product_cat-mas-vendidos","9":"product_cat-novedades","10":"product_cat-nutricion","11":"product_cat-ofertas","12":"product_cat-suplementos","13":"product_tag-suplemento","15":"first","16":"instock","17":"sale","18":"taxable","19":"shipping-taxable","20":"purchasable","21":"product-type-variable","22":"has-default-attributes"},"_links":{"self":[{"href":"https:\/\/perfectmass.net\/co\/wp-json\/wp\/v2\/product\/27005","targetHints":{"allow":["GET"]}}],"collection":[{"href":"https:\/\/perfectmass.net\/co\/wp-json\/wp\/v2\/product"}],"about":[{"href":"https:\/\/perfectmass.net\/co\/wp-json\/wp\/v2\/types\/product"}],"replies":[{"embeddable":true,"href":"https:\/\/perfectmass.net\/co\/wp-json\/wp\/v2\/comments?post=27005"}],"version-history":[{"count":1,"href":"https:\/\/perfectmass.net\/co\/wp-json\/wp\/v2\/product\/27005\/revisions"}],"predecessor-version":[{"id":30947,"href":"https:\/\/perfectmass.net\/co\/wp-json\/wp\/v2\/product\/27005\/revisions\/30947"}],"wp:featuredmedia":[{"embeddable":true,"href":"https:\/\/perfectmass.net\/co\/wp-json\/wp\/v2\/media\/27007"}],"wp:attachment":[{"href":"https:\/\/perfectmass.net\/co\/wp-json\/wp\/v2\/media?parent=27005"}],"wp:term":[{"taxonomy":"brand","embeddable":true,"href":"https:\/\/perfectmass.net\/co\/wp-json\/wp\/v2\/etheme_brands?post=27005"},{"taxonomy":"product_brand","embeddable":true,"href":"https:\/\/perfectmass.net\/co\/wp-json\/wp\/v2\/product_brand?post=27005"},{"taxonomy":"product_cat","embeddable":true,"href":"https:\/\/perfectmass.net\/co\/wp-json\/wp\/v2\/product_cat?post=27005"},{"taxonomy":"product_tag","embeddable":true,"href":"https:\/\/perfectmass.net\/co\/wp-json\/wp\/v2\/product_tag?post=27005"}],"curies":[{"name":"wp","href":"https:\/\/api.w.org\/{rel}","templated":true}]}}