{"id":26975,"date":"2025-11-26T17:52:31","date_gmt":"2025-11-26T22:52:31","guid":{"rendered":"https:\/\/perfectmass.net\/sin%20categor\u00eda\/the-surgeon-aminoacidos-insane-labz\/"},"modified":"2026-04-23T13:16:03","modified_gmt":"2026-04-23T18:16:03","slug":"the-surgeon-aminoacidos-insane-labz","status":"publish","type":"product","link":"https:\/\/perfectmass.net\/co\/nutricion\/aminos\/the-surgeon-aminoacidos-insane-labz\/","title":{"rendered":"The Surgeon &#8211; Amino\u00e1cidos Insane Labz"},"content":{"rendered":"<h2>The Surgeon &#8211; Amino\u00e1cidos Insane Labz<\/h2>\n<p>Reduce tu tiempo de recuperaci\u00f3n y vuelve a la carga.<\/p>\n<p>REPARA EL TEJIDO MUSCULAR: Despu\u00e9s de un entrenamiento intenso, tus m\u00fasculos necesitan recuperarse. Con la proporci\u00f3n \u00f3ptima de BCAA 2:1:1 de The Surgeon, dosificada en 5 g, podr\u00e1s volver al gimnasio enseguida.<\/p>\n<p>INGREDIENTES ESENCIALES: The Surgeon utiliza una potente mezcla de los mejores amino\u00e1cidos que tus m\u00fasculos necesitan para crecer y fortalecerse: L-Leucina, L-Isoleucina y L-Valina.<\/p>\n<p>\u00bfCu\u00e1ntas veces te has dicho despu\u00e9s de entrenar: &#8220;\u00a1Genial&#8230; pero mis [m\u00fasculos trabajados] est\u00e1n agotados!&#8221;? Claro, es un dolor agradable, \u00a1pero lo \u00fanico que quieres es descansar, recuperarte y volver al gimnasio! Por suerte, The Surgeon est\u00e1 aqu\u00ed para ayudarte. Este BCAA 2:1:1 viene en una dosis de 5 g por porci\u00f3n y cada sabor fue cuidadosamente perfeccionado por las manos expertas de The Mad Chemist. Haga su pedido hoy mismo y espere con inter\u00e9s su cita con el cirujano.<\/p>\n<div id=\"attachment_15526\" style=\"width: 310px\" class=\"wp-caption alignnone\"><img fetchpriority=\"high\" decoding=\"async\" aria-describedby=\"caption-attachment-15526\" class=\"size-medium wp-image-15526\" src=\"https:\/\/perfectmass.net\/wp-content\/uploads\/2025\/11\/TheSurgeonFruitPunch_WebsiteRender_1-300x300.jpg\" alt=\"The Surgeon - Amino\u00e1cidos Insane Labz\" width=\"300\" height=\"300\" title=\"\" srcset=\"https:\/\/perfectmass.net\/wp-content\/uploads\/2025\/11\/TheSurgeonFruitPunch_WebsiteRender_1-300x300.jpg 300w, https:\/\/perfectmass.net\/wp-content\/uploads\/2025\/11\/TheSurgeonFruitPunch_WebsiteRender_1-150x150.jpg 150w, https:\/\/perfectmass.net\/wp-content\/uploads\/2025\/11\/TheSurgeonFruitPunch_WebsiteRender_1-445x445.jpg 445w, https:\/\/perfectmass.net\/wp-content\/uploads\/2025\/11\/TheSurgeonFruitPunch_WebsiteRender_1-100x100.jpg 100w, https:\/\/perfectmass.net\/wp-content\/uploads\/2025\/11\/TheSurgeonFruitPunch_WebsiteRender_1-1x1.jpg 1w, https:\/\/perfectmass.net\/wp-content\/uploads\/2025\/11\/TheSurgeonFruitPunch_WebsiteRender_1-10x10.jpg 10w, https:\/\/perfectmass.net\/wp-content\/uploads\/2025\/11\/TheSurgeonFruitPunch_WebsiteRender_1.jpg 650w\" sizes=\"(max-width: 300px) 100vw, 300px\" \/><p id=\"caption-attachment-15526\" class=\"wp-caption-text\">The Surgeon &#8211; Amino\u00e1cidos <a href=\"https:\/\/insanelabz.com\/\" target=\"_blank\" rel=\"noopener\">Insane Labz<\/a><\/p><\/div>\n<p>Visitar <a href=\"http:\/\/PerfectMass.net\" target=\"_blank\" rel=\"noopener\">PerfectMass.net<\/a><\/p>\n","protected":false},"excerpt":{"rendered":"<p>Energ\u00eda y enfoque para entrenar al m\u00e1ximo.<\/p>\n","protected":false},"featured_media":26976,"comment_status":"open","ping_status":"closed","template":"","meta":[],"etheme_brands":[{"term_id":2576,"name":"Insane Labz","slug":"insane-labz","term_group":0,"term_taxonomy_id":2576,"taxonomy":"brand","description":"<strong data-start=\"235\" data-end=\"260\">Insane Labz:<\/strong> es una marca reconocida por su compromiso con la calidad, la innovaci\u00f3n y el rendimiento dentro del mundo de la nutrici\u00f3n deportiva. Sus productos est\u00e1n desarrollados para ayudar a deportistas y personas activas a mejorar su recuperaci\u00f3n, aumentar su energ\u00eda y alcanzar sus objetivos de forma segura y efectiva. En PerfectMassNutrition\u00ae seleccionamos lo mejor de Insane Labz para ofrecerte suplementos confiables, con excelentes ingredientes y resultados comprobados, disponibles para toda Colombia y Latinoam\u00e9rica.","parent":0,"count":32,"filter":"raw"}],"product_brand":[2760],"product_cat":[1513,1522,1523,1524,1546,1547,1548],"product_tag":[1585],"class_list":{"0":"post-26975","1":"product","2":"type-product","3":"status-publish","4":"has-post-thumbnail","6":"brand-insane-labz","7":"product_brand-insane-labz","8":"product_cat-aminos","9":"product_cat-mas-vendidos","10":"product_cat-novedades","11":"product_cat-ofertas","12":"product_cat-recuperacion","13":"product_cat-salud","14":"product_cat-suplementos","15":"product_tag-suplemento","17":"first","18":"instock","19":"sale","20":"taxable","21":"shipping-taxable","22":"purchasable","23":"product-type-variable","24":"has-default-attributes"},"_links":{"self":[{"href":"https:\/\/perfectmass.net\/co\/wp-json\/wp\/v2\/product\/26975","targetHints":{"allow":["GET"]}}],"collection":[{"href":"https:\/\/perfectmass.net\/co\/wp-json\/wp\/v2\/product"}],"about":[{"href":"https:\/\/perfectmass.net\/co\/wp-json\/wp\/v2\/types\/product"}],"replies":[{"embeddable":true,"href":"https:\/\/perfectmass.net\/co\/wp-json\/wp\/v2\/comments?post=26975"}],"version-history":[{"count":1,"href":"https:\/\/perfectmass.net\/co\/wp-json\/wp\/v2\/product\/26975\/revisions"}],"predecessor-version":[{"id":30927,"href":"https:\/\/perfectmass.net\/co\/wp-json\/wp\/v2\/product\/26975\/revisions\/30927"}],"wp:featuredmedia":[{"embeddable":true,"href":"https:\/\/perfectmass.net\/co\/wp-json\/wp\/v2\/media\/26976"}],"wp:attachment":[{"href":"https:\/\/perfectmass.net\/co\/wp-json\/wp\/v2\/media?parent=26975"}],"wp:term":[{"taxonomy":"brand","embeddable":true,"href":"https:\/\/perfectmass.net\/co\/wp-json\/wp\/v2\/etheme_brands?post=26975"},{"taxonomy":"product_brand","embeddable":true,"href":"https:\/\/perfectmass.net\/co\/wp-json\/wp\/v2\/product_brand?post=26975"},{"taxonomy":"product_cat","embeddable":true,"href":"https:\/\/perfectmass.net\/co\/wp-json\/wp\/v2\/product_cat?post=26975"},{"taxonomy":"product_tag","embeddable":true,"href":"https:\/\/perfectmass.net\/co\/wp-json\/wp\/v2\/product_tag?post=26975"}],"curies":[{"name":"wp","href":"https:\/\/api.w.org\/{rel}","templated":true}]}}